
{"id":30724,"date":"2021-01-22T12:47:09","date_gmt":"2021-01-22T11:47:09","guid":{"rendered":"https:\/\/stage.shop-cellularswiss.ch\/pressebereich\/"},"modified":"2021-02-19T16:27:46","modified_gmt":"2021-02-19T15:27:46","slug":"pressebereich","status":"publish","type":"page","link":"https:\/\/stage.shop-cellularswiss.ch\/de\/pressebereich\/","title":{"rendered":"PRESSEBEREICH"},"content":{"rendered":"<p>[et_pb_section fb_built=&#8220;1&#8243; admin_label=&#8220;About&#8220; _builder_version=&#8220;4.7.0&#8243; use_background_color_gradient=&#8220;on&#8220; background_color_gradient_start=&#8220;rgba(255,255,255,0)&#8220; background_color_gradient_end=&#8220;#ffffff&#8220; background_color_gradient_direction=&#8220;90deg&#8220; background_color_gradient_end_position=&#8220;50%&#8220; background_color_gradient_overlays_image=&#8220;on&#8220; background_enable_image=&#8220;off&#8220; background_position=&#8220;center_right&#8220;][et_pb_row column_structure=&#8220;1_2,1_2&#8243; _builder_version=&#8220;3.25&#8243; custom_margin=&#8220;|auto|-81px|auto||&#8220;][et_pb_column type=&#8220;1_2&#8243; _builder_version=&#8220;3.25&#8243; custom_padding=&#8220;|||&#8220; custom_padding__hover=&#8220;|||&#8220;][et_pb_text _builder_version=&#8220;4.7.0&#8243; text_font=&#8220;Roboto||||||||&#8220; text_font_size=&#8220;16px&#8220; text_line_height=&#8220;1.8em&#8220; link_font=&#8220;Montserrat|700|||||||&#8220; link_text_color=&#8220;#fa546d&#8220; link_font_size=&#8220;22px&#8220; link_line_height=&#8220;1.5em&#8220; header_font=&#8220;Roboto||||||||&#8220; header_2_font=&#8220;Montserrat|700||||on|||&#8220; header_2_font_size=&#8220;40px&#8220; header_2_line_height=&#8220;1.4em&#8220; header_6_font=&#8220;Roboto|600||on|||||&#8220; header_6_text_color=&#8220;#E40238&#8243; header_6_font_size=&#8220;16px&#8220; header_6_letter_spacing=&#8220;2px&#8220; header_6_line_height=&#8220;1.5em&#8220; max_width_last_edited=&#8220;off|desktop&#8220; module_alignment=&#8220;left&#8220; custom_margin=&#8220;|||&#8220; custom_padding=&#8220;|||&#8220; header_2_font_size_tablet=&#8220;&#8220; header_2_font_size_phone=&#8220;24px&#8220; header_2_font_size_last_edited=&#8220;on|phone&#8220;]<\/p>\n<h6>PRESSEBEREICH<\/h6>\n<h2>WILLKOMMEN IM PRESSEBEREICH VON CELLULARLINE! <\/h2>\n<p>Unser Presseb\u00fcro steht Journalisten und Bloggern zur vollst\u00e4ndigen Verf\u00fcgung, wenn sie Informationen und Pressemitteilungen \u00fcber Initiativen, Veranstaltungen und Neuheiten aus der Welt von Cellularline erhalten m\u00f6chten.<br \/>\nBitte wenden Sie sich an unsere Verantwortlichen, die Ihre Anfragen so rasch wie m\u00f6glich beantworten werden.\n<\/p>\n<p>[\/et_pb_text][et_pb_text _builder_version=&#8220;4.7.0&#8243; text_font=&#8220;Roboto||||||||&#8220; text_font_size=&#8220;16px&#8220; text_line_height=&#8220;1.8em&#8220; link_font=&#8220;Montserrat|700|||||||&#8220; link_text_color=&#8220;#fa546d&#8220; link_font_size=&#8220;22px&#8220; link_line_height=&#8220;1.5em&#8220; header_font=&#8220;Roboto||||||||&#8220; header_2_font=&#8220;Montserrat|700||||on|||&#8220; header_2_font_size=&#8220;40px&#8220; header_2_line_height=&#8220;1.4em&#8220; header_6_font=&#8220;Roboto|600||on|||||&#8220; header_6_text_color=&#8220;#E40238&#8243; header_6_font_size=&#8220;16px&#8220; header_6_letter_spacing=&#8220;2px&#8220; header_6_line_height=&#8220;1.5em&#8220; max_width_last_edited=&#8220;off|desktop&#8220; module_alignment=&#8220;left&#8220; custom_margin=&#8220;|||&#8220; custom_padding=&#8220;|||&#8220; header_2_font_size_tablet=&#8220;&#8220; header_2_font_size_phone=&#8220;24px&#8220; header_2_font_size_last_edited=&#8220;on|phone&#8220;]<\/p>\n<h6><\/h6>\n<p>&nbsp;<\/p>\n<p>&nbsp;<\/p>\n<p><span style=\"color: #333333; font-family: Montserrat, Helvetica, Arial, Lucida, sans-serif; font-size: 40px; font-variant-caps: small-caps; font-weight: bold;\"><\/span><\/p>\n<p><span style=\"color: #333333; font-family: Montserrat, Helvetica, Arial, Lucida, sans-serif; font-size: 40px; font-variant-caps: small-caps; font-weight: bold;\">N\u00fctzliches Dokument<\/span><\/p>\n<p><span style=\"color: #333333; font-family: Montserrat, Helvetica, Arial, Lucida, sans-serif; font-size: 40px; font-variant-caps: small-caps; font-weight: bold;\"><\/span><\/p>\n<p><span style=\"color: #333333; font-family: Montserrat, Helvetica, Arial, Lucida, sans-serif; font-size: 40px; font-variant-caps: small-caps; font-weight: bold;\"><\/span><\/p>\n<p>[\/et_pb_text][\/et_pb_column][et_pb_column type=&#8220;1_2&#8243; _builder_version=&#8220;3.25&#8243; custom_padding=&#8220;|||&#8220; custom_padding__hover=&#8220;|||&#8220;][et_pb_image src=&#8220;https:\/\/stage.shop-cellularswiss.ch\/wp-content\/uploads\/2021\/01\/cellular-audio-sport-mega-menu.jpg&#8220; title_text=&#8220;cellular-audio-sport-mega-menu&#8220; disabled_on=&#8220;on|on|off&#8220; _builder_version=&#8220;4.8.1&#8243; _module_preset=&#8220;default&#8220;][\/et_pb_image][\/et_pb_column][\/et_pb_row][et_pb_row _builder_version=&#8220;4.8.1&#8243; _module_preset=&#8220;default&#8220;][et_pb_column type=&#8220;4_4&#8243; _builder_version=&#8220;4.8.1&#8243; _module_preset=&#8220;default&#8220;][et_pb_accordion _builder_version=&#8220;4.8.1&#8243; _module_preset=&#8220;default&#8220; hover_enabled=&#8220;0&#8243; sticky_enabled=&#8220;0&#8243;][et_pb_accordion_item title=&#8220;CELLULARLINE TURNS 30 REVOLUTION INTO THE FUTURE&#8220; open=&#8220;on&#8220; _builder_version=&#8220;4.8.1&#8243; _module_preset=&#8220;default&#8220; hover_enabled=&#8220;0&#8243; sticky_enabled=&#8220;0&#8243;]<\/p>\n<p><a href=\"https:\/\/stage.shop-cellularswiss.ch\/wp-content\/uploads\/2021\/01\/Cellularline-compie-30-anni.-REVOLUTION-verso-il-futuro_EN.pdf\">Laden Sie das Dokument herunter<\/a><\/p>\n<p>[\/et_pb_accordion_item][et_pb_accordion_item title=&#8220;CELLULARLINE PRESENTS Hi-GENS, THE NEW UV-C RAY STERILIZER &#8220; _builder_version=&#8220;4.8.1&#8243; _module_preset=&#8220;default&#8220; hover_enabled=&#8220;0&#8243; open=&#8220;off&#8220; sticky_enabled=&#8220;0&#8243;]<\/p>\n<p><a href=\"https:\/\/stage.shop-cellularswiss.ch\/wp-content\/uploads\/2021\/01\/COS_HI_Gens_ENG.pdf\">Laden Sie das Dokument herunter<\/a><\/p>\n<p>[\/et_pb_accordion_item][\/et_pb_accordion][\/et_pb_column][\/et_pb_row][et_pb_row _builder_version=&#8220;4.8.1&#8243; _module_preset=&#8220;default&#8220;][et_pb_column type=&#8220;4_4&#8243; _builder_version=&#8220;4.8.1&#8243; _module_preset=&#8220;default&#8220;][et_pb_accordion _builder_version=&#8220;4.8.1&#8243; _module_preset=&#8220;default&#8220; hover_enabled=&#8220;0&#8243; sticky_enabled=&#8220;0&#8243;][et_pb_accordion_item title=&#8220;CELLULARLINE AND MICROBAN\u00ae TEAM UP TO CREATE CASES AND GLASSES PRODUCT LINE FEATURINGINTEGRATED ANTIMICROBIAL TECHNOLOGY &#8220; _builder_version=&#8220;4.8.1&#8243; _module_preset=&#8220;default&#8220; hover_enabled=&#8220;0&#8243; open=&#8220;on&#8220; sticky_enabled=&#8220;0&#8243;]<\/p>\n<p><a href=\"https:\/\/stage.shop-cellularswiss.ch\/wp-content\/uploads\/2021\/01\/COS_Microban_EN.pdf\">Laden Sie das Dokument herunter<\/a><\/p>\n<p>[\/et_pb_accordion_item][et_pb_accordion_item title=&#8220;CELLULARLINE SIGNS A THREE-YEAR AGREEMENT FOR THE CO-DESIGN, PRODUCTION AND DISTRIBUTIONOF ALTEC LANSING AUDIO PRODUCTS IN THE EUROPEAN MARKET &#8220; open=&#8220;off&#8220; _builder_version=&#8220;4.8.1&#8243; _module_preset=&#8220;default&#8220; hover_enabled=&#8220;0&#8243; sticky_enabled=&#8220;0&#8243;]<\/p>\n<p><a href=\"https:\/\/stage.shop-cellularswiss.ch\/wp-content\/uploads\/2021\/01\/COS_Altec-Lansing_ENG.pdf\">Laden Sie das Dokument herunter<\/a><\/p>\n<p>[\/et_pb_accordion_item][\/et_pb_accordion][\/et_pb_column][\/et_pb_row][\/et_pb_section]<\/p>\n","protected":false},"excerpt":{"rendered":"<p>PRESSEBEREICH WILLKOMMEN IM PRESSEBEREICH VON CELLULARLINE! Unser Presseb\u00fcro steht Journalisten und Bloggern zur vollst\u00e4ndigen Verf\u00fcgung, wenn sie Informationen und Pressemitteilungen \u00fcber Initiativen, Veranstaltungen und Neuheiten aus der Welt von Cellularline erhalten m\u00f6chten. Bitte wenden Sie sich an unsere Verantwortlichen, die Ihre Anfragen so rasch wie m\u00f6glich beantworten werden. &nbsp; &nbsp; N\u00fctzliches Dokument Laden Sie das [&hellip;]<\/p>\n","protected":false},"author":1,"featured_media":0,"parent":0,"menu_order":0,"comment_status":"closed","ping_status":"closed","template":"","meta":{"_et_pb_use_builder":"on","_et_pb_old_content":"","_et_gb_content_width":""},"_links":{"self":[{"href":"https:\/\/stage.shop-cellularswiss.ch\/de\/wp-json\/wp\/v2\/pages\/30724"}],"collection":[{"href":"https:\/\/stage.shop-cellularswiss.ch\/de\/wp-json\/wp\/v2\/pages"}],"about":[{"href":"https:\/\/stage.shop-cellularswiss.ch\/de\/wp-json\/wp\/v2\/types\/page"}],"author":[{"embeddable":true,"href":"https:\/\/stage.shop-cellularswiss.ch\/de\/wp-json\/wp\/v2\/users\/1"}],"replies":[{"embeddable":true,"href":"https:\/\/stage.shop-cellularswiss.ch\/de\/wp-json\/wp\/v2\/comments?post=30724"}],"version-history":[{"count":8,"href":"https:\/\/stage.shop-cellularswiss.ch\/de\/wp-json\/wp\/v2\/pages\/30724\/revisions"}],"predecessor-version":[{"id":32743,"href":"https:\/\/stage.shop-cellularswiss.ch\/de\/wp-json\/wp\/v2\/pages\/30724\/revisions\/32743"}],"wp:attachment":[{"href":"https:\/\/stage.shop-cellularswiss.ch\/de\/wp-json\/wp\/v2\/media?parent=30724"}],"curies":[{"name":"wp","href":"https:\/\/api.w.org\/{rel}","templated":true}]}}