
{"id":30782,"date":"2021-01-28T09:10:14","date_gmt":"2021-01-28T08:10:14","guid":{"rendered":"https:\/\/stage.shop-cellularswiss.ch\/qualitaets-dna\/"},"modified":"2021-03-04T13:48:05","modified_gmt":"2021-03-04T12:48:05","slug":"qualitaets-dna","status":"publish","type":"page","link":"https:\/\/stage.shop-cellularswiss.ch\/de\/qualitaets-dna\/","title":{"rendered":"Qualit\u00e4ts-DNA"},"content":{"rendered":"<p>[et_pb_section fb_built=&#8220;1&#8243; admin_label=&#8220;Hero&#8220; _builder_version=&#8220;4.8.1&#8243; background_enable_color=&#8220;off&#8220; use_background_color_gradient=&#8220;on&#8220; background_color_gradient_start=&#8220;rgba(0,46,79,0.67)&#8220; background_color_gradient_end=&#8220;rgba(8,70,102,0.51)&#8220; background_color_gradient_direction=&#8220;170deg&#8220; background_color_gradient_start_position=&#8220;1%&#8220; background_color_gradient_overlays_image=&#8220;on&#8220; background_image=&#8220;https:\/\/stage.shop-cellularswiss.ch\/wp-content\/uploads\/2021\/01\/cellularline-quality-dna-compress-e1610364417282.jpg&#8220; min_height=&#8220;329.2px&#8220; custom_margin=&#8220;||2px|||&#8220; custom_padding=&#8220;93px||148px|||&#8220;][et_pb_row _builder_version=&#8220;4.8.1&#8243; background_size=&#8220;initial&#8220; background_position=&#8220;top_left&#8220; background_repeat=&#8220;repeat&#8220; custom_margin=&#8220;76px|auto|-101px|auto||&#8220; custom_padding=&#8220;57px|0px|157px|0px|false|false&#8220;][et_pb_column type=&#8220;4_4&#8243; _builder_version=&#8220;3.25&#8243; custom_padding=&#8220;|||&#8220; custom_padding__hover=&#8220;|||&#8220;][et_pb_text _builder_version=&#8220;4.8.1&#8243; text_font=&#8220;||||||||&#8220; text_font_size=&#8220;20px&#8220; text_line_height=&#8220;1.8em&#8220; header_font=&#8220;Montserrat|800|||||||&#8220; header_font_size=&#8220;60px&#8220; header_line_height=&#8220;1.3em&#8220; header_2_font=&#8220;Montserrat|800|||||||&#8220; header_2_font_size=&#8220;60px&#8220; header_2_line_height=&#8220;1.3em&#8220; header_4_font=&#8220;Montserrat||||||||&#8220; header_4_font_size=&#8220;20px&#8220; background_size=&#8220;initial&#8220; background_position=&#8220;top_left&#8220; background_repeat=&#8220;repeat&#8220; background_layout=&#8220;dark&#8220; max_width=&#8220;600px&#8220; custom_margin=&#8220;|||&#8220; custom_margin_tablet=&#8220;|100px||&#8220; custom_margin_phone=&#8220;|30px||&#8220; custom_margin_last_edited=&#8220;off|desktop&#8220; header_font_size_tablet=&#8220;50px&#8220; header_font_size_phone=&#8220;40px&#8220; header_font_size_last_edited=&#8220;on|phone&#8220; header_line_height_tablet=&#8220;&#8220; header_line_height_phone=&#8220;&#8220; header_line_height_last_edited=&#8220;on|desktop&#8220;]<\/p>\n<h4>Qualit\u00e4ts-DNA<\/h4>\n<h2>Qualit\u00e4t ist unser bester Ausdruck<\/h2>\n<p>[\/et_pb_text][\/et_pb_column][\/et_pb_row][\/et_pb_section][et_pb_section fb_built=&#8220;1&#8243; admin_label=&#8220;About&#8220; _builder_version=&#8220;4.7.0&#8243; use_background_color_gradient=&#8220;on&#8220; background_color_gradient_start=&#8220;rgba(255,255,255,0)&#8220; background_color_gradient_end=&#8220;#ffffff&#8220; background_color_gradient_direction=&#8220;90deg&#8220; background_color_gradient_end_position=&#8220;50%&#8220; background_color_gradient_overlays_image=&#8220;on&#8220; background_image=&#8220;https:\/\/stage.shop-cellularswiss.ch\/wp-content\/uploads\/2021\/01\/cellular-quality-adn-about-cropped.jpg&#8220; background_position=&#8220;center_left&#8220;][et_pb_row column_structure=&#8220;1_2,1_2&#8243; _builder_version=&#8220;3.25&#8243;][et_pb_column type=&#8220;1_2&#8243; _builder_version=&#8220;3.25&#8243; custom_padding=&#8220;|||&#8220; custom_padding__hover=&#8220;|||&#8220;][\/et_pb_column][et_pb_column type=&#8220;1_2&#8243; _builder_version=&#8220;3.25&#8243; custom_padding=&#8220;|||&#8220; custom_padding__hover=&#8220;|||&#8220;][et_pb_text _builder_version=&#8220;4.7.0&#8243; text_font=&#8220;Roboto||||||||&#8220; text_font_size=&#8220;16px&#8220; text_line_height=&#8220;1.8em&#8220; link_font=&#8220;Montserrat|700|||||||&#8220; link_text_color=&#8220;#fa546d&#8220; link_font_size=&#8220;22px&#8220; link_line_height=&#8220;1.5em&#8220; header_font=&#8220;Roboto||||||||&#8220; header_2_font=&#8220;Roboto|700||||on|||&#8220; header_2_font_size=&#8220;40px&#8220; header_2_line_height=&#8220;1.4em&#8220; header_6_font=&#8220;Roboto|600||on|||||&#8220; header_6_text_color=&#8220;#E40238&#8243; header_6_font_size=&#8220;16px&#8220; header_6_letter_spacing=&#8220;2px&#8220; header_6_line_height=&#8220;1.5em&#8220; max_width_last_edited=&#8220;off|desktop&#8220; module_alignment=&#8220;left&#8220; custom_margin=&#8220;|||&#8220; custom_padding=&#8220;|||&#8220; header_2_font_size_tablet=&#8220;&#8220; header_2_font_size_phone=&#8220;24px&#8220; header_2_font_size_last_edited=&#8220;on|phone&#8220;]<\/p>\n<h6>Qualit\u00e4ts-DNA<\/h6>\n<h2>Qualit\u00e4t in unserer DNA.<\/h2>\n<p>Leidenschaft, Ernsthaftigkeit und Spa\u00df f\u00fcr das, was wir tun, sind in unserer DNA geschrieben, dem Markenzeichen, das Cellularline wirklich auszeichnet.<\/p>\n<p>[\/et_pb_text][et_pb_text _builder_version=&#8220;4.7.0&#8243; _module_preset=&#8220;default&#8220;]<\/p>\n<h3>\nFunktionalit\u00e4t, Zuverl\u00e4ssigkeit, Sicherheit und Transparenz<\/h3>\n<p>sorgen daf\u00fcr, dass unsere Produkte originell, wiedererkennbar und anders als die anderen sind.<\/p>\n<p>[\/et_pb_text][et_pb_text _builder_version=&#8220;4.8.1&#8243; _module_preset=&#8220;default&#8220; hover_enabled=&#8220;0&#8243; sticky_enabled=&#8220;0&#8243;]<\/p>\n<h3>\nFunktionalit\u00e4t<\/h3>\n<p>Unsere Produkte vereinfachen die t\u00e4gliche Nutzung des Smartphones und bauen sie gleichzeitig aus. Die Menschen und ihre Gewohnheiten legen das Design, die Merkmale und Details unseres Zubeh\u00f6rs fest. Deshalb arbeiten wir daran, es funktional, praktisch und angenehm im Gebrauch zu gestalten.\n<\/p>\n<p>[\/et_pb_text][et_pb_text _builder_version=&#8220;4.7.0&#8243; _module_preset=&#8220;default&#8220;]<\/p>\n<h3>ZUVERL\u00c4SSIGKEIT<\/h3>\n<p>\nDie Auswahl der Materialien, die sorgsame Verarbeitung und das erlesene Finish sind die grundlegenden Zutaten, die unser Zubeh\u00f6r n\u00fctzlich und best\u00e4ndig machen. Jedes Smartphone ist einmalig und komplex. Mit unserem Wissen zu allen Merkmalen und zum Design sind wir in der Lage, ma\u00dfgeschneidertes und spezielles Zubeh\u00f6r zu entwerfen.<\/p>\n<p>[\/et_pb_text][et_pb_text _builder_version=&#8220;4.7.0&#8243; _module_preset=&#8220;default&#8220;]<\/p>\n<h3>\nSicherheit<\/h3>\n<p>\nJedes Produkt wurde entwickelt, um das Smartphone und seine Benutzer zu sch\u00fctzen und dabei stets die h\u00f6chsten Standards zu wahren. Durch strenge Pr\u00fcfungen stehen wir f\u00fcr die Leistungen und Sicherheit unseres Zubeh\u00f6rs ein.\n<\/p>\n<p>[\/et_pb_text][et_pb_text _builder_version=&#8220;4.7.0&#8243; _module_preset=&#8220;default&#8220;]<\/p>\n<h3>Transparenz<\/h3>\n<p>\nAuf der Website, auf den Verpackungen und in den Anleitungen, sagen wir stets alles klar, kompetent und zuverl\u00e4ssig, ohne uns mit Merkmalen zu r\u00fchmen, die wir nicht gew\u00e4hrleisten k\u00f6nnen.<\/p>\n<p>[\/et_pb_text][\/et_pb_column][\/et_pb_row][et_pb_row column_structure=&#8220;1_2,1_2&#8243; _builder_version=&#8220;3.25&#8243;][et_pb_column type=&#8220;1_2&#8243; _builder_version=&#8220;3.25&#8243; custom_padding=&#8220;|||&#8220; custom_padding__hover=&#8220;|||&#8220;][\/et_pb_column][et_pb_column type=&#8220;1_2&#8243; _builder_version=&#8220;3.25&#8243; custom_padding=&#8220;|||&#8220; custom_padding__hover=&#8220;|||&#8220;][\/et_pb_column][\/et_pb_row][\/et_pb_section][et_pb_section fb_built=&#8220;1&#8243; _builder_version=&#8220;4.7.0&#8243; _module_preset=&#8220;default&#8220;][et_pb_row _builder_version=&#8220;4.7.0&#8243; _module_preset=&#8220;default&#8220;][et_pb_column type=&#8220;4_4&#8243; _builder_version=&#8220;4.7.0&#8243; _module_preset=&#8220;default&#8220;][et_pb_video src=&#8220;https:\/\/www.youtube.com\/watch?v=YRJUADKGPUI&#038;feature=emb_title&#8220; _builder_version=&#8220;4.7.0&#8243; _module_preset=&#8220;default&#8220;][\/et_pb_video][\/et_pb_column][\/et_pb_row][\/et_pb_section][et_pb_section fb_built=&#8220;1&#8243; _builder_version=&#8220;4.7.0&#8243; background_color=&#8220;#f4f4f4&#8243; custom_padding=&#8220;|||&#8220;][et_pb_row column_structure=&#8220;1_3,2_3&#8243; _builder_version=&#8220;3.25&#8243;][et_pb_column type=&#8220;1_3&#8243; _builder_version=&#8220;3.25&#8243; custom_padding=&#8220;30px|||&#8220; custom_padding_tablet=&#8220;0px|||&#8220; custom_padding_phone=&#8220;&#8220; custom_padding_last_edited=&#8220;on|tablet&#8220; padding_tablet=&#8220;0px|||&#8220; padding_last_edited=&#8220;on|tablet&#8220; custom_padding__hover=&#8220;|||&#8220;][et_pb_text _builder_version=&#8220;4.7.0&#8243; text_font=&#8220;Roboto||||||||&#8220; text_font_size=&#8220;16px&#8220; text_line_height=&#8220;1.8em&#8220; link_font=&#8220;Montserrat|700|||||||&#8220; link_text_color=&#8220;#fa546d&#8220; link_font_size=&#8220;22px&#8220; link_line_height=&#8220;1.5em&#8220; header_font=&#8220;Roboto||||||||&#8220; header_2_font=&#8220;Montserrat|700||||on|||&#8220; header_2_font_size=&#8220;40px&#8220; header_2_line_height=&#8220;1.4em&#8220; header_6_font=&#8220;Roboto|600||on|||||&#8220; header_6_text_color=&#8220;#E40238&#8243; header_6_font_size=&#8220;16px&#8220; header_6_letter_spacing=&#8220;2px&#8220; header_6_line_height=&#8220;1.5em&#8220; max_width_last_edited=&#8220;off|desktop&#8220; module_alignment=&#8220;left&#8220; custom_margin=&#8220;|||&#8220; custom_padding=&#8220;|||&#8220; header_2_font_size_tablet=&#8220;&#8220; header_2_font_size_phone=&#8220;24px&#8220; header_2_font_size_last_edited=&#8220;on|phone&#8220;]<\/p>\n<h6>Qualit\u00e4ts-DNA<\/h6>\n<h2>Protection &amp; style<\/h2>\n<p>[\/et_pb_text][et_pb_text _builder_version=&#8220;4.7.0&#8243; _module_preset=&#8220;default&#8220;]<\/p>\n<p><span><br \/>\nEs liegt in unserer Natur: Wir neigen dazu, das zu sch\u00fctzen, was uns wichtig ist.<br \/>\n<\/span><\/p>\n<p><span>Uns allen ist schon einmal das Smartphone heruntergefallen und es w\u00e4re fast kaputt gegangen.<\/ span> <\/ p><\/p>\n<p> <span><br \/>\nCellularline kennt das nur zu gut und hat eine Palette an Gl\u00e4sern und H\u00fcllen entwickelt, die das Telefon aufs Beste sch\u00fctzen, ohne die Funktionen und die Ergonomie zu beeintr\u00e4chtigen.<\/span><\/p>\n<p>[\/et_pb_text][\/et_pb_column][et_pb_column type=&#8220;2_3&#8243; _builder_version=&#8220;3.25&#8243; custom_padding=&#8220;|||&#8220; custom_padding__hover=&#8220;|||&#8220;][et_pb_image src=&#8220;https:\/\/stage.shop-cellularswiss.ch\/wp-content\/uploads\/2021\/01\/cellular-protectionstyle-dna.jpg&#8220; title_text=&#8220;cellular-protectionstyle-dna&#8220; _builder_version=&#8220;4.7.0&#8243; _module_preset=&#8220;default&#8220;][\/et_pb_image][\/et_pb_column][\/et_pb_row][et_pb_row column_structure=&#8220;2_3,1_3&#8243; _builder_version=&#8220;3.25&#8243;][et_pb_column type=&#8220;2_3&#8243; _builder_version=&#8220;3.25&#8243; custom_padding=&#8220;30px|||&#8220; custom_padding_tablet=&#8220;0px|||&#8220; custom_padding_phone=&#8220;&#8220; custom_padding_last_edited=&#8220;on|tablet&#8220; padding_tablet=&#8220;0px|||&#8220; padding_last_edited=&#8220;on|tablet&#8220; custom_padding__hover=&#8220;|||&#8220;][et_pb_image src=&#8220;https:\/\/stage.shop-cellularswiss.ch\/wp-content\/uploads\/2021\/01\/cellular-dna-chargesutilites.jpg&#8220; title_text=&#8220;cellular-dna-chargesutilites&#8220; _builder_version=&#8220;4.7.0&#8243; _module_preset=&#8220;default&#8220;][\/et_pb_image][\/et_pb_column][et_pb_column type=&#8220;1_3&#8243; _builder_version=&#8220;3.25&#8243; custom_padding=&#8220;|||&#8220; custom_padding__hover=&#8220;|||&#8220;][et_pb_text _builder_version=&#8220;4.7.0&#8243; text_font=&#8220;Roboto||||||||&#8220; text_font_size=&#8220;16px&#8220; text_line_height=&#8220;1.8em&#8220; link_font=&#8220;Montserrat|700|||||||&#8220; link_text_color=&#8220;#fa546d&#8220; link_font_size=&#8220;22px&#8220; link_line_height=&#8220;1.5em&#8220; header_font=&#8220;Roboto||||||||&#8220; header_2_font=&#8220;Montserrat|700||||on|||&#8220; header_2_font_size=&#8220;40px&#8220; header_2_line_height=&#8220;1.4em&#8220; header_6_font=&#8220;Roboto|600||on|||||&#8220; header_6_text_color=&#8220;#E40238&#8243; header_6_font_size=&#8220;16px&#8220; header_6_letter_spacing=&#8220;2px&#8220; header_6_line_height=&#8220;1.5em&#8220; max_width_last_edited=&#8220;off|desktop&#8220; module_alignment=&#8220;left&#8220; custom_margin=&#8220;|||&#8220; custom_padding=&#8220;|||&#8220; header_2_font_size_tablet=&#8220;&#8220; header_2_font_size_phone=&#8220;24px&#8220; header_2_font_size_last_edited=&#8220;on|phone&#8220;]<\/p>\n<h6>\nQualit\u00e4ts-DNA<\/h6>\n<h2>\nLADEGERATE &#038; ZUBEHOR<\/h2>\n<p>[\/et_pb_text][et_pb_text _builder_version=&#8220;4.7.0&#8243; _module_preset=&#8220;default&#8220;]<\/p>\n<p><span>Das Smartphone ist ein unerl\u00e4ssliches Ger\u00e4t, das stets griff- und einsatzbereit sein muss.<\/span><\/p>\n<p><span><br \/>\nSicher ist es jedem schon einmal passiert, dass der Akku leer war, als man gerade ein sch\u00f6nes Erinnerungsbild schie\u00dfen oder eine wichtige berufliche E-Mail versenden wollte. <\/ Span> <\/ p><\/p>\n<p> <span><br \/>\nDeshalb steht dir Cellularline stets mit der umfassendsten, zuverl\u00e4ssigsten und leistungsst\u00e4rksten Palette an Ladeger\u00e4ten, Kfz-Zubeh\u00f6r und Kabeln zur Seite.<br \/>\n<\/span><\/p>\n<p>[\/et_pb_text][\/et_pb_column][\/et_pb_row][et_pb_row column_structure=&#8220;1_3,2_3&#8243; _builder_version=&#8220;3.25&#8243;][et_pb_column type=&#8220;1_3&#8243; _builder_version=&#8220;3.25&#8243; custom_padding=&#8220;30px|||&#8220; custom_padding_tablet=&#8220;0px|||&#8220; custom_padding_phone=&#8220;&#8220; custom_padding_last_edited=&#8220;on|tablet&#8220; padding_tablet=&#8220;0px|||&#8220; padding_last_edited=&#8220;on|tablet&#8220; custom_padding__hover=&#8220;|||&#8220;][et_pb_text _builder_version=&#8220;4.7.0&#8243; text_font=&#8220;Roboto||||||||&#8220; text_font_size=&#8220;16px&#8220; text_line_height=&#8220;1.8em&#8220; link_font=&#8220;Montserrat|700|||||||&#8220; link_text_color=&#8220;#fa546d&#8220; link_font_size=&#8220;22px&#8220; link_line_height=&#8220;1.5em&#8220; header_font=&#8220;Roboto||||||||&#8220; header_2_font=&#8220;Montserrat|700||||on|||&#8220; header_2_font_size=&#8220;40px&#8220; header_2_line_height=&#8220;1.4em&#8220; header_6_font=&#8220;Roboto|600||on|||||&#8220; header_6_text_color=&#8220;#E40238&#8243; header_6_font_size=&#8220;16px&#8220; header_6_letter_spacing=&#8220;2px&#8220; header_6_line_height=&#8220;1.5em&#8220; max_width_last_edited=&#8220;off|desktop&#8220; module_alignment=&#8220;left&#8220; custom_margin=&#8220;|||&#8220; custom_padding=&#8220;|||&#8220; header_2_font_size_tablet=&#8220;&#8220; header_2_font_size_phone=&#8220;24px&#8220; header_2_font_size_last_edited=&#8220;on|phone&#8220;]<\/p>\n<h6>Qualit\u00e4ts-DNA<\/h6>\n<h2>AUDIO &#038; SPORT<\/h2>\n<p>[\/et_pb_text][et_pb_text _builder_version=&#8220;4.7.0&#8243; _module_preset=&#8220;default&#8220;]<\/p>\n<p><span>Musik und Bewegung sind wichtige Bestandteile unseres Lebens.<\/span><\/p>\n<p><span>F\u00fcr uns ist es wichtig, hochwertiges Zubeh\u00f6r zu bieten, damit du jeden Tag einzigartige Erfahrungen sammeln kannst &#8211;<\/span><\/p>\n<p><span>ob es darum geht, Sport zu treiben, deine Lieblingsmusik zu h\u00f6ren oder beides zusammen.<\/p>\n<p>.<\/span><\/p>\n<p>[\/et_pb_text][\/et_pb_column][et_pb_column type=&#8220;2_3&#8243; _builder_version=&#8220;3.25&#8243; custom_padding=&#8220;|||&#8220; custom_padding__hover=&#8220;|||&#8220;][et_pb_image src=&#8220;https:\/\/stage.shop-cellularswiss.ch\/wp-content\/uploads\/2021\/01\/cellular-dna-voixetsport.jpg&#8220; title_text=&#8220;cellular-dna-voixetsport&#8220; _builder_version=&#8220;4.7.0&#8243; _module_preset=&#8220;default&#8220;][\/et_pb_image][\/et_pb_column][\/et_pb_row][\/et_pb_section][et_pb_section fb_built=&#8220;1&#8243; admin_label=&#8220;Trusted By&#8220; _builder_version=&#8220;4.7.0&#8243; background_color=&#8220;#e40238&#8243; module_alignment=&#8220;right&#8220; custom_padding=&#8220;100px|0px|100px|0px|true|false&#8220;][et_pb_row column_structure=&#8220;2_3,1_3&#8243; _builder_version=&#8220;4.7.0&#8243;][et_pb_column type=&#8220;2_3&#8243; _builder_version=&#8220;3.25&#8243; custom_padding=&#8220;|||&#8220; custom_padding__hover=&#8220;|||&#8220;][et_pb_text _builder_version=&#8220;4.8.1&#8243; text_font=&#8220;Montserrat||||||||&#8220; text_font_size=&#8220;16px&#8220; text_line_height=&#8220;1.8em&#8220; header_font=&#8220;||||||||&#8220; header_2_font=&#8220;Montserrat|700||||on|||&#8220; header_2_font_size=&#8220;40px&#8220; header_2_line_height=&#8220;1.4em&#8220; header_6_font=&#8220;Montserrat|600||on|||||&#8220; header_6_font_size=&#8220;16px&#8220; header_6_letter_spacing=&#8220;2px&#8220; header_6_line_height=&#8220;1.5em&#8220; background_layout=&#8220;dark&#8220; custom_margin=&#8220;|||&#8220; header_2_font_size_tablet=&#8220;&#8220; header_2_font_size_phone=&#8220;24px&#8220; header_2_font_size_last_edited=&#8220;on|phone&#8220;]<\/p>\n<h6> Zertifizierung <\/ h6><\/p>\n<h2>FIRMENZERTIFIZIERUNG ISO 9001:2015<br \/>\n<\/h2>\n<p>Die Betriebsverfahren und -aktivit\u00e4ten von Cellularline S.p.A. sind durch die Zertifizierung UNI EN ISO 9001:2015 bescheinigt, mit folgendem Anwendungsfeld: \u201cDesign, Planungsmanagement, Vermarktung unter eigener Marke und Kundendienst f\u00fcr Zubeh\u00f6rteile f\u00fcr Mobiltelefone und Multimediager\u00e4te.\u201d[\/et_pb_text][\/et_pb_column][et_pb_column type=&#8220;1_3&#8243; _builder_version=&#8220;3.25&#8243; custom_padding=&#8220;|||&#8220; custom_padding__hover=&#8220;|||&#8220;][et_pb_image src=&#8220;https:\/\/stage.shop-cellularswiss.ch\/wp-content\/uploads\/2021\/01\/cellular-dna-certificat.jpg&#8220; title_text=&#8220;cellular-dna-certificat&#8220; align_tablet=&#8220;center&#8220; align_phone=&#8220;&#8220; align_last_edited=&#8220;on|desktop&#8220; _builder_version=&#8220;4.7.0&#8243; custom_margin=&#8220;||||false|false&#8220; custom_padding=&#8220;80px|||80px|false|false&#8220; locked=&#8220;off&#8220;][\/et_pb_image][\/et_pb_column][\/et_pb_row][\/et_pb_section]<\/p>\n","protected":false},"excerpt":{"rendered":"<p>Qualit\u00e4ts-DNA Qualit\u00e4t ist unser bester AusdruckQualit\u00e4ts-DNA Qualit\u00e4t in unserer DNA. Leidenschaft, Ernsthaftigkeit und Spa\u00df f\u00fcr das, was wir tun, sind in unserer DNA geschrieben, dem Markenzeichen, das Cellularline wirklich auszeichnet. Funktionalit\u00e4t, Zuverl\u00e4ssigkeit, Sicherheit und Transparenz sorgen daf\u00fcr, dass unsere Produkte originell, wiedererkennbar und anders als die anderen sind. Funktionalit\u00e4t Unsere Produkte vereinfachen die t\u00e4gliche Nutzung [&hellip;]<\/p>\n","protected":false},"author":1,"featured_media":0,"parent":0,"menu_order":0,"comment_status":"closed","ping_status":"closed","template":"","meta":{"_et_pb_use_builder":"on","_et_pb_old_content":"","_et_gb_content_width":""},"_links":{"self":[{"href":"https:\/\/stage.shop-cellularswiss.ch\/de\/wp-json\/wp\/v2\/pages\/30782"}],"collection":[{"href":"https:\/\/stage.shop-cellularswiss.ch\/de\/wp-json\/wp\/v2\/pages"}],"about":[{"href":"https:\/\/stage.shop-cellularswiss.ch\/de\/wp-json\/wp\/v2\/types\/page"}],"author":[{"embeddable":true,"href":"https:\/\/stage.shop-cellularswiss.ch\/de\/wp-json\/wp\/v2\/users\/1"}],"replies":[{"embeddable":true,"href":"https:\/\/stage.shop-cellularswiss.ch\/de\/wp-json\/wp\/v2\/comments?post=30782"}],"version-history":[{"count":7,"href":"https:\/\/stage.shop-cellularswiss.ch\/de\/wp-json\/wp\/v2\/pages\/30782\/revisions"}],"predecessor-version":[{"id":46729,"href":"https:\/\/stage.shop-cellularswiss.ch\/de\/wp-json\/wp\/v2\/pages\/30782\/revisions\/46729"}],"wp:attachment":[{"href":"https:\/\/stage.shop-cellularswiss.ch\/de\/wp-json\/wp\/v2\/media?parent=30782"}],"curies":[{"name":"wp","href":"https:\/\/api.w.org\/{rel}","templated":true}]}}