
{"id":30796,"date":"2021-01-28T10:17:47","date_gmt":"2021-01-28T09:17:47","guid":{"rendered":"https:\/\/stage.shop-cellularswiss.ch\/lieferungen-und-beschraenkungen\/"},"modified":"2021-02-21T14:30:50","modified_gmt":"2021-02-21T13:30:50","slug":"lieferungen-und-beschraenkungen","status":"publish","type":"page","link":"https:\/\/stage.shop-cellularswiss.ch\/de\/lieferungen-und-beschraenkungen\/","title":{"rendered":"Lieferungen und Beschr\u00e4nkungen"},"content":{"rendered":"<p>[et_pb_section fb_built=&#8220;1&#8243; admin_label=&#8220;FAQ Section&#8220; _builder_version=&#8220;3.22&#8243; background_color=&#8220;#f6f8fa&#8220; custom_padding=&#8220;|||&#8220; border_color_all=&#8220;#dee3e8&#8243; border_width_top=&#8220;1px&#8220;][et_pb_row _builder_version=&#8220;4.8.1&#8243; _module_preset=&#8220;default&#8220; custom_padding=&#8220;|||9px||&#8220;][et_pb_column type=&#8220;4_4&#8243; _builder_version=&#8220;4.8.1&#8243; _module_preset=&#8220;default&#8220;][et_pb_text _builder_version=&#8220;4.8.1&#8243; _module_preset=&#8220;default&#8220; header_2_font=&#8220;Montserrat|700||||on|||&#8220; header_2_font_size=&#8220;40px&#8220; header_6_font=&#8220;Roboto|||on|||||&#8220; header_6_text_color=&#8220;#e40238&#8243; header_6_font_size=&#8220;16px&#8220; header_6_letter_spacing=&#8220;2px&#8220; header_6_line_height=&#8220;1.5em&#8220; hover_enabled=&#8220;0&#8243; sticky_enabled=&#8220;0&#8243;]<\/p>\n<h6>CELLULAR LINE<\/h6>\n<h2>Lieferungen und Beschr\u00e4nkungen<\/h2>\n<p>[\/et_pb_text][\/et_pb_column][\/et_pb_row][et_pb_row _builder_version=&#8220;4.8.1&#8243; _module_preset=&#8220;default&#8220; custom_padding=&#8220;|||9px||&#8220;][et_pb_column type=&#8220;4_4&#8243; _builder_version=&#8220;4.8.1&#8243; _module_preset=&#8220;default&#8220;][et_pb_text _builder_version=&#8220;4.8.1&#8243; _module_preset=&#8220;default&#8220; width=&#8220;100%&#8220; hover_enabled=&#8220;0&#8243; sticky_enabled=&#8220;0&#8243;]<\/p>\n<p>Cellular Swiss AG liefert schweizweit<\/p>\n<p>\u2022 Cellular Swiss SA bereitet die in der Bestellung angegebenen Artikel vor und \u00fcbergibt sie in einer geeigneten Verpackung dem Frachtf\u00fchrer.<br \/>\n\u2022 Die Lieferzeit der vorr\u00e4tigen Produkte an den Spediteur betr\u00e4gt in der Regel einen Arbeitstag, wenn die Bestellung vor 14:00 Uhr bei uns eintrifft.<br \/>\n\u2022 Produkte, die nicht auf Lager sind, werden in der Regel mit einer Verz\u00f6gerung von einer Woche geliefert.<br \/>\n\u2022 Die Auslieferung erfolgt von Montag bis Freitag au\u00dfer an Feiertagen. Cellular Swiss AG arbeitet in der Regel mit der Schweizer Post.<br \/>\n\u2022 Versandkosten von CHF 5.00 werden dem Kunden bis zu einem Bestellwert von CHF 49.95 inkl. MwSt. verrechnet. Ab einem Bestellwert von CHF 50.00 sind die Versandkosten kostenlos.(b2b-Kunden, siehe besondere Bedingungen)<br \/>\n\u2022 Die Lieferzeit betr\u00e4gt ca. 24 bis 48 Stunden.<\/p>\n<p><strong>Kontrolle des empfangenen Pakets<\/strong><\/p>\n<p>In Anwesenheit des Frachtf\u00fchrers bitten wir Sie zu pr\u00fcfen, ob:<\/p>\n<ul>\n<li>die Verpackung nicht sichtbar besch\u00e4digt, ge\u00e4ndert, nass ist, einschlie\u00dflich der Verschlussmaterial.<\/li>\n<li>die Ma\u00dfe und Angaben auf der Produktverpackung voraussichtlich mit denen des tats\u00e4chlich gekauften Artikels \u00fcbereinstimmen.<\/li>\n<\/ul>\n<p>\u00c4ussere Sch\u00e4den oder, die nicht der Bestellung entsprechen (Anzahl Pakete), m\u00fcssen sofort dem Frachtf\u00fchrer schriftlich auf dem Lieferschein und innerhalb von 5 Tagen der Cellular Swiss SA gemeldet werden.<\/p>\n<p>Wenn es nicht m\u00f6glich ist, die Unversehrtheit der Produkte zum Zeitpunkt der Lieferung zu \u00fcberpr\u00fcfen, bitten wir Sie, den Lieferschein mit der Aufschrift &#8220; INHALTSKONTROLLE VORBEHALTEN &#8220; zu unterschreiben.<br \/>\n\u2003\n<\/p>\n<p>[\/et_pb_text][\/et_pb_column][\/et_pb_row][\/et_pb_section]<\/p>\n","protected":false},"excerpt":{"rendered":"<p>CELLULAR LINE Lieferungen und Beschr\u00e4nkungen Cellular Swiss AG liefert schweizweit \u2022 Cellular Swiss SA bereitet die in der Bestellung angegebenen Artikel vor und \u00fcbergibt sie in einer geeigneten Verpackung dem Frachtf\u00fchrer. \u2022 Die Lieferzeit der vorr\u00e4tigen Produkte an den Spediteur betr\u00e4gt in der Regel einen Arbeitstag, wenn die Bestellung vor 14:00 Uhr bei uns eintrifft. [&hellip;]<\/p>\n","protected":false},"author":1,"featured_media":0,"parent":0,"menu_order":0,"comment_status":"closed","ping_status":"closed","template":"","meta":{"_et_pb_use_builder":"on","_et_pb_old_content":"","_et_gb_content_width":""},"_links":{"self":[{"href":"https:\/\/stage.shop-cellularswiss.ch\/de\/wp-json\/wp\/v2\/pages\/30796"}],"collection":[{"href":"https:\/\/stage.shop-cellularswiss.ch\/de\/wp-json\/wp\/v2\/pages"}],"about":[{"href":"https:\/\/stage.shop-cellularswiss.ch\/de\/wp-json\/wp\/v2\/types\/page"}],"author":[{"embeddable":true,"href":"https:\/\/stage.shop-cellularswiss.ch\/de\/wp-json\/wp\/v2\/users\/1"}],"replies":[{"embeddable":true,"href":"https:\/\/stage.shop-cellularswiss.ch\/de\/wp-json\/wp\/v2\/comments?post=30796"}],"version-history":[{"count":5,"href":"https:\/\/stage.shop-cellularswiss.ch\/de\/wp-json\/wp\/v2\/pages\/30796\/revisions"}],"predecessor-version":[{"id":33928,"href":"https:\/\/stage.shop-cellularswiss.ch\/de\/wp-json\/wp\/v2\/pages\/30796\/revisions\/33928"}],"wp:attachment":[{"href":"https:\/\/stage.shop-cellularswiss.ch\/de\/wp-json\/wp\/v2\/media?parent=30796"}],"curies":[{"name":"wp","href":"https:\/\/api.w.org\/{rel}","templated":true}]}}