
{"id":30814,"date":"2021-01-28T10:41:06","date_gmt":"2021-01-28T09:41:06","guid":{"rendered":"https:\/\/stage.shop-cellularswiss.ch\/ueckgabe-und-rueckerstattung\/"},"modified":"2021-02-21T14:48:03","modified_gmt":"2021-02-21T13:48:03","slug":"ueckgabe-und-rueckerstattung","status":"publish","type":"page","link":"https:\/\/stage.shop-cellularswiss.ch\/de\/ueckgabe-und-rueckerstattung\/","title":{"rendered":"R\u00fcckgabe und R\u00fcckerstattung"},"content":{"rendered":"<p>[et_pb_section fb_built=&#8220;1&#8243; admin_label=&#8220;FAQ Section&#8220; _builder_version=&#8220;3.22&#8243; background_color=&#8220;#f6f8fa&#8220; custom_padding=&#8220;|||&#8220; border_color_all=&#8220;#dee3e8&#8243; border_width_top=&#8220;1px&#8220;][et_pb_row _builder_version=&#8220;4.8.1&#8243; _module_preset=&#8220;default&#8220; custom_margin=&#8220;26px|auto||auto||&#8220; custom_padding=&#8220;1px|||9px||&#8220;][et_pb_column type=&#8220;4_4&#8243; _builder_version=&#8220;4.8.1&#8243; _module_preset=&#8220;default&#8220;][et_pb_text _builder_version=&#8220;4.8.1&#8243; _module_preset=&#8220;default&#8220; header_2_font=&#8220;Montserrat|700||||on|||&#8220; header_2_font_size=&#8220;40px&#8220; header_6_font=&#8220;Roboto|||on|||||&#8220; header_6_text_color=&#8220;#e40238&#8243; header_6_font_size=&#8220;16px&#8220; header_6_letter_spacing=&#8220;2px&#8220; header_6_line_height=&#8220;1.5em&#8220;]<\/p>\n<h6>CELLULAR LINE<\/h6>\n<h2>R\u00fcckgabe und R\u00fcckerstattung<\/h2>\n<p>[\/et_pb_text][\/et_pb_column][\/et_pb_row][et_pb_row _builder_version=&#8220;4.8.1&#8243; _module_preset=&#8220;default&#8220; custom_margin=&#8220;26px|auto||auto||&#8220; custom_padding=&#8220;1px|||9px||&#8220;][et_pb_column type=&#8220;4_4&#8243; _builder_version=&#8220;4.8.1&#8243; _module_preset=&#8220;default&#8220;][et_pb_text _builder_version=&#8220;4.8.1&#8243; _module_preset=&#8220;default&#8220; width=&#8220;100%&#8220; hover_enabled=&#8220;0&#8243; sticky_enabled=&#8220;0&#8243;]<\/p>\n<p><strong>R\u00fcckgabe und Umtausch von Produkten<\/strong><\/p>\n<p>Die Artikel m\u00fcssen innerhalb von 7 Tagen nach Erhalt des Pakets, intakt und vollst\u00e4ndig in der Originalverpackung mit Kaufnachweis zur\u00fcckgegeben werden.<br \/> Die Versandkosten im Zusammenhang mit der R\u00fccksendung liegen in Ihrer Verantwortung. Im Falle einer Umtauschbestellung f\u00fcr defekte Ware sind die Versandkosten Ihrer Neubestellung kostenlos.\u00a0<\/p>\n<p>F\u00fcr b2b-Kunden und gem\u00e4\u00df den geltenden Vereinbarungen muss eine RMA-Anfrage an den Vertriebsmitarbeiter in Ihrem Gebiet oder per E-Mail an gestellt werden: <a class=\"PrimaryLink BaseLink\" href=\"mailto:rma@cellularswiss.ch\" target=\"_blank\" rel=\"noreferrer noopener\">rma@cellularswiss.ch<\/a>. <\/p>\n<p>[\/et_pb_text][\/et_pb_column][\/et_pb_row][\/et_pb_section]<\/p>\n","protected":false},"excerpt":{"rendered":"<p>CELLULAR LINE R\u00fcckgabe und R\u00fcckerstattungR\u00fcckgabe und Umtausch von Produkten Die Artikel m\u00fcssen innerhalb von 7 Tagen nach Erhalt des Pakets, intakt und vollst\u00e4ndig in der Originalverpackung mit Kaufnachweis zur\u00fcckgegeben werden. Die Versandkosten im Zusammenhang mit der R\u00fccksendung liegen in Ihrer Verantwortung. Im Falle einer Umtauschbestellung f\u00fcr defekte Ware sind die Versandkosten Ihrer Neubestellung kostenlos.\u00a0F\u00fcr b2b-Kunden [&hellip;]<\/p>\n","protected":false},"author":1,"featured_media":0,"parent":0,"menu_order":0,"comment_status":"closed","ping_status":"closed","template":"","meta":{"_et_pb_use_builder":"on","_et_pb_old_content":"","_et_gb_content_width":""},"_links":{"self":[{"href":"https:\/\/stage.shop-cellularswiss.ch\/de\/wp-json\/wp\/v2\/pages\/30814"}],"collection":[{"href":"https:\/\/stage.shop-cellularswiss.ch\/de\/wp-json\/wp\/v2\/pages"}],"about":[{"href":"https:\/\/stage.shop-cellularswiss.ch\/de\/wp-json\/wp\/v2\/types\/page"}],"author":[{"embeddable":true,"href":"https:\/\/stage.shop-cellularswiss.ch\/de\/wp-json\/wp\/v2\/users\/1"}],"replies":[{"embeddable":true,"href":"https:\/\/stage.shop-cellularswiss.ch\/de\/wp-json\/wp\/v2\/comments?post=30814"}],"version-history":[{"count":17,"href":"https:\/\/stage.shop-cellularswiss.ch\/de\/wp-json\/wp\/v2\/pages\/30814\/revisions"}],"predecessor-version":[{"id":33940,"href":"https:\/\/stage.shop-cellularswiss.ch\/de\/wp-json\/wp\/v2\/pages\/30814\/revisions\/33940"}],"wp:attachment":[{"href":"https:\/\/stage.shop-cellularswiss.ch\/de\/wp-json\/wp\/v2\/media?parent=30814"}],"curies":[{"name":"wp","href":"https:\/\/api.w.org\/{rel}","templated":true}]}}