
{"id":31184,"date":"2021-02-04T14:20:53","date_gmt":"2021-02-04T13:20:53","guid":{"rendered":"https:\/\/stage.shop-cellularswiss.ch\/lebenslange-garantie\/"},"modified":"2021-02-19T16:36:54","modified_gmt":"2021-02-19T15:36:54","slug":"lebenslange-garantie","status":"publish","type":"page","link":"https:\/\/stage.shop-cellularswiss.ch\/de\/lebenslange-garantie\/","title":{"rendered":"Lebenslange Garantie"},"content":{"rendered":"<p>[et_pb_section fb_built=&#8220;1&#8243; admin_label=&#8220;Hero&#8220; _builder_version=&#8220;4.8.1&#8243; background_enable_color=&#8220;off&#8220; use_background_color_gradient=&#8220;on&#8220; background_color_gradient_start=&#8220;rgba(0,46,79,0.67)&#8220; background_color_gradient_end=&#8220;rgba(8,70,102,0.51)&#8220; background_color_gradient_direction=&#8220;170deg&#8220; background_color_gradient_start_position=&#8220;1%&#8220; background_color_gradient_overlays_image=&#8220;on&#8220; background_image=&#8220;https:\/\/stage.shop-cellularswiss.ch\/wp-content\/uploads\/2021\/01\/business_01.jpg&#8220; min_height=&#8220;329.2px&#8220; custom_margin=&#8220;||2px|||&#8220; custom_padding=&#8220;93px||148px|||&#8220; hover_enabled=&#8220;0&#8243; title_text=&#8220;business_01&#8243; sticky_enabled=&#8220;0&#8243;][et_pb_row _builder_version=&#8220;4.8.1&#8243; background_size=&#8220;initial&#8220; background_position=&#8220;top_left&#8220; background_repeat=&#8220;repeat&#8220; custom_margin=&#8220;76px|auto|-101px|auto||&#8220; custom_padding=&#8220;57px|0px|157px|0px|false|false&#8220;][et_pb_column type=&#8220;4_4&#8243; _builder_version=&#8220;3.25&#8243; custom_padding=&#8220;|||&#8220; custom_padding__hover=&#8220;|||&#8220;][et_pb_text _builder_version=&#8220;4.8.1&#8243; text_font=&#8220;||||||||&#8220; text_font_size=&#8220;20px&#8220; text_line_height=&#8220;1.8em&#8220; header_font=&#8220;Montserrat|800|||||||&#8220; header_font_size=&#8220;60px&#8220; header_line_height=&#8220;1.3em&#8220; header_2_font=&#8220;Montserrat|800|||||||&#8220; header_2_font_size=&#8220;60px&#8220; header_2_line_height=&#8220;1.3em&#8220; header_4_font=&#8220;Montserrat||||||||&#8220; header_4_font_size=&#8220;20px&#8220; background_size=&#8220;initial&#8220; background_position=&#8220;top_left&#8220; background_repeat=&#8220;repeat&#8220; background_layout=&#8220;dark&#8220; max_width=&#8220;600px&#8220; custom_margin=&#8220;|||&#8220; custom_margin_tablet=&#8220;|100px||&#8220; custom_margin_phone=&#8220;|30px||&#8220; custom_margin_last_edited=&#8220;off|desktop&#8220; hover_enabled=&#8220;0&#8243; header_font_size_tablet=&#8220;50px&#8220; header_font_size_phone=&#8220;40px&#8220; header_font_size_last_edited=&#8220;on|phone&#8220; header_line_height_tablet=&#8220;&#8220; header_line_height_phone=&#8220;&#8220; header_line_height_last_edited=&#8220;on|desktop&#8220; sticky_enabled=&#8220;0&#8243;]<\/p>\n<h4>Unsere Verbolung<\/h4>\n<h2>Lebenslange Garantie<\/h2>\n<p>[\/et_pb_text][\/et_pb_column][\/et_pb_row][\/et_pb_section][et_pb_section fb_built=&#8220;1&#8243; admin_label=&#8220;About&#8220; _builder_version=&#8220;4.7.0&#8243; use_background_color_gradient=&#8220;on&#8220; background_color_gradient_start=&#8220;rgba(255,255,255,0)&#8220; background_color_gradient_end=&#8220;#ffffff&#8220; background_color_gradient_direction=&#8220;90deg&#8220; background_color_gradient_end_position=&#8220;50%&#8220; background_color_gradient_overlays_image=&#8220;on&#8220; background_enable_image=&#8220;off&#8220; background_position=&#8220;center_left&#8220;][et_pb_row column_structure=&#8220;1_2,1_2&#8243; _builder_version=&#8220;3.25&#8243;][et_pb_column type=&#8220;1_2&#8243; _builder_version=&#8220;3.25&#8243; custom_padding=&#8220;|||&#8220; custom_padding__hover=&#8220;|||&#8220;][et_pb_text _builder_version=&#8220;4.7.0&#8243; text_font=&#8220;Roboto||||||||&#8220; text_font_size=&#8220;16px&#8220; text_line_height=&#8220;1.8em&#8220; link_font=&#8220;Montserrat|700|||||||&#8220; link_text_color=&#8220;#fa546d&#8220; link_font_size=&#8220;22px&#8220; link_line_height=&#8220;1.5em&#8220; header_font=&#8220;Roboto||||||||&#8220; header_2_font=&#8220;Montserrat|700||||on|||&#8220; header_2_font_size=&#8220;40px&#8220; header_2_line_height=&#8220;1.4em&#8220; header_6_font=&#8220;Roboto|600||on|||||&#8220; header_6_text_color=&#8220;#E40238&#8243; header_6_font_size=&#8220;16px&#8220; header_6_letter_spacing=&#8220;2px&#8220; header_6_line_height=&#8220;1.5em&#8220; max_width_last_edited=&#8220;off|desktop&#8220; module_alignment=&#8220;left&#8220; custom_margin=&#8220;|||&#8220; custom_padding=&#8220;|||&#8220; header_2_font_size_tablet=&#8220;&#8220; header_2_font_size_phone=&#8220;24px&#8220; header_2_font_size_last_edited=&#8220;on|phone&#8220;]<\/p>\n<h6> Lebenslange Garantie<\/h6>\n<h2>Worum handelt es sich?<\/h2>\n<p>gibt Cellularline eine lebenslange Garantie f\u00fcr deine H\u00fclle und verl\u00e4ngert somit die G\u00fcltigkeit der rechtlich vorgesehenen Garantie. Lese die Garantiebedingungen, um alle Details zu erfahren![\/et_pb_text][et_pb_text _builder_version=&#8220;4.7.0&#8243; _module_preset=&#8220;default&#8220;]<\/p>\n<p>Du hast eine TETRA FORCE SHOCK TWIST, TETRA FORCE STRONG TWIST, TETRA FORCE SHOCK TECH, TETRA FORCE BOOK-ADVANCE, TETRA FORCE SHOCK-ADVANCE, AIR FRAME, CLEAR DUO ?<br \/> Ab dem 1. Oktober 2017* gibt Cellularline eine lebenslange Garantie f\u00fcr deine H\u00fclle und verl\u00e4ngert somit die G\u00fcltigkeit der rechtlich vorgesehenen Garantie. Lese die Garantiebedingungen, um alle Details zu erfahren !<\/p>\n<p><strong>Wie kann man sie beantragen?<\/strong><\/p>\n<p>Das ist ganz einfach! Wenn das Produkt kaputt ist, musst du uns nur folgendes per Einschreiben zusenden: <\/p>\n<ul>\n<li>Die originale Rechnung\/den originalen Kaufbeleg <\/li>\n<li>Ein Foto der defekten H\u00fclle <\/li>\n<li>Le PDF (\u00e0 t\u00e9l\u00e9charger dans la section T\u00e9l\u00e9chargement) \u00e0 remplir avec vos donn\u00e9es personnelles et le nom de l&#8217;\u00e9tui.<\/li>\n<\/ul>\n<p>F\u00fcr weitere Informationen die Datei mit den Bedingungen im Download-Bereich herunterladen.<\/p>\n<p> <a href=\"https:\/\/www.cellularline.com\/medias\/lifetime-warranty-REGOLAMENTO-NEUTRO-new-FR.pdf?context=bWFzdGVyfHBkZnwxMjA5MjR8YXBwbGljYXRpb24vcGRmfHBkZi9oNmYvaDU2Lzg5MzUzNDAyNzc3OTAucGRmfDY5ZmY5OWJiOTFmZTZiZWYxN2Y5NDgwOTY2ZGI1N2RiMDcwNDUyMjE3YTRlMjM2YTVlZDZiZGM0ODhmMjBlY2M\">Termes et conditions<\/a> ou le <a href=\"https:\/\/www.cellularline.com\/medias\/lifetime-warranty-RICHIESTA-SOSTITUZIONE-122020-FR.pdf?context=bWFzdGVyfHBkZnwxNjc5NzN8YXBwbGljYXRpb24vcGRmfHBkZi9oY2QvaGMyLzkwNjc0ODEwMzg4NzgucGRmfGQ5OGY5Nzg4MDIxMDVmOTA3OTA2OWI1MGExYzRlN2QzNTFhN2Y4MWNhOGU5OWYxMjA1MDg0NTRkMzVmYTVhOTI\">Das PDF zur Beantragung der lebenslangen Garantie herunterladen <\/a>.<\/p>\n<p>[\/et_pb_text][\/et_pb_column][et_pb_column type=&#8220;1_2&#8243; _builder_version=&#8220;3.25&#8243; custom_padding=&#8220;|||&#8220; custom_padding__hover=&#8220;|||&#8220;][et_pb_image src=&#8220;https:\/\/stage.shop-cellularswiss.ch\/wp-content\/uploads\/2021\/01\/cellular-guarantee-scheme.jpg&#8220; title_text=&#8220;cellular-guarantee-scheme&#8220; _builder_version=&#8220;4.7.0&#8243; _module_preset=&#8220;default&#8220; custom_padding=&#8220;150px||||false|false&#8220;][\/et_pb_image][\/et_pb_column][\/et_pb_row][\/et_pb_section]<\/p>\n","protected":false},"excerpt":{"rendered":"<p>Unsere Verbolung Lebenslange Garantie Lebenslange Garantie Worum handelt es sich? gibt Cellularline eine lebenslange Garantie f\u00fcr deine H\u00fclle und verl\u00e4ngert somit die G\u00fcltigkeit der rechtlich vorgesehenen Garantie. Lese die Garantiebedingungen, um alle Details zu erfahren!Du hast eine TETRA FORCE SHOCK TWIST, TETRA FORCE STRONG TWIST, TETRA FORCE SHOCK TECH, TETRA FORCE BOOK-ADVANCE, TETRA FORCE SHOCK-ADVANCE, [&hellip;]<\/p>\n","protected":false},"author":1,"featured_media":0,"parent":0,"menu_order":0,"comment_status":"closed","ping_status":"closed","template":"","meta":{"_et_pb_use_builder":"on","_et_pb_old_content":"","_et_gb_content_width":""},"_links":{"self":[{"href":"https:\/\/stage.shop-cellularswiss.ch\/de\/wp-json\/wp\/v2\/pages\/31184"}],"collection":[{"href":"https:\/\/stage.shop-cellularswiss.ch\/de\/wp-json\/wp\/v2\/pages"}],"about":[{"href":"https:\/\/stage.shop-cellularswiss.ch\/de\/wp-json\/wp\/v2\/types\/page"}],"author":[{"embeddable":true,"href":"https:\/\/stage.shop-cellularswiss.ch\/de\/wp-json\/wp\/v2\/users\/1"}],"replies":[{"embeddable":true,"href":"https:\/\/stage.shop-cellularswiss.ch\/de\/wp-json\/wp\/v2\/comments?post=31184"}],"version-history":[{"count":4,"href":"https:\/\/stage.shop-cellularswiss.ch\/de\/wp-json\/wp\/v2\/pages\/31184\/revisions"}],"predecessor-version":[{"id":32756,"href":"https:\/\/stage.shop-cellularswiss.ch\/de\/wp-json\/wp\/v2\/pages\/31184\/revisions\/32756"}],"wp:attachment":[{"href":"https:\/\/stage.shop-cellularswiss.ch\/de\/wp-json\/wp\/v2\/media?parent=31184"}],"curies":[{"name":"wp","href":"https:\/\/api.w.org\/{rel}","templated":true}]}}