
{"id":31210,"date":"2021-02-04T16:29:15","date_gmt":"2021-02-04T15:29:15","guid":{"rendered":"https:\/\/stage.shop-cellularswiss.ch\/cellularline\/"},"modified":"2021-02-21T14:54:00","modified_gmt":"2021-02-21T13:54:00","slug":"cellularline","status":"publish","type":"page","link":"https:\/\/stage.shop-cellularswiss.ch\/de\/cellularline\/","title":{"rendered":"Cookies Verwendung"},"content":{"rendered":"<p>[et_pb_section fb_built=&#8220;1&#8243; admin_label=&#8220;About&#8220; _builder_version=&#8220;4.7.0&#8243; use_background_color_gradient=&#8220;on&#8220; background_color_gradient_start=&#8220;rgba(255,255,255,0)&#8220; background_color_gradient_end=&#8220;#ffffff&#8220; background_color_gradient_direction=&#8220;90deg&#8220; background_color_gradient_end_position=&#8220;50%&#8220; background_color_gradient_overlays_image=&#8220;on&#8220; background_enable_image=&#8220;off&#8220; background_position=&#8220;center_left&#8220;][et_pb_row _builder_version=&#8220;3.25&#8243;][et_pb_column type=&#8220;4_4&#8243; _builder_version=&#8220;3.25&#8243; custom_padding=&#8220;|||&#8220; custom_padding__hover=&#8220;|||&#8220;][et_pb_text _builder_version=&#8220;4.8.1&#8243; text_font=&#8220;Roboto||||||||&#8220; text_font_size=&#8220;16px&#8220; text_line_height=&#8220;1.8em&#8220; link_font=&#8220;Montserrat|700|||||||&#8220; link_text_color=&#8220;#fa546d&#8220; link_font_size=&#8220;22px&#8220; link_line_height=&#8220;1.5em&#8220; header_font=&#8220;Roboto||||||||&#8220; header_2_font=&#8220;Montserrat|700||||on|||&#8220; header_2_font_size=&#8220;40px&#8220; header_2_line_height=&#8220;1.4em&#8220; header_6_font=&#8220;Roboto|600||on|||||&#8220; header_6_text_color=&#8220;#E40238&#8243; header_6_font_size=&#8220;16px&#8220; header_6_letter_spacing=&#8220;2px&#8220; header_6_line_height=&#8220;1.5em&#8220; max_width_last_edited=&#8220;off|desktop&#8220; module_alignment=&#8220;left&#8220; custom_margin=&#8220;|||&#8220; custom_padding=&#8220;|||&#8220; header_2_font_size_tablet=&#8220;&#8220; header_2_font_size_phone=&#8220;24px&#8220; header_2_font_size_last_edited=&#8220;on|phone&#8220;]<\/p>\n<h6>CELLULARLINE<\/h6>\n<h2>Cellularline Cookies Verwendung<\/h2>\n<p>[\/et_pb_text][et_pb_text _builder_version=&#8220;4.8.1&#8243; _module_preset=&#8220;default&#8220;]<\/p>\n<p><strong>So verwendet Cellular Swiss AG Cookies<\/strong><\/p>\n<p><span>Die Websites und Onlinedienste von Cellular Swiss AG verwenden m\u00f6glicherweise \u201eCookies\u201c. Cookies erm\u00f6glichen das Nutzen der Einkaufswagen und unserer Websites auf personalisierte und individuelle Art und Weise. Cookies sagen uns, welche Bereiche unserer Websites die Benutzer besucht haben, helfen uns, die Wirksamkeit von Werbung und Websuchen zu messen, und geben uns Einblicke in das Benutzerverhalten, sodass wir unsere Kommunikation und unsere Produkte optimieren k\u00f6nnen.<br \/>\nDa Cookies auf all unseren Websites verwendet werden, wird dir m\u00f6glicherweise der Zugriff auf bestimmte Bereiche der Websites verweigert, wenn du Cookies deaktivierst.<br \/>\nWir verwenden die folgenden Kategorien auf unseren Websites und f\u00fcr andere Onlinedienste:<\/span><br \/><strong><\/strong><\/p>\n<p><strong>Kategorie 1 \u2013 Unbedingt erforderliche Cookies<\/strong><br \/><span>Diese Cookies sind wichtig, damit du unsere Websites besuchen und deren Features verwenden kannst. Ohne diese Cookies k\u00f6nnen Dienste wie Einkaufswagen und elektronische Rechnungsstellung (E-Billing) nicht bereitgestellt werden.<\/span><br \/><strong><\/strong><\/p>\n<p><strong>Kategorie 2 \u2013 F\u00fcr die Leistung relevante Cookies<\/strong><br \/><span>Diese Cookies sammeln Informationen dar\u00fcber, wie du unsere Websites verwendest, z. B. welche Seiten du am h\u00e4ufigsten besuchst. Diese Daten k\u00f6nnen uns dabei helfen, unsere Websites zu optimieren und die Navigation zu vereinfachen. Diese Cookies werden auch verwendet, um Partnern mitzuteilen, ob du \u00fcber eine Partner-Website auf unsere Website gelangt bist und ob dein Besuch zur Nutzung oder zum Kauf eines Produkts oder Dienstes von uns gef\u00fchrt hat, darunter Details zum gekauften Produkt oder Dienst. Diese Cookies sammeln keine Informationen, die dich identifizieren. Alle Informationen dieser Cookies werden geb\u00fcndelt und sind daher anonym.<\/span><\/p>\n<p><strong>Kategorie 3 \u2013 F\u00fcr die Funktionalit\u00e4t relevante Cookies<\/strong><br \/><span>Diese Cookies erm\u00f6glichen es unseren Websites, sich an die zuvor beim Surfen getroffene Auswahl zu erinnern. Wir k\u00f6nnen beispielsweise deine geografische Position in einem Cookie speichern, um sicherzustellen, dass wir dir die Website anzeigen, die f\u00fcr dein Land lokalisiert ist. Wir k\u00f6nnen uns auch Einstellungen merken, etwa Textgr\u00f6\u00dfe, Schriften und andere anpassbare Elemente unserer Websites. Diese Cookies k\u00f6nnen auch verwendet werden, um zu verfolgen, welche vorgestellten Produkte oder Videos du bereits angesehen hast, um Wiederholungen zu vermeiden. Die Informationen, die diese Cookies sammeln, lassen keine R\u00fcckschl\u00fcsse auf deine Person zu und k\u00f6nnen deine Surfaktivit\u00e4ten auf Websites, die nicht von Cellular Swiss AG stammen, nicht verfolgen.<\/span><\/p>\n<p>[\/et_pb_text][\/et_pb_column][\/et_pb_row][\/et_pb_section]<\/p>\n","protected":false},"excerpt":{"rendered":"<p>CELLULARLINE Cellularline Cookies VerwendungSo verwendet Cellular Swiss AG Cookies Die Websites und Onlinedienste von Cellular Swiss AG verwenden m\u00f6glicherweise \u201eCookies\u201c. Cookies erm\u00f6glichen das Nutzen der Einkaufswagen und unserer Websites auf personalisierte und individuelle Art und Weise. Cookies sagen uns, welche Bereiche unserer Websites die Benutzer besucht haben, helfen uns, die Wirksamkeit von Werbung und Websuchen [&hellip;]<\/p>\n","protected":false},"author":1,"featured_media":0,"parent":0,"menu_order":0,"comment_status":"closed","ping_status":"closed","template":"","meta":{"_et_pb_use_builder":"on","_et_pb_old_content":"","_et_gb_content_width":""},"_links":{"self":[{"href":"https:\/\/stage.shop-cellularswiss.ch\/de\/wp-json\/wp\/v2\/pages\/31210"}],"collection":[{"href":"https:\/\/stage.shop-cellularswiss.ch\/de\/wp-json\/wp\/v2\/pages"}],"about":[{"href":"https:\/\/stage.shop-cellularswiss.ch\/de\/wp-json\/wp\/v2\/types\/page"}],"author":[{"embeddable":true,"href":"https:\/\/stage.shop-cellularswiss.ch\/de\/wp-json\/wp\/v2\/users\/1"}],"replies":[{"embeddable":true,"href":"https:\/\/stage.shop-cellularswiss.ch\/de\/wp-json\/wp\/v2\/comments?post=31210"}],"version-history":[{"count":7,"href":"https:\/\/stage.shop-cellularswiss.ch\/de\/wp-json\/wp\/v2\/pages\/31210\/revisions"}],"predecessor-version":[{"id":33948,"href":"https:\/\/stage.shop-cellularswiss.ch\/de\/wp-json\/wp\/v2\/pages\/31210\/revisions\/33948"}],"wp:attachment":[{"href":"https:\/\/stage.shop-cellularswiss.ch\/de\/wp-json\/wp\/v2\/media?parent=31210"}],"curies":[{"name":"wp","href":"https:\/\/api.w.org\/{rel}","templated":true}]}}