
{"id":31218,"date":"2021-02-05T16:58:39","date_gmt":"2021-02-05T15:58:39","guid":{"rendered":"https:\/\/stage.shop-cellularswiss.ch\/datenschutz\/"},"modified":"2021-02-21T16:08:33","modified_gmt":"2021-02-21T15:08:33","slug":"datenschutz","status":"publish","type":"page","link":"https:\/\/stage.shop-cellularswiss.ch\/de\/datenschutz\/","title":{"rendered":"Datenschutz"},"content":{"rendered":"<p>[et_pb_section fb_built=&#8220;1&#8243; admin_label=&#8220;About&#8220; _builder_version=&#8220;4.7.0&#8243; use_background_color_gradient=&#8220;on&#8220; background_color_gradient_start=&#8220;rgba(255,255,255,0)&#8220; background_color_gradient_end=&#8220;#ffffff&#8220; background_color_gradient_direction=&#8220;90deg&#8220; background_color_gradient_end_position=&#8220;50%&#8220; background_color_gradient_overlays_image=&#8220;on&#8220; background_enable_image=&#8220;off&#8220; background_position=&#8220;center_left&#8220;][et_pb_row _builder_version=&#8220;3.25&#8243;][et_pb_column type=&#8220;4_4&#8243; _builder_version=&#8220;3.25&#8243; custom_padding=&#8220;|||&#8220; custom_padding__hover=&#8220;|||&#8220;][et_pb_text _builder_version=&#8220;4.7.0&#8243; text_font=&#8220;Roboto||||||||&#8220; text_font_size=&#8220;16px&#8220; text_line_height=&#8220;1.8em&#8220; link_font=&#8220;Montserrat|700|||||||&#8220; link_text_color=&#8220;#fa546d&#8220; link_font_size=&#8220;22px&#8220; link_line_height=&#8220;1.5em&#8220; header_font=&#8220;Roboto||||||||&#8220; header_2_font=&#8220;Montserrat|700||||on|||&#8220; header_2_font_size=&#8220;40px&#8220; header_2_line_height=&#8220;1.4em&#8220; header_6_font=&#8220;Roboto|600||on|||||&#8220; header_6_text_color=&#8220;#E40238&#8243; header_6_font_size=&#8220;16px&#8220; header_6_letter_spacing=&#8220;2px&#8220; header_6_line_height=&#8220;1.5em&#8220; max_width_last_edited=&#8220;off|desktop&#8220; module_alignment=&#8220;left&#8220; custom_margin=&#8220;|||&#8220; custom_padding=&#8220;|||&#8220; header_2_font_size_tablet=&#8220;&#8220; header_2_font_size_phone=&#8220;24px&#8220; header_2_font_size_last_edited=&#8220;on|phone&#8220;]<\/p>\n<h6>CELLULAR LINE<\/h6>\n<h2>Datenschutz cellularline<\/h2>\n<p>[\/et_pb_text][et_pb_text _builder_version=&#8220;4.8.1&#8243; _module_preset=&#8220;default&#8220;]<\/p>\n<p><strong>Einf\u00fchrung<\/strong> <br \/>Angesichts der Entwicklung neuer Kommunikationsinstrumente muss dem Schutz der Privatsph\u00e4re besondere Aufmerksamkeit gewidmet werden. Aus diesem Grund verpflichten wir uns, die Vertraulichkeit der von uns gesammelten pers\u00f6nlichen Daten zu respektieren.<\/p>\n<p>Als Schweizer Unternehmen, das seine Dienstleistungen auf Schweizer Territorium anbietet, halten wir uns an das Bundesdatenschutzgesetz (<a href=\"https:\/\/www.admin.ch\/opc\/fr\/classified-compilation\/19920153\/index.html\">LPD<\/a>) und tun alles, um die EU-Vorschriften (<a href=\"https:\/\/fr.wikipedia.org\/wiki\/R%C3%A8glement_g%C3%A9n%C3%A9ral_sur_la_protection_des_donn%C3%A9es\">DSGVO<\/a>) einzuhalten.<\/p>\n<p><strong>Sammlung pers\u00f6nlicher Informationen <\/strong><br \/>Wir sammeln die folgenden Informationen, die f\u00fcr die Bearbeitung einer Bestellung erforderlich sind :<\/p>\n<ul>\n<li>Familienname<\/li>\n<li>Nachname<\/li>\n<li>Vorname<\/li>\n<li>Lieferadresse<\/li>\n<li>E-Mail-Addresse<\/li>\n<li>Telefonnummer<\/li>\n<\/ul>\n<p>Die von uns gesammelten pers\u00f6nlichen Daten werden auf der Seite zur Erstellung des Kundenkontos gesammelt und k\u00f6nnen w\u00e4hrend der Bearbeitung einer Bestellung vervollst\u00e4ndigt werden. Die Lieferadresse kann an einen Partner gesendet werden, um die Lieferung zu erm\u00f6glichen (Logistik- und Transportunternehmen).<\/p>\n<p>Diese Daten werden in keinem Fall an Dritte weitergegeben oder verkauft.<\/p>\n<p><strong>Formen Ihre pers\u00f6nlichen <\/strong><br \/>Daten werden \u00fcber ein Formular gesammelt, n\u00e4mlich:<\/p>\n<ul>\n<li>Anmeldeformular f\u00fcr die Website<\/li>\n<li>Bestellformular<\/li>\n<\/ul>\n<p>Wir verwenden die so gesammelten Informationen f\u00fcr folgende Zwecke:<\/p>\n<ul>\n<li>Bestellprozess Gesch\u00e4ftskorrespondenz<\/li>\n<li>Informationen \/ Werbeangebote \/ Newsletter<\/li>\n<li>Statistiken<\/li>\n<li>Kontakt<\/li>\n<\/ul>\n<p>Ihre Daten werden auch durch die Interaktivit\u00e4t, die zwischen Ihnen und unserer Website stattfinden kann, auf folgende Weise gesammelt: Statistik Kontakt Wir verwenden die von uns gesammelten Informationen f\u00fcr die folgenden Zwecke:<\/p>\n<ul>\n<li>Kommentare<\/li>\n<li>Korrespondenz<\/li>\n<li>Informationen oder f\u00fcr Werbeangebote<\/li>\n<\/ul>\n<p><strong>Widerspruchs- und Widerrufsrecht <\/strong><br \/>Wir verpflichten uns, Ihnen das Recht zu bieten, Ihre pers\u00f6nlichen Daten abzulehnen und zur\u00fcckzuziehen. Unter Widerspruchsrecht wird die M\u00f6glichkeit verstanden, Internetnutzern die Verwendung ihrer pers\u00f6nlichen Daten f\u00fcr bestimmte Zwecke zu verweigern, die bei der Erfassung erw\u00e4hnt wurden. Unter Widerrufsrecht wird die M\u00f6glichkeit verstanden, Internetnutzern die M\u00f6glichkeit zu geben, zu verlangen, dass ihre pers\u00f6nlichen Daten beispielsweise nicht mehr in einer Mailingliste erscheinen. Um diese Rechte aus\u00fcben zu k\u00f6nnen, kontaktieren Sie uns \u00fcber die unten auf der Seite angegebenen Kontaktdaten.<\/p>\n<p><strong>Zugangsgenehmigung <\/strong><br \/>Wir verpflichten uns, ein Recht auf Zugang und Berichtigung f\u00fcr betroffene Personen anzuerkennen, die diesbez\u00fcgliche Informationen konsultieren, \u00e4ndern oder sogar l\u00f6schen m\u00f6chten. Um diese Rechte aus\u00fcben zu k\u00f6nnen, kontaktieren Sie uns \u00fcber die unten auf der Seite angegebenen Kontaktdaten.<\/p>\n<p><strong>Sicherheit<\/strong> <br \/>Die von uns gesammelten pers\u00f6nlichen Daten werden in einer sicheren Umgebung aufbewahrt. Personen, die f\u00fcr uns arbeiten, sind verpflichtet, die Vertraulichkeit Ihrer Daten zu respektieren. Um die Sicherheit Ihrer pers\u00f6nlichen Daten zu gew\u00e4hrleisten, ergreifen wir die folgenden Ma\u00dfnahmen:<\/p>\n<ul>\n<li>SSL-Protokoll (Secure Sockets Layer)<\/li>\n<\/ul>\n<p>Wir verpflichten uns zu einem hohen Ma\u00df an Vertraulichkeit, indem wir die neuesten technologischen Innovationen integrieren, um die Vertraulichkeit Ihrer Transaktionen zu gew\u00e4hrleisten. Da jedoch kein Mechanismus maximale Sicherheit bietet, besteht immer ein gewisses Risiko, wenn das Internet zur \u00dcbertragung pers\u00f6nlicher Informationen verwendet wird.<\/p>\n<p><strong>Dienstleistungen von Drittanbietern <\/strong><br \/>Unterkunft \/ Hosting Unsere Website wird von der Schweizer Firma Infomaniak gehostet.<\/p>\n<p><strong>Newsletter<\/strong> <br \/>Mit unserem Newsletter k\u00f6nnen wir Ihnen Informationen und Angebote zusenden. Sie k\u00f6nnen Ihre Registrierung jederzeit widerrufen, indem Sie entweder auf den daf\u00fcr vorgesehenen Link klicken und ihn in jeden unserer Newsletter am Ende der Nachricht einf\u00fcgen oder uns kontaktieren. Unser Dienstleister ist Infomaniak Network SA in der Schweiz.<\/p>\n<p><strong>Tags Managementsysteme (TMS) <\/strong><br \/>Unsere Website verwendet Google Tag Manager (GTM). Dieses System erm\u00f6glicht die Verwaltung der verschiedenen auf unserer Website verwendeten Tags. Wir verwalten keine personenbezogenen Daten in GTM. GTM kann bestimmte Informationen sammeln, z. B. wie der Dienst verwendet wird, welche Beacons tats\u00e4chlich bereitgestellt werden und wie sie bereitgestellt werden. Diese Daten werden wahrscheinlich von ihnen verwendet, um ihre Dienste zu verbessern, zu warten, zu sch\u00fctzen und weiterzuentwickeln. Unser Dienstleister ist Google Inc. in den USA.<\/p>\n<p><strong>Analytik<\/strong> <br \/>Unsere Website verwendet Google Analytics. Dieses System erm\u00f6glicht es, verschiedene Analysen der Anwesenheit und Nutzung unserer Website zu erstellen. Die gesammelten Informationen bestehen insbesondere aus Ihrer IP-Adresse, Ihrer Konfiguration (Ger\u00e4t, Browser, Aufl\u00f6sung usw.), Ihrem Zugriffsanbieter, der konsultierten Seite, der vorherigen Seite sowie den verschiedenen Interaktionen mit unserer Website (Konsultationszeit, Klicks, ausgef\u00fcllte Formulare usw.). Wir verwenden diese Daten anonym (Anonymisierung von IP-Adressen), um unsere Dienste und Angebote zu verbessern, aber auch um den Inhalt unserer Website zu personalisieren. Unser Dienstleister ist Google Inc. in den USA.<\/p>\n<p><strong>Andere Dienste und Inhalte von Drittanbietern<\/strong><br \/>Unsere Website kann Inhalte von Drittanbietern wie YouTube-Videos, Google Maps, Slideshare-Pr\u00e4sentationen, Schaltfl\u00e4chen zum Teilen von sozialen Medien oder andere Elemente integrieren. Dies bedeutet, dass die Anbieter dieses Inhalts Ihre IP-Adresse oder andere Elemente protokollieren. Wenn Sie beispielsweise in Ihrem Google-Konto angemeldet sind, kann Ihrem Konto der Zugriff auf eine Seite mit einem Youtube-Video zugewiesen werden.<\/p>\n<p><strong>Die Dauer der Daten <\/strong><br \/>Die pers\u00f6nlichen Daten, die wir \u00fcber unsere Website verarbeiten, werden je nach Typ wie folgt gespeichert:<\/p>\n<ul>\n<li>Google Analytics: Die gesammelten Daten sind anonymisiert und wir haben eine Aufbewahrungsfrist von 26 Monaten festgelegt.<\/li>\n<li>E-Mail: Wenn keine Interaktion stattfindet (\u00d6ffnen, Klicken usw.), werden Ihre Daten ab der letzten Interaktion maximal 30 Monate lang anonymisiert.<\/li>\n<li>Daten f\u00fcr den Bestellvorgang, 30 Monate<\/li>\n<\/ul>\n<p><strong>Gesetzgebung<\/strong> <br \/>Wir verpflichten uns, die f\u00fcr die Schweiz geltenden gesetzlichen Bestimmungen einzuhalten.<\/p>\n<p>[\/et_pb_text][\/et_pb_column][\/et_pb_row][\/et_pb_section]<\/p>\n","protected":false},"excerpt":{"rendered":"<p>CELLULAR LINE Datenschutz cellularlineEinf\u00fchrung Angesichts der Entwicklung neuer Kommunikationsinstrumente muss dem Schutz der Privatsph\u00e4re besondere Aufmerksamkeit gewidmet werden. Aus diesem Grund verpflichten wir uns, die Vertraulichkeit der von uns gesammelten pers\u00f6nlichen Daten zu respektieren. Als Schweizer Unternehmen, das seine Dienstleistungen auf Schweizer Territorium anbietet, halten wir uns an das Bundesdatenschutzgesetz (LPD) und tun alles, um [&hellip;]<\/p>\n","protected":false},"author":1,"featured_media":0,"parent":0,"menu_order":0,"comment_status":"closed","ping_status":"closed","template":"","meta":{"_et_pb_use_builder":"on","_et_pb_old_content":"","_et_gb_content_width":""},"_links":{"self":[{"href":"https:\/\/stage.shop-cellularswiss.ch\/de\/wp-json\/wp\/v2\/pages\/31218"}],"collection":[{"href":"https:\/\/stage.shop-cellularswiss.ch\/de\/wp-json\/wp\/v2\/pages"}],"about":[{"href":"https:\/\/stage.shop-cellularswiss.ch\/de\/wp-json\/wp\/v2\/types\/page"}],"author":[{"embeddable":true,"href":"https:\/\/stage.shop-cellularswiss.ch\/de\/wp-json\/wp\/v2\/users\/1"}],"replies":[{"embeddable":true,"href":"https:\/\/stage.shop-cellularswiss.ch\/de\/wp-json\/wp\/v2\/comments?post=31218"}],"version-history":[{"count":4,"href":"https:\/\/stage.shop-cellularswiss.ch\/de\/wp-json\/wp\/v2\/pages\/31218\/revisions"}],"predecessor-version":[{"id":33959,"href":"https:\/\/stage.shop-cellularswiss.ch\/de\/wp-json\/wp\/v2\/pages\/31218\/revisions\/33959"}],"wp:attachment":[{"href":"https:\/\/stage.shop-cellularswiss.ch\/de\/wp-json\/wp\/v2\/media?parent=31218"}],"curies":[{"name":"wp","href":"https:\/\/api.w.org\/{rel}","templated":true}]}}