
{"id":31236,"date":"2021-02-05T17:33:00","date_gmt":"2021-02-05T16:33:00","guid":{"rendered":"https:\/\/stage.shop-cellularswiss.ch\/garantiebedingungen\/"},"modified":"2021-02-05T17:42:55","modified_gmt":"2021-02-05T16:42:55","slug":"garantiebedingungen","status":"publish","type":"page","link":"https:\/\/stage.shop-cellularswiss.ch\/de\/garantiebedingungen\/","title":{"rendered":"Garantiebedingungen"},"content":{"rendered":"<p>[et_pb_section fb_built=&#8220;1&#8243; admin_label=&#8220;Hero&#8220; _builder_version=&#8220;4.8.1&#8243; background_color=&#8220;#E40238&#8243; use_background_color_gradient=&#8220;on&#8220; background_color_gradient_start=&#8220;#002e4f&#8220; background_color_gradient_end=&#8220;rgba(8,70,102,0.8)&#8220; background_color_gradient_direction=&#8220;170deg&#8220; background_color_gradient_start_position=&#8220;1%&#8220; background_color_gradient_overlays_image=&#8220;on&#8220; background_image=&#8220;https:\/\/stage.shop-cellularswiss.ch\/wp-content\/uploads\/2021\/01\/header-bg-faq.jpg&#8220; custom_padding=&#8220;|||&#8220;][et_pb_row _builder_version=&#8220;4.8.1&#8243; background_size=&#8220;initial&#8220; background_position=&#8220;top_left&#8220; background_repeat=&#8220;repeat&#8220; custom_padding=&#8220;27px|0px|27px|0px|false|false&#8220; hover_enabled=&#8220;0&#8243; sticky_enabled=&#8220;0&#8243;][et_pb_column type=&#8220;4_4&#8243; _builder_version=&#8220;3.25&#8243; custom_padding=&#8220;|||&#8220; custom_padding__hover=&#8220;|||&#8220;][et_pb_text _builder_version=&#8220;3.27.4&#8243; text_font=&#8220;||||||||&#8220; text_font_size=&#8220;20px&#8220; text_line_height=&#8220;1.8em&#8220; header_font=&#8220;Open Sans|800|||||||&#8220; header_font_size=&#8220;60px&#8220; header_line_height=&#8220;1.3em&#8220; background_size=&#8220;initial&#8220; background_position=&#8220;top_left&#8220; background_repeat=&#8220;repeat&#8220; background_layout=&#8220;dark&#8220; max_width=&#8220;600px&#8220; custom_margin=&#8220;|||&#8220; custom_margin_tablet=&#8220;|100px||&#8220; custom_margin_phone=&#8220;|30px||&#8220; custom_margin_last_edited=&#8220;off|desktop&#8220; header_font_size_tablet=&#8220;50px&#8220; header_font_size_phone=&#8220;40px&#8220; header_font_size_last_edited=&#8220;on|phone&#8220; header_line_height_tablet=&#8220;&#8220; header_line_height_phone=&#8220;&#8220; header_line_height_last_edited=&#8220;on|desktop&#8220;]<\/p>\n<div class=\"col-xs-12 col-xs-12 col-sm-6 col-md-6\"><\/div>\n<div class=\"col-xs-12 col-xs-12 col-sm-6 col-md-6\">\n<section>\n<div class=\"yCmsContentSlot row no-margin\"><\/div>\n<\/section>\n<\/div>\n<div class=\"col-xs-12\">\n<div class=\"yCmsContentSlot landingLayout2PageSection2C\">\n<div class=\"yCmsComponent yComponentWrapper\">\n<div class=\"content\">\n<h1 class=\"structuredBannerTitle titlePositionLEFT\">Garantiebedingungen <\/h1>\n<\/div>\n<\/div>\n<\/div>\n<\/div>\n<p>[\/et_pb_text][\/et_pb_column][\/et_pb_row][\/et_pb_section][et_pb_section fb_built=&#8220;1&#8243; admin_label=&#8220;FAQ Section&#8220; _builder_version=&#8220;3.22&#8243; background_color=&#8220;#f6f8fa&#8220; custom_padding=&#8220;|||&#8220; border_color_all=&#8220;#dee3e8&#8243; border_width_top=&#8220;1px&#8220;][et_pb_row _builder_version=&#8220;4.8.1&#8243; _module_preset=&#8220;default&#8220;][et_pb_column _builder_version=&#8220;4.8.1&#8243; _module_preset=&#8220;default&#8220; type=&#8220;4_4&#8243;][et_pb_text _builder_version=&#8220;4.8.1&#8243; _module_preset=&#8220;default&#8220; hover_enabled=&#8220;0&#8243; sticky_enabled=&#8220;0&#8243;]<\/p>\n<h1>\nGarantiebedingungen Cellular Swiss AG<\/h1>\n<p>&nbsp;<\/p>\n<p>1.\tAnwendungsbereich<br \/>\nDiese Garantiebedingungen gelten f\u00fcr alle Zubeh\u00f6rteile, die von Cellular Swiss AG (nachfolgend CS) oder ihren Vertriebspartnern verkauft werden.<br \/>\n2.\tDauer und Inhalt<br \/>\nCS gew\u00e4hrt eine 24-monatige Garantie auf das gesamte Zubeh\u00f6r. Diese Garantie tritt mit dem Kaufdatum in Kraft. Bei M\u00e4ngeln kann sich der Kunde an die Verkaufsstelle oder den Kundendienst des Gesch\u00e4fts wenden, in dem das Zubeh\u00f6r gekauft wurde. Im Falle eines Mangels kann CS das Zubeh\u00f6r durch ein gleichwertiges ersetzen. Wenn das Zubeh\u00f6r nicht ersetzt werden kann, wird es durch einen gleichwertigen Artikel ersetzt oder erstattet.<br \/>\nDiese Garantieleistungen gelten anstelle derjenigen des Schweizerischen Obligationenrechts betreffend die Garantie und die damit verbundenen Schadenersatzanspr\u00fcche.<br \/>\n3.\tBeschr\u00e4nkungen<br \/>\nDie gesetzliche Gew\u00e4hrleistung\/Garantie ist ausgeschlossen f\u00fcr<br \/>\n&#8211; M\u00e4ngel, die auf nat\u00fcrliche Abnutzung, unsachgem\u00e4\u00dfe Behandlung oder Verschlechterung durch vors\u00e4tzliches oder fahrl\u00e4ssiges Handeln des K\u00e4ufers oder Dritter zur\u00fcckzuf\u00fchren sind<br \/>\n&#8211; M\u00e4ngel, bei denen konkrete Anhaltspunkte daf\u00fcr vorliegen, dass sie auf Feuchtigkeitseinwirkung oder andere \u00e4u\u00dfere Einfl\u00fcsse zur\u00fcckzuf\u00fchren sind (Sch\u00e4den durch Fallenlassen, Druck- oder Sto\u00dfeinwirkung oder Transportsch\u00e4den). Bei Handlungen am Ger\u00e4t, die nicht von CS oder ohne dessen Genehmigung durchgef\u00fchrt werden, erlischt die Gew\u00e4hrleistung.[\/et_pb_text][\/et_pb_column][\/et_pb_row][\/et_pb_section]<\/p>\n","protected":false},"excerpt":{"rendered":"<p>Garantiebedingungen Garantiebedingungen Cellular Swiss AG &nbsp; 1. Anwendungsbereich Diese Garantiebedingungen gelten f\u00fcr alle Zubeh\u00f6rteile, die von Cellular Swiss AG (nachfolgend CS) oder ihren Vertriebspartnern verkauft werden. 2. Dauer und Inhalt CS gew\u00e4hrt eine 24-monatige Garantie auf das gesamte Zubeh\u00f6r. Diese Garantie tritt mit dem Kaufdatum in Kraft. Bei M\u00e4ngeln kann sich der Kunde an die [&hellip;]<\/p>\n","protected":false},"author":1,"featured_media":0,"parent":0,"menu_order":0,"comment_status":"closed","ping_status":"closed","template":"","meta":{"_et_pb_use_builder":"on","_et_pb_old_content":"","_et_gb_content_width":""},"_links":{"self":[{"href":"https:\/\/stage.shop-cellularswiss.ch\/de\/wp-json\/wp\/v2\/pages\/31236"}],"collection":[{"href":"https:\/\/stage.shop-cellularswiss.ch\/de\/wp-json\/wp\/v2\/pages"}],"about":[{"href":"https:\/\/stage.shop-cellularswiss.ch\/de\/wp-json\/wp\/v2\/types\/page"}],"author":[{"embeddable":true,"href":"https:\/\/stage.shop-cellularswiss.ch\/de\/wp-json\/wp\/v2\/users\/1"}],"replies":[{"embeddable":true,"href":"https:\/\/stage.shop-cellularswiss.ch\/de\/wp-json\/wp\/v2\/comments?post=31236"}],"version-history":[{"count":11,"href":"https:\/\/stage.shop-cellularswiss.ch\/de\/wp-json\/wp\/v2\/pages\/31236\/revisions"}],"predecessor-version":[{"id":31250,"href":"https:\/\/stage.shop-cellularswiss.ch\/de\/wp-json\/wp\/v2\/pages\/31236\/revisions\/31250"}],"wp:attachment":[{"href":"https:\/\/stage.shop-cellularswiss.ch\/de\/wp-json\/wp\/v2\/media?parent=31236"}],"curies":[{"name":"wp","href":"https:\/\/api.w.org\/{rel}","templated":true}]}}