
{"id":32674,"date":"2021-02-18T15:56:34","date_gmt":"2021-02-18T14:56:34","guid":{"rendered":"https:\/\/stage.shop-cellularswiss.ch\/allgemeine-geschaeftsbedingungen\/"},"modified":"2021-02-18T15:56:34","modified_gmt":"2021-02-18T14:56:34","slug":"allgemeine-geschaeftsbedingungen","status":"publish","type":"page","link":"https:\/\/stage.shop-cellularswiss.ch\/de\/allgemeine-geschaeftsbedingungen\/","title":{"rendered":"Allgemeine Gesch\u00e4ftsbedingungen"},"content":{"rendered":"<p>[et_pb_section fb_built=&#8220;1&#8243; admin_label=&#8220;About&#8220; _builder_version=&#8220;4.7.0&#8243; use_background_color_gradient=&#8220;on&#8220; background_color_gradient_start=&#8220;rgba(255,255,255,0)&#8220; background_color_gradient_end=&#8220;#ffffff&#8220; background_color_gradient_direction=&#8220;90deg&#8220; background_color_gradient_end_position=&#8220;50%&#8220; background_color_gradient_overlays_image=&#8220;on&#8220; background_enable_image=&#8220;off&#8220; background_position=&#8220;center_left&#8220;][et_pb_row _builder_version=&#8220;3.25&#8243;][et_pb_column type=&#8220;4_4&#8243; _builder_version=&#8220;3.25&#8243; custom_padding=&#8220;|||&#8220; custom_padding__hover=&#8220;|||&#8220;][et_pb_text _builder_version=&#8220;4.7.0&#8243; text_font=&#8220;Roboto||||||||&#8220; text_font_size=&#8220;16px&#8220; text_line_height=&#8220;1.8em&#8220; link_font=&#8220;Montserrat|700|||||||&#8220; link_text_color=&#8220;#fa546d&#8220; link_font_size=&#8220;22px&#8220; link_line_height=&#8220;1.5em&#8220; header_font=&#8220;Roboto||||||||&#8220; header_2_font=&#8220;Montserrat|700||||on|||&#8220; header_2_font_size=&#8220;40px&#8220; header_2_line_height=&#8220;1.4em&#8220; header_6_font=&#8220;Roboto|600||on|||||&#8220; header_6_text_color=&#8220;#E40238&#8243; header_6_font_size=&#8220;16px&#8220; header_6_letter_spacing=&#8220;2px&#8220; header_6_line_height=&#8220;1.5em&#8220; max_width_last_edited=&#8220;off|desktop&#8220; module_alignment=&#8220;left&#8220; custom_margin=&#8220;||32px|||&#8220; custom_padding=&#8220;|||&#8220; header_2_font_size_tablet=&#8220;&#8220; header_2_font_size_phone=&#8220;24px&#8220; header_2_font_size_last_edited=&#8220;on|phone&#8220;]<\/p>\n<h6>CELLULAR LINE<\/h6>\n<h2>Allgemeine Gesch\u00e4ftsbedingungen<\/h2>\n<p>[\/et_pb_text][et_pb_text _builder_version=&#8220;4.8.1&#8243; _module_preset=&#8220;default&#8220; hover_enabled=&#8220;0&#8243; sticky_enabled=&#8220;0&#8243;]<\/p>\n<p><strong>1. Allgemeines<\/strong><\/p>\n<p>a. Die vorliegenden allgemeinen Gesch\u00e4ftsbedingungen sowie die Datenschutzerkl\u00e4rung der Cellular Swiss AG (nachstehend \u00abCS\u00bb) regeln die Nutzung der Webseite www.cellularswiss.ch (\u201eWebshop\u201c) und das vertragliche Verh\u00e4ltnis zwischen dem Kunden (\u201eKunde\u201c, \u201eSie\u201c) und CS f\u00fcr s\u00e4mtliche \u00fcber den Webshop abgeschlossenen Vertr\u00e4ge. Mit jeder Bestellung akzeptiert der Kunde diese AGB und Datenschutzerkl\u00e4rung ausdr\u00fccklich als integrierten Vertragsbestandteil.<\/p>\n<p>b. F\u00fcr alle Lieferungen und Leistungen der CS gelten ausschliesslich die nachfolgenden Bedingungen. Entgegenstehende oder von diesen AGB abweichende Bedingungen der Kunden werden nicht anerkannt. Nebenabreden oder weitergehende Zusagen von CS bed\u00fcrfen der schriftlichen Form. CS beh\u00e4lt sich die jederzeitige \u00c4nderung dieser AGB ausdr\u00fccklich vor.<\/p>\n<p>c. Das Angebot und die Lieferung \u00fcber den Webshop richtet sich ausschliesslich an Kunden mit Wohn- oder Firmensitz in der Schweiz oder Liechtenstein.<\/p>\n<p>d. CS behandelt Ihre Daten vertraulich und nach den jeweils geltenden Bestimmungen des schweizerischen Datenschutzgesetzes (DSG). Unsere Datenschutzbestimmungen finden Sie unter (Datenschutzrichtlinie)<\/p>\n<p><strong>3. <\/strong><strong>Produkte und Preise<\/strong><\/p>\n<p>a. CS f\u00fchrt unter www.cellularswiss.ch einen Webshop mit ausgew\u00e4hlten Produkten von Cellularline, usw. (\u201eProdukte\u201c). CS kann das bestehende Produktsortiment und die Angebotsart jederzeit \u00e4ndern oder erweitern.<\/p>\n<p>b. S\u00e4mtliche Preise im Webshop sind in Schweizer Franken (CHF) angegeben und enthalten die gesetzliche Mehrwertsteuer. Es gelten die jeweiligen Preise im Zeitpunkt der Bestellung exklusive allf\u00e4lliger gesondert angegebenen Versandkosten.<\/p>\n<p>c.F\u00fcr Wiederverk\u00e4ufer, Distributoren oder Kaufleute (B2B). Mit einem pers\u00f6nlichen Login haben Sie Zugriff auf die Einkaufspreise. Diese verstehen sich immer exklusive Steuern und Versandkosten.<\/p>\n<p>d. CS beh\u00e4lt sich das Recht vor, die Preise jederzeit anzupass<br \/>e. CS wird Sie \u00fcber etwaige Preis\u00e4nderungen fr\u00fchzeitig informieren.<br \/>f. Die im Webshop ausgewiesenen \u00abPreisvorteile\u00bb werden gerundet und errechnen sich gegen\u00fcber einem Einzelkauf.<\/p>\n<p><strong>4. <\/strong><strong>Bestellung und Vertragsschluss<\/strong><\/p>\n<p>a. Nachdem der Kunde mit Zustimmung der AGB und der Datenschutzerkl\u00e4rung seine Bestellung im Webshop verbindlich abgeschlossen hat, erh\u00e4lt der Kunde eine automatisch generierte Bestellbest\u00e4tigung an die von ihm angegebene E-Mail-Adresse. Der Erhalt dieser Bestellungsbest\u00e4tigung enth\u00e4lt noch keine Zusage, dass das Produkt geliefert werden kann.<\/p>\n<p>b. Die Angebote und Angaben auf dem Webshop sind unverbindlich. Jede Kundenbestellung steht unter dem Vorbehalt der Warenverf\u00fcgbarkeit \/ Lieferm\u00f6glichkeit, der korrekten Preisangabe sowie des Zahlungseingangs. Ein verbindlicher Vertrag kommt mit der Lieferung der bestellten Ware zustande. Dies gilt sinngem\u00e4ss auch f\u00fcr jede Teillieferung.<\/p>\n<p>c.Geht eine Zahlung nicht fristgerecht ein oder kann die durch den Kunden bestellte Ware zum Teil oder g\u00e4nzlich nicht geliefert werden, beh\u00e4lt sich CS das Recht vor, eine Bestellung vollst\u00e4ndig oder teilweise zu stornieren.<\/p>\n<p>d. Erh\u00e4lt der Kunde die bestellte Ware nicht innerhalb von 10 Tagen ab Erhalt der Versandbest\u00e4tigung bzw. ab Datum der Lieferung (Poststempel), ist er verpflichtet, die nicht erhaltene Bestellung schriftlich (Email oder in Briefform) bei der Cellular Swiss AG zu melden.<\/p>\n<p><strong>5. <\/strong><strong>Zahlungsarten und -bedingungen<\/strong><\/p>\n<p>a. Der Kunde hat die M\u00f6glichkeit, seine Bestellungen entweder per Kreditkarte oder PayPal zu zahlen. Die Zahlungsart auf Rechnung ist nur f\u00fcr Wiederverk\u00e4ufer, Distributoren (B2B) oder unter besonderen Bedingungen m\u00f6glich. CS beh\u00e4lt sich das Recht vor, in spezifischen F\u00e4llen oder generell einzelne Zahlungsarten nicht anzubieten (z.B. Zahlung auf Rechnung bei hohen Rechnungsbetr\u00e4gen oder fehlender Bonit\u00e4t) oder alternative Zahlungsarten anzubieten.<\/p>\n<p>b. F\u00fcr Wiederverk\u00e4ufer, Distributoren oder Kaufleute (B2B). Eine Kontoer\u00f6ffnung ist erforderlich. Es wird Ihnen ein Kreditlimit sowie ein Zahlungsziel einger\u00e4umt. CS beh\u00e4lt sich das Recht vor, bei Neukunden oder im Falle einer Insolvenz vollst\u00e4ndige oder teilweise Vorauszahlung zu verlangen.<\/p>\n<p>c. Ist der Kunde mit seiner Zahlung im Verzug, werden die noch ausstehenden Lieferungen zur\u00fcckgehalten, bis der Zahlungsnachweis erbracht wurde. Bei der Zahlung auf Rechnung gilt eine Zahlungsfrist von 30 Tagen ab Erhalt der Lieferung.<\/p>\n<p>d. Bei erfolgloser Rechnungsstellung und Mahnung k\u00f6nnen Rechnungsbetr\u00e4ge an eine mit dem Inkasso beauftragte Firma abgetreten werden. In diesem Fall kann zus\u00e4tzlich ein effektiver Jahreszins von bis zu 15 Prozent ab F\u00e4lligkeitsdatum in Rechnung gestellt werden. Die mit dem Inkasso beauftragte Firma wird die offenen Betr\u00e4ge in eigenem Namen und auf eigene Rechnung geltend machen und kann zus\u00e4tzliche Bearbeitungsgeb\u00fchren erheben.<\/p>\n<p>e.Die Produkte bleiben bis zur vollst\u00e4ndigen Bezahlung durch den Kunden im Eigentum von CS (Eigentumsvorbehalt).<\/p>\n<p><strong>6. <\/strong><strong>Lieferung und Versandkosten<\/strong><\/p>\n<p>a.Lagerware wird innerhalb von 1-2 Werktagen nach Eingang der Bestellung versendet (sofern nicht anders vereinbart). Sofern bestellte Artikel nicht an Lager vorr\u00e4tig sind, wird die Ware sobald als m\u00f6glich dem Kunden geliefert. Alle Angaben zur Verf\u00fcgbarkeit und Lieferterminen sind unverbindlich. Lieferverz\u00f6gerungen berechtigen den Kunden weder zum Vertragsr\u00fccktritt noch zu Schadenersatzforderungen.<\/p>\n<p>b. Hat der Kunde gegen\u00fcber der CS oder einer ihrer Tochtergesellschaften ausstehenden Zahlungen, beh\u00e4lt sich CS vor, bestellte Ware nur dann auszuliefern, wenn der Kunde s\u00e4mtliche offenen Zahlungen beglichen hat.<\/p>\n<p>c. Nicht erhaltene Lieferungen m\u00fcssen innerhalb von 10 Tagen ab Lieferung gemeldet werden (siehe Pkt. 3.4).<\/p>\n<p>d. Verweigert der Kunde die Annahme der bestellten Produkte wird eine Bearbeitungspauschale in H\u00f6he von CHF 30.- zuz\u00fcglich Porto- und Verpackungskosten pro Sendung f\u00e4llig. Diese Kosten werden dem Kunden gesondert berechnet und sofort in Rechnung gestellt.<\/p>\n<p>e.Die Lieferung gilt mit \u00dcbergabe der Produkte zum Versand (z.B. der Post) als erfolgt. Zum gleichen Zeitpunkt gehen auch Nutzen und Gefahr auf den Kunden \u00fcber.<\/p>\n<p>f. Umfasst die Bestellung mehrere Produkte, so ist der Kunde verpflichtet, Teillieferungen anzunehmen. Sind einzelne Produkte nicht mehr lieferbar, so f\u00e4llt der Kaufvertrag lediglich hinsichtlich dieser nicht mehr lieferbaren Produkte dahin.<\/p>\n<p>g. S\u00e4mtliche in Zusammenhang mit unzustellbaren\/retournierten Paketen entstandenen Kosten werden vollumf\u00e4nglich dem Kunden in Rechnung gestellt.<\/p>\n<p>h. CS beh\u00e4lt sich das Recht vor, die Versandkosten jederzeit anzupassen.<\/p>\n<p><strong> 7. R\u00fcckgaberecht<\/strong><\/p>\n<p>a. Aus Gr\u00fcnden der Hygiene und Produktsicherheit gew\u00e4hrt CS nur dann ein R\u00fcckgaberecht, wenn die Produkte unge\u00f6ffnet, unbesch\u00e4digt und vollst\u00e4ndig in Originalverpackung retourniert werden. Das R\u00fcckgaberecht gilt bis 10 Tage nach Lieferung (Poststempel). F\u00fcr B2B-Kunden k\u00f6nnen die Konditionen verhandelt werden. F\u00fcr letztere ist eine RMA-Nummer f\u00fcr die R\u00fccksendung von Waren erforderlich.<\/p>\n<p>b. Bei einer R\u00fcckgabe gehen s\u00e4mtliche Kosten im Zusammenhang mit dem Versand zu Lasten des Kunden.<\/p>\n<p><strong>8. Gew\u00e4hrleistung und M\u00e4ngelr\u00fcge<\/strong><\/p>\n<p>a. CS leistet Gew\u00e4hr, dass gelieferte Produkte einwandfrei gelagert, originalverpackt und innerhalb der Haltbarkeit geliefert werden. Der Kunde ist verpflichtet, die Lieferung unmittelbar nach Erhalt auf etwaige M\u00e4ngel und ihre Vollst\u00e4ndigkeit zu pr\u00fcfen. Beanstandungen sind CS unverz\u00fcglich \u2013 falls erkennbar sp\u00e4testens 5 Tage nach Erhalt, falls nicht erkennbar unverz\u00fcglich nach Entdeckung \u2013 schriftlich mitzuteilen. Andernfalls anerkennt der Kunde, dass die Lieferung vertragsgem\u00e4ss erfolgte und die Lieferung sich in einem einwandfreien Zustand befunden hat. Keine M\u00e4ngel sind geringe handels\u00fcbliche Abweichungen, die auf materialtypischen Eigenschaften beruhen.<\/p>\n<p>b. Mangelhafte Produkte k\u00f6nnen nach vorangegangener Kontaktaufnahme mit CS retourniert werden. CS liefert f\u00fcr mangelhafte Produkte Ersatz oder stellt dem Kunden nach Absprache eine entsprechende Gutschrift aus, es sei denn, der Kunde hat den Mangel nicht nach Massgabe der vorstehenden Bestimmungen fristgerecht ger\u00fcgt. Jede weitere Gew\u00e4hrleistung, insbesondere f\u00fcr Eigenschaften und Wirkungen der Produkte, wird soweit gesetzlich zul\u00e4ssig, vollst\u00e4ndig wegbedungen. Dies gilt auch f\u00fcr etwaige Produkthaftungsanspr\u00fcche.<\/p>\n<p>c. CS trifft keine Pflicht zur Ersatzlieferung, falls sie nachweist, dass der ger\u00fcgte Mangel nicht von ihr zu verantworten ist, so etwa bei nicht sach- oder bestimmungsgem\u00e4sser Anwendung oder nachtr\u00e4glicher Ver\u00e4nderung der Produkte durch den Kunden. Schadenersatzanspr\u00fcche wegen etwaiger Fehler in den Abbildungen oder bei den Preisen und Texten sind ausgeschlossen.<\/p>\n<p>d. Produktabbildungen k\u00f6nnen von den bestellten\/gelieferten Produkten abweichen. Alle Produkte sind nach \u00d6ffnung der Verpackung trocken gelagert mindestens 3 Monate haltbar.<\/p>\n<p><strong> 9. Datenschutz<\/strong><\/p>\n<p>a. Personenbezogene Daten des Kunden werden im Rahmen der geltenden gesetzlichen Bestimmungen und gem\u00e4ss der Datenschutzerkl\u00e4rung mit gr\u00f6sster Sorgfalt erhoben und bearbeitet. Indem Sie auf unserem Webshop eine Bestellung t\u00e4tigen oder unseren Newsletter abonnieren, speichern und bearbeiten wir Ihre Personendaten beispielsweise zur Durchf\u00fchrung und Abwicklung Ihrer Bestellungen oder f\u00fcr Werbeaktionen. Dazu kann CS Dritte (wie z.B. Versandunternehmen und Zahlungsdienstleister) einsetzen, wobei bei der Auswahl dieser Hilfspersonen und Dienstleister besonders darauf geachtet wird, dass allf\u00e4llig \u00fcbermittelte Personendaten wenn m\u00f6glich anonymisiert und ausschliesslich im Umfang des jeweiligen Vertragszweckes bearbeitet und nicht weitergegeben werden. Weitergehende Informationen auch bzgl. der eingesetzten Hilfspersonen und Dienstleister finden Sie in der Datenschutzerkl\u00e4rung. Der Kunde kann der Verwendung seiner pers\u00f6nlichen Daten jederzeit insgesamt oder f\u00fcr einzelne Massnahmen (z.B. Werbezwecke) widersprechen.<\/p>\n<p>b. Je nachdem, welchen Zahlungsdienstleister Sie im Bestellprozess ausw\u00e4hlen, geben wir zur Abwicklung von Zahlungen die hierf\u00fcr erhobenen Zahlungsdaten an das mit der Zahlung beauftragte Kreditinstitut und ggf. von uns beauftragte Zahlungsdienstleister weiter bzw. an den ausgew\u00e4hlten Zahlungsdienst. Zum Teil erheben die ausgew\u00e4hlten Zahlungsdienstleister diese Daten auch selbst, soweit Sie dort ein Konto besitzen \/ anlegen. In diesem Fall m\u00fcssen Sie sich im Bestellprozess mit Ihren Zugangsdaten bei dem Zahlungsdienstleister anmelden. Es gilt insoweit die Datenschutzerkl\u00e4rung des jeweiligen Zahlungsdienstleisters. Sofern wir in Vorleistung treten, z.B. bei einem Kauf auf Rechnung, holen wir zur Wahrung unserer berechtigten Interessen gegebenenfalls eine Bonit\u00e4tsauskunft auf der Basis mathematisch-statistischer Verfahren bei einer Auskunftei ein. Hierzu \u00fcbermitteln wir die zu einer Bonit\u00e4tspr\u00fcfung ben\u00f6tigten Personendaten an eine Auskunftei und verwenden die erhaltenen Informationen \u00fcber die statistische Wahrscheinlichkeit eines Zahlungsausfalls f\u00fcr eine abgewogene Entscheidung \u00fcber die Begr\u00fcndung, Durchf\u00fchrung oder Beendigung des Vertragsverh\u00e4ltnisses mit dem Kunden. Auf Nachfrage teilen wir Ihnen mit, an welche Auskunfteien wir uns daf\u00fcr wenden.<\/p>\n<p><strong>10. Haftungsausschluss<\/strong><\/p>\n<p>a. CS haftet nur f\u00fcr direkte Sch\u00e4den, die durch eine vors\u00e4tzliche oder grobfahrl\u00e4ssige eigene Handlung von CS entstehen. Eine Haftung von CS f\u00fcr direkte Sch\u00e4den bei leichtem Verschulden gleich aus welchem Rechtsgrund ist unter Vorbehalt zwingender gesetzlicher Bestimmungen ausdr\u00fccklich ausgeschlossen. Eine Haftung von CS f\u00fcr indirekte Sch\u00e4den oder f\u00fcr Folgesch\u00e4den gleich aus welchem Rechtsgrund ist vollumf\u00e4nglich und ausdr\u00fccklich ausgeschlossen. Des Weiteren wird eine Haftung f\u00fcr allf\u00e4llig beigezogene Hilfspersonen, f\u00fcr technische Probleme und Leistungsst\u00f6rungen des Webshops, sowie Sch\u00e4den an Ger\u00e4ten und Software des Benutzers ausgeschlossen.<\/p>\n<p>b. CS verwendet alle Sorgfalt darauf, dass die Inhalte im Webshop vollst\u00e4ndig und korrekt sind. CS kann jedoch hinsichtlich der Genauigkeit und Zuverl\u00e4ssigkeit der Daten keine Gew\u00e4hrleistung abgeben. Haftungsanspr\u00fcche gegen CS, welche sich auf Sch\u00e4den sowohl materieller als auch immaterieller Art in Zusammenhang mit fehlerhaften und unvollst\u00e4ndigen Informationen beziehen, sind, im Rahmen von Punkt 10.a, ausgeschlossen.<\/p>\n<p><strong>11. <\/strong><strong>Sonstiges<\/strong><\/p>\n<p>a. Es gilt die jeweils aktuelle Fassung der Allgemeinen Gesch\u00e4ftsbedingungen sowie der Datenschutzerkl\u00e4rung.<\/p>\n<p>b. S\u00e4mtliche Rechtsbeziehungen zwischen CS und dem Kunden unterstehen Schweizer Recht unter Ausschluss des Wiener Kaufrechts (CISG). Der ausschlie\u00dfliche Gerichtsstand f\u00fcr alle Streitigkeiten ist Aigle.<\/p>\n<p>c. S\u00e4mtliche auf der Webseite www.cellularswiss.ch enthaltenen und angezeigten Immaterialg\u00fcterrechte wie bspw. Produktnamen und Designs sind Eigentum der CS. Jegliche Verwendung ausserhalb des gesetzlich zul\u00e4ssigen Eigengebrauchs ist untersagt, es sei denn, CS hat dazu ausdr\u00fccklich und schriftlich Zustimmung gegeben. Bei Verst\u00f6ssen beh\u00e4lt sich CS entsprechende rechtliche Schritte vor.<\/p>\n<p>d. Sollten eine oder mehrere Einzelbestimmungen dieser Vereinbarung unwirksam sein oder werden, so wird davon die Wirksamkeit der \u00fcbrigen Bestimmungen nicht betroffen. Vielmehr ist die unwirksame Bestimmung durch eine wirksame so zu ersetzen, dass mit dieser der erstrebte wirtschaftliche Zweck der Vereinbarung so gut wie m\u00f6glich verwirklicht wird.<\/p>\n<p>e. AGB Cellular Swiss AG, Version April 2018<\/p>\n<p>[\/et_pb_text][\/et_pb_column][\/et_pb_row][\/et_pb_section]<\/p>\n","protected":false},"excerpt":{"rendered":"<p>CELLULAR LINE Allgemeine Gesch\u00e4ftsbedingungen1. Allgemeines a. Die vorliegenden allgemeinen Gesch\u00e4ftsbedingungen sowie die Datenschutzerkl\u00e4rung der Cellular Swiss AG (nachstehend \u00abCS\u00bb) regeln die Nutzung der Webseite www.cellularswiss.ch (\u201eWebshop\u201c) und das vertragliche Verh\u00e4ltnis zwischen dem Kunden (\u201eKunde\u201c, \u201eSie\u201c) und CS f\u00fcr s\u00e4mtliche \u00fcber den Webshop abgeschlossenen Vertr\u00e4ge. Mit jeder Bestellung akzeptiert der Kunde diese AGB und Datenschutzerkl\u00e4rung ausdr\u00fccklich [&hellip;]<\/p>\n","protected":false},"author":1,"featured_media":0,"parent":0,"menu_order":0,"comment_status":"closed","ping_status":"closed","template":"","meta":{"_et_pb_use_builder":"on","_et_pb_old_content":"","_et_gb_content_width":""},"_links":{"self":[{"href":"https:\/\/stage.shop-cellularswiss.ch\/de\/wp-json\/wp\/v2\/pages\/32674"}],"collection":[{"href":"https:\/\/stage.shop-cellularswiss.ch\/de\/wp-json\/wp\/v2\/pages"}],"about":[{"href":"https:\/\/stage.shop-cellularswiss.ch\/de\/wp-json\/wp\/v2\/types\/page"}],"author":[{"embeddable":true,"href":"https:\/\/stage.shop-cellularswiss.ch\/de\/wp-json\/wp\/v2\/users\/1"}],"replies":[{"embeddable":true,"href":"https:\/\/stage.shop-cellularswiss.ch\/de\/wp-json\/wp\/v2\/comments?post=32674"}],"version-history":[{"count":2,"href":"https:\/\/stage.shop-cellularswiss.ch\/de\/wp-json\/wp\/v2\/pages\/32674\/revisions"}],"predecessor-version":[{"id":32676,"href":"https:\/\/stage.shop-cellularswiss.ch\/de\/wp-json\/wp\/v2\/pages\/32674\/revisions\/32676"}],"wp:attachment":[{"href":"https:\/\/stage.shop-cellularswiss.ch\/de\/wp-json\/wp\/v2\/media?parent=32674"}],"curies":[{"name":"wp","href":"https:\/\/api.w.org\/{rel}","templated":true}]}}