
{"id":33887,"date":"2021-02-21T13:56:28","date_gmt":"2021-02-21T12:56:28","guid":{"rendered":"https:\/\/stage.shop-cellularswiss.ch\/zahlungsmittel\/"},"modified":"2021-02-21T14:05:23","modified_gmt":"2021-02-21T13:05:23","slug":"zahlungsmittel","status":"publish","type":"page","link":"https:\/\/stage.shop-cellularswiss.ch\/de\/zahlungsmittel\/","title":{"rendered":"Zahlungsmittel"},"content":{"rendered":"<p>[et_pb_section fb_built=&#8220;1&#8243; admin_label=&#8220;FAQ Section&#8220; _builder_version=&#8220;3.22&#8243; background_color=&#8220;#f6f8fa&#8220; custom_padding=&#8220;|||&#8220; border_color_all=&#8220;#dee3e8&#8243; border_width_top=&#8220;1px&#8220;][et_pb_row _builder_version=&#8220;4.8.1&#8243; _module_preset=&#8220;default&#8220;][et_pb_column type=&#8220;4_4&#8243; _builder_version=&#8220;4.8.1&#8243; _module_preset=&#8220;default&#8220;][et_pb_text _builder_version=&#8220;4.8.1&#8243; _module_preset=&#8220;default&#8220; header_2_font=&#8220;Montserrat|700||||on|||&#8220; header_2_font_size=&#8220;40px&#8220; header_6_font=&#8220;Roboto|||on|||||&#8220; header_6_text_color=&#8220;#e40238&#8243; header_6_font_size=&#8220;16px&#8220; header_6_letter_spacing=&#8220;2px&#8220; header_6_line_height=&#8220;1.5em&#8220;]<\/p>\n<h6>CELLULAR LINE<\/h6>\n<h2>Zahlungsmittel<\/h2>\n<p>[\/et_pb_text][et_pb_text _builder_version=&#8220;4.8.1&#8243; _module_preset=&#8220;default&#8220; hover_enabled=&#8220;0&#8243; sticky_enabled=&#8220;0&#8243;]<\/p>\n<p>Die verf\u00fcgbaren Zahlungsmittel sind wie folgt : <\/p>\n<ul>\n<li>Kreditkarte<\/li>\n<li>Twint<\/li>\n<li>PayPal<\/li>\n<\/ul>\n<p><Strong>PayPal<\/strong><\/p>\n<p>PayPal ist eine Online-Zahlungsmethode, die die Er\u00f6ffnung eines PayPal-Kontos erfordert. Wenn Sie diese Zahlungsart w\u00e4hlen, klicken Sie auf der Zahlungsseite auf &#8222;Best\u00e4tigen&#8220; und Sie werden auf eine Seite der PayPal-Website weitergeleitet, wo Sie Ihre E-Mail-Adresse und das Passwort Ihres PayPal-Kontos eingeben m\u00fcssen, um die Zahlung Ihrer Bestellung vorzunehmen. Jede Transaktion, die mit diesem Zahlungsmittel durchgef\u00fchrt wird, unterliegt der Zusendung einer Best\u00e4tigungs-E-Mail durch PayPal. Jetzt ein PayPal-Konto er\u00f6ffnen: <a href=\"http:\/\/www.paypal.fr\">http:\/\/www.paypal.fr<\/a><\/p>\n<p>Die tats\u00e4chliche Belastung Ihres PayPal-Kontos erfolgt erst zum Zeitpunkt des Versands Ihrer Ware. Metaxy s.r.l. best\u00e4tigt, dass sie die Bestellung dem Spediteur anvertraut hat, indem sie eine E-Mail an die vom Kunden auf dem Bestellformular angegebene Adresse schickt: erst dann wird der Betrag von Ihrem PayPal-Konto abgebucht.<\/p>\n<p><strong>Kreditkarte<\/strong><\/p>\n<p>Es werden die g\u00e4ngigsten Kreditkarten akzeptiert: Visa, Mastercard, American Express<br \/>\nBei Zahlung mit Kreditkarte entf\u00e4llt die Zahlung eines Aufpreises.<\/p>\n<p><span>F\u00fcr alle Kreditkartenzahlungen ist es zwingend erforderlich, <\/span><strong>den Code CVV2<\/strong><span> einzugeben, ansonsten wird die Bestellung storniert. Bei Visa, Mastercard und Diners-Kreditkarten entspricht die CVV2 den letzten drei Ziffern auf der R\u00fcckseite der Karte. Nach der Eingabe Ihrer Kreditkartendaten und des CVV2-Codes werden Sie m\u00f6glicherweise auch nach einem zus\u00e4tzlichen Code oder anderen spezifischen Daten gefragt. Dies ist abh\u00e4ngig von der Autorisierungsprozedur der jeweiligen Bank f\u00fcr Online-Zahlungskarten. Um Ihre Kreditkarte f\u00fcr Online-Zahlungen zu verwenden oder um herauszufinden, welchen Code Sie eingeben m\u00fcssen, wenden Sie sich bitte direkt an Ihre Bank.<\/span><\/p>\n<p>Sobald Sie Ihre Kreditkartendaten eingegeben haben, erh\u00e4lt Ihre Bank eine Autorisierungsanfrage, um Ihre Kreditkarte mit dem Betrag Ihres Einkaufs zu belasten. In einigen F\u00e4llen signalisieren die Banken ihren Kunden diese Autorisierungsanfrage per SMS. Der Erhalt einer solchen SMS bedeutet NICHT, dass Ihre Kreditkarte belastet wurde, sondern lediglich, dass der f\u00fcr Ihren Einkauf ben\u00f6tigte Betrag gesperrt wurde.<\/p>\n<p>Die tats\u00e4chliche Belastung Ihrer Kreditkarte erfolgt erst zum Zeitpunkt des Versands Ihrer Ware. Metaxy s.r.l. best\u00e4tigt die \u00dcbergabe der Bestellung an den Spediteur, indem sie eine E-Mail an die vom Kunden auf dem Bestellformular angegebene Adresse sendet: <\/span><strong> erst in diesem Moment wird der Betrag von Ihrer Kreditkarte abgebucht.<\/strong><\/p>\n<p>Metaxy s.r.l. nutzt den sicheren Zahlungsservice von Nexi Payments s.p.a., der mit dem SSL-Protokoll f\u00fcr den sicheren Austausch ausgestattet ist. Metaxy s.r.l. hat keinen Zugriff auf die Kreditkartendaten, f\u00fcr die nur Nexi Payments zust\u00e4ndig ist, aber sie wird aus Gr\u00fcnden der Identit\u00e4tskontrolle \u00fcber die Identit\u00e4t des Karteninhabers informiert.<\/span><\/p>\n<p>[\/et_pb_text][\/et_pb_column][\/et_pb_row][\/et_pb_section]<\/p>\n","protected":false},"excerpt":{"rendered":"<p>CELLULAR LINE ZahlungsmittelDie verf\u00fcgbaren Zahlungsmittel sind wie folgt : Kreditkarte Twint PayPal PayPal PayPal ist eine Online-Zahlungsmethode, die die Er\u00f6ffnung eines PayPal-Kontos erfordert. Wenn Sie diese Zahlungsart w\u00e4hlen, klicken Sie auf der Zahlungsseite auf &#8222;Best\u00e4tigen&#8220; und Sie werden auf eine Seite der PayPal-Website weitergeleitet, wo Sie Ihre E-Mail-Adresse und das Passwort Ihres PayPal-Kontos eingeben m\u00fcssen, [&hellip;]<\/p>\n","protected":false},"author":1,"featured_media":0,"parent":0,"menu_order":0,"comment_status":"closed","ping_status":"closed","template":"","meta":{"_et_pb_use_builder":"on","_et_pb_old_content":"","_et_gb_content_width":""},"_links":{"self":[{"href":"https:\/\/stage.shop-cellularswiss.ch\/de\/wp-json\/wp\/v2\/pages\/33887"}],"collection":[{"href":"https:\/\/stage.shop-cellularswiss.ch\/de\/wp-json\/wp\/v2\/pages"}],"about":[{"href":"https:\/\/stage.shop-cellularswiss.ch\/de\/wp-json\/wp\/v2\/types\/page"}],"author":[{"embeddable":true,"href":"https:\/\/stage.shop-cellularswiss.ch\/de\/wp-json\/wp\/v2\/users\/1"}],"replies":[{"embeddable":true,"href":"https:\/\/stage.shop-cellularswiss.ch\/de\/wp-json\/wp\/v2\/comments?post=33887"}],"version-history":[{"count":7,"href":"https:\/\/stage.shop-cellularswiss.ch\/de\/wp-json\/wp\/v2\/pages\/33887\/revisions"}],"predecessor-version":[{"id":33906,"href":"https:\/\/stage.shop-cellularswiss.ch\/de\/wp-json\/wp\/v2\/pages\/33887\/revisions\/33906"}],"wp:attachment":[{"href":"https:\/\/stage.shop-cellularswiss.ch\/de\/wp-json\/wp\/v2\/media?parent=33887"}],"curies":[{"name":"wp","href":"https:\/\/api.w.org\/{rel}","templated":true}]}}