
{"id":51403,"date":"2021-03-20T10:57:33","date_gmt":"2021-03-20T12:50:08","guid":{"rendered":"https:\/\/stage.shop-cellularswiss.ch\/produit\/acoustic-2\/"},"modified":"2021-03-20T13:50:10","modified_gmt":"2021-03-20T12:50:10","slug":"acoustic-2","status":"publish","type":"product","link":"https:\/\/stage.shop-cellularswiss.ch\/de\/produit\/acoustic-2\/","title":{"rendered":"Acoustic+"},"content":{"rendered":"<p>Acoustic+ ist das perfekte Headset f\u00fcr all jene, die auf kraftvolle, definierte B\u00e4sse Wert legen. Dank In-Ear-Kapsel wird eine passive Isolierung vor externen Ger\u00e4uschen erzielt, um einen direkten und spektakul\u00e4ren Klang bei maximalem Tragekomfort zu gew\u00e4hrleisten. Die Streaming Top Sound Performance Technologie erm\u00f6glicht die Musikwiedergabe in optimaler Klangqualit\u00e4t \u2013 auch beim Streaming. Perfekt f\u00fcr diejenigen, die ein optimales H\u00f6rerlebnis mit dem Smartphone erreichen m\u00f6chten. Dank Universal-Fernbedienung k\u00f6nnen die Lautst\u00e4rke und die abgespielten Musiktitel jederzeit ge\u00e4ndert werden. Zus\u00e4tzlich k\u00f6nnen \u00fcber das Mikrofon mit integrierter Rufannahmetaste eingehende Anrufe leicht und schnell mit einem einfachen Klick angenommen werden.<\/p>\n","protected":false},"excerpt":{"rendered":"<p>In-Ear-Headset mit Pump-Bass-Technologie und Fernbedienung<\/p>\n","protected":false},"featured_media":56518,"comment_status":"closed","ping_status":"closed","template":"","meta":{"_et_pb_use_builder":"","_et_pb_old_content":"","_et_gb_content_width":""},"pwb-brand":[],"product_cat":[472,489],"product_tag":[4548],"compatibilite":[],"compatibilite_smartphone":[4366,4369,4384,4363,4370,4354,4365,4375,4376,4355,4383,4357,4368,4373,4381,4382,4361,4378,4356,4359,4377,4364,4379,4353,4374,4372,4380,4362,4358,4371,4360,4367,4385,4388,4386,4389,4387,4390,4415,4402,4413,4396,4406,4414,4405,4408,4394,4403,4407,4404,4410,4395,4409,4399,4398,4401,4400,4393,4412,4397,4416,4411,4392,4391],"brands":[],"_links":{"self":[{"href":"https:\/\/stage.shop-cellularswiss.ch\/de\/wp-json\/wp\/v2\/product\/51403"}],"collection":[{"href":"https:\/\/stage.shop-cellularswiss.ch\/de\/wp-json\/wp\/v2\/product"}],"about":[{"href":"https:\/\/stage.shop-cellularswiss.ch\/de\/wp-json\/wp\/v2\/types\/product"}],"replies":[{"embeddable":true,"href":"https:\/\/stage.shop-cellularswiss.ch\/de\/wp-json\/wp\/v2\/comments?post=51403"}],"wp:featuredmedia":[{"embeddable":true,"href":"https:\/\/stage.shop-cellularswiss.ch\/de\/wp-json\/wp\/v2\/media\/56518"}],"wp:attachment":[{"href":"https:\/\/stage.shop-cellularswiss.ch\/de\/wp-json\/wp\/v2\/media?parent=51403"}],"wp:term":[{"taxonomy":"pwb-brand","embeddable":true,"href":"https:\/\/stage.shop-cellularswiss.ch\/de\/wp-json\/wp\/v2\/pwb-brand?post=51403"},{"taxonomy":"product_cat","embeddable":true,"href":"https:\/\/stage.shop-cellularswiss.ch\/de\/wp-json\/wp\/v2\/product_cat?post=51403"},{"taxonomy":"product_tag","embeddable":true,"href":"https:\/\/stage.shop-cellularswiss.ch\/de\/wp-json\/wp\/v2\/product_tag?post=51403"},{"taxonomy":"compatibilite","embeddable":true,"href":"https:\/\/stage.shop-cellularswiss.ch\/de\/wp-json\/wp\/v2\/compatibilite?post=51403"},{"taxonomy":"compatibilite_smartphone","embeddable":true,"href":"https:\/\/stage.shop-cellularswiss.ch\/de\/wp-json\/wp\/v2\/compatibilite_smartphone?post=51403"}],"curies":[{"name":"wp","href":"https:\/\/api.w.org\/{rel}","templated":true}]}}