
{"id":51405,"date":"2021-03-20T10:57:38","date_gmt":"2021-03-20T12:50:12","guid":{"rendered":"https:\/\/stage.shop-cellularswiss.ch\/produit\/adapters-kit-universal\/"},"modified":"2021-03-20T13:50:13","modified_gmt":"2021-03-20T12:50:13","slug":"adapters-kit-universal","status":"publish","type":"product","link":"https:\/\/stage.shop-cellularswiss.ch\/de\/produit\/adapters-kit-universal\/","title":{"rendered":"Adapters Kit &#8211; Universal"},"content":{"rendered":"<p>Ein SIM-Karten-Adapterset zur Anwendung von Micro-SIM oder Nano-SIM in Ger\u00e4ten (Smartphones oder Tablets), die diese Formate nicht unterst\u00fctzen und um eine Kompatibilit\u00e4t herzustellen.<\/p>\n","protected":false},"excerpt":{"rendered":"<p>Adapterkit f\u00fcr Micro-Sim und Nano-Sim<\/p>\n","protected":false},"featured_media":62680,"comment_status":"closed","ping_status":"closed","template":"","meta":{"_et_pb_use_builder":"","_et_pb_old_content":"","_et_gb_content_width":""},"pwb-brand":[],"product_cat":[3845,1781],"product_tag":[],"compatibilite":[],"compatibilite_smartphone":[4432],"brands":[],"_links":{"self":[{"href":"https:\/\/stage.shop-cellularswiss.ch\/de\/wp-json\/wp\/v2\/product\/51405"}],"collection":[{"href":"https:\/\/stage.shop-cellularswiss.ch\/de\/wp-json\/wp\/v2\/product"}],"about":[{"href":"https:\/\/stage.shop-cellularswiss.ch\/de\/wp-json\/wp\/v2\/types\/product"}],"replies":[{"embeddable":true,"href":"https:\/\/stage.shop-cellularswiss.ch\/de\/wp-json\/wp\/v2\/comments?post=51405"}],"wp:featuredmedia":[{"embeddable":true,"href":"https:\/\/stage.shop-cellularswiss.ch\/de\/wp-json\/wp\/v2\/media\/62680"}],"wp:attachment":[{"href":"https:\/\/stage.shop-cellularswiss.ch\/de\/wp-json\/wp\/v2\/media?parent=51405"}],"wp:term":[{"taxonomy":"pwb-brand","embeddable":true,"href":"https:\/\/stage.shop-cellularswiss.ch\/de\/wp-json\/wp\/v2\/pwb-brand?post=51405"},{"taxonomy":"product_cat","embeddable":true,"href":"https:\/\/stage.shop-cellularswiss.ch\/de\/wp-json\/wp\/v2\/product_cat?post=51405"},{"taxonomy":"product_tag","embeddable":true,"href":"https:\/\/stage.shop-cellularswiss.ch\/de\/wp-json\/wp\/v2\/product_tag?post=51405"},{"taxonomy":"compatibilite","embeddable":true,"href":"https:\/\/stage.shop-cellularswiss.ch\/de\/wp-json\/wp\/v2\/compatibilite?post=51405"},{"taxonomy":"compatibilite_smartphone","embeddable":true,"href":"https:\/\/stage.shop-cellularswiss.ch\/de\/wp-json\/wp\/v2\/compatibilite_smartphone?post=51405"}],"curies":[{"name":"wp","href":"https:\/\/api.w.org\/{rel}","templated":true}]}}