
{"id":51406,"date":"2021-03-20T10:57:40","date_gmt":"2021-03-20T12:50:12","guid":{"rendered":"https:\/\/stage.shop-cellularswiss.ch\/produit\/adaptive-fast-car-charger-kit-15w-micro-usb-samsung\/"},"modified":"2021-03-20T13:50:15","modified_gmt":"2021-03-20T12:50:15","slug":"adaptive-fast-car-charger-kit-15w-micro-usb-samsung","status":"publish","type":"product","link":"https:\/\/stage.shop-cellularswiss.ch\/de\/produit\/adaptive-fast-car-charger-kit-15w-micro-usb-samsung\/","title":{"rendered":"Adaptive Fast Car Charger Kit 15W &#8211; Micro USB &#8211; Samsung"},"content":{"rendered":"<p>ADAPTIVE FAST CAR CHARGER KIT 15W ist das ideale Autoladeger\u00e4t zum schnellstm\u00f6glichen und sicheren Aufladen aller Samsung-Ger\u00e4te mit Micro-USB-Anschluss, die mit der 5 W-, 10 W- und Adaptive Fast Charging-Technologie kompatibel sind. Das im Lieferumfang inbegriffene 100cm Kabel mit Micro-USB-Anschluss erm\u00f6glicht das Aufladen und \u00dcbertragen von Daten. Es gibt keinerlei Abmachung, Lizenz oder Verbindung zwischen Cellularline S.p.A. und den in den Texten und Bildern dieser Website angegebenen Markeninhabern und Namen. Alle Telefonmarken, -namen und -modelle sind Eigentum der jeweiligen Inhaber.<\/p>\n","protected":false},"excerpt":{"rendered":"<p>Adaptives 15W-Autoladekabel und -ger\u00e4t f\u00fcr Samsung-Ger\u00e4te<\/p>\n","protected":false},"featured_media":62848,"comment_status":"closed","ping_status":"closed","template":"","meta":{"_et_pb_use_builder":"","_et_pb_old_content":"","_et_gb_content_width":""},"pwb-brand":[],"product_cat":[3848,1781],"product_tag":[],"compatibilite":[],"compatibilite_smartphone":[4395],"brands":[],"_links":{"self":[{"href":"https:\/\/stage.shop-cellularswiss.ch\/de\/wp-json\/wp\/v2\/product\/51406"}],"collection":[{"href":"https:\/\/stage.shop-cellularswiss.ch\/de\/wp-json\/wp\/v2\/product"}],"about":[{"href":"https:\/\/stage.shop-cellularswiss.ch\/de\/wp-json\/wp\/v2\/types\/product"}],"replies":[{"embeddable":true,"href":"https:\/\/stage.shop-cellularswiss.ch\/de\/wp-json\/wp\/v2\/comments?post=51406"}],"wp:featuredmedia":[{"embeddable":true,"href":"https:\/\/stage.shop-cellularswiss.ch\/de\/wp-json\/wp\/v2\/media\/62848"}],"wp:attachment":[{"href":"https:\/\/stage.shop-cellularswiss.ch\/de\/wp-json\/wp\/v2\/media?parent=51406"}],"wp:term":[{"taxonomy":"pwb-brand","embeddable":true,"href":"https:\/\/stage.shop-cellularswiss.ch\/de\/wp-json\/wp\/v2\/pwb-brand?post=51406"},{"taxonomy":"product_cat","embeddable":true,"href":"https:\/\/stage.shop-cellularswiss.ch\/de\/wp-json\/wp\/v2\/product_cat?post=51406"},{"taxonomy":"product_tag","embeddable":true,"href":"https:\/\/stage.shop-cellularswiss.ch\/de\/wp-json\/wp\/v2\/product_tag?post=51406"},{"taxonomy":"compatibilite","embeddable":true,"href":"https:\/\/stage.shop-cellularswiss.ch\/de\/wp-json\/wp\/v2\/compatibilite?post=51406"},{"taxonomy":"compatibilite_smartphone","embeddable":true,"href":"https:\/\/stage.shop-cellularswiss.ch\/de\/wp-json\/wp\/v2\/compatibilite_smartphone?post=51406"}],"curies":[{"name":"wp","href":"https:\/\/api.w.org\/{rel}","templated":true}]}}