
{"id":51407,"date":"2021-03-20T10:57:42","date_gmt":"2021-03-20T12:50:15","guid":{"rendered":"https:\/\/stage.shop-cellularswiss.ch\/produit\/adaptive-fast-car-charger-kit-15w-usb-c-samsung\/"},"modified":"2021-03-20T13:50:16","modified_gmt":"2021-03-20T12:50:16","slug":"adaptive-fast-car-charger-kit-15w-usb-c-samsung","status":"publish","type":"product","link":"https:\/\/stage.shop-cellularswiss.ch\/de\/produit\/adaptive-fast-car-charger-kit-15w-usb-c-samsung\/","title":{"rendered":"Adaptive Fast Car Charger Kit 15W &#8211; USB-C &#8211; Samsung"},"content":{"rendered":"<p>ADAPTIVE FAST CAR CHARGER KIT 15W ist das ideale Autoladeger\u00e4t zum schnellstm\u00f6glichen und sicheren Aufladen aller Samsung-Ger\u00e4te mit USB-C-Buchse, die mit der 5 W-, 10 W- und Adaptive Fast Charging-Technologie kompatibel sind. Das Kabel mit USB-C-Stecker und einer L\u00e4nge von 100 cm im Lieferumfang erm\u00f6glicht das Laden und die Daten\u00fcbertragung. Es gibt keinerlei Abmachung, Lizenz oder Verbindung zwischen Cellularline S.p.A. und den in den Texten und Bildern dieser Website angegebenen Markeninhabern und Namen. Alle Telefonmarken, -namen und -modelle sind Eigentum der jeweiligen Inhaber.<\/p>\n","protected":false},"excerpt":{"rendered":"<p>Adaptives 15 W-Autoladekabel und -ger\u00e4t f\u00fcr Samsung-Ger\u00e4te<\/p>\n","protected":false},"featured_media":62852,"comment_status":"closed","ping_status":"closed","template":"","meta":{"_et_pb_use_builder":"","_et_pb_old_content":"","_et_gb_content_width":""},"pwb-brand":[],"product_cat":[3848,1781],"product_tag":[],"compatibilite":[],"compatibilite_smartphone":[4415,4402,4396,4406,4405,4408,4394,4403,4407,4404,4401,4400,4431,4425,4424,4393,4412,4397,4416,4411,4426],"brands":[],"_links":{"self":[{"href":"https:\/\/stage.shop-cellularswiss.ch\/de\/wp-json\/wp\/v2\/product\/51407"}],"collection":[{"href":"https:\/\/stage.shop-cellularswiss.ch\/de\/wp-json\/wp\/v2\/product"}],"about":[{"href":"https:\/\/stage.shop-cellularswiss.ch\/de\/wp-json\/wp\/v2\/types\/product"}],"replies":[{"embeddable":true,"href":"https:\/\/stage.shop-cellularswiss.ch\/de\/wp-json\/wp\/v2\/comments?post=51407"}],"wp:featuredmedia":[{"embeddable":true,"href":"https:\/\/stage.shop-cellularswiss.ch\/de\/wp-json\/wp\/v2\/media\/62852"}],"wp:attachment":[{"href":"https:\/\/stage.shop-cellularswiss.ch\/de\/wp-json\/wp\/v2\/media?parent=51407"}],"wp:term":[{"taxonomy":"pwb-brand","embeddable":true,"href":"https:\/\/stage.shop-cellularswiss.ch\/de\/wp-json\/wp\/v2\/pwb-brand?post=51407"},{"taxonomy":"product_cat","embeddable":true,"href":"https:\/\/stage.shop-cellularswiss.ch\/de\/wp-json\/wp\/v2\/product_cat?post=51407"},{"taxonomy":"product_tag","embeddable":true,"href":"https:\/\/stage.shop-cellularswiss.ch\/de\/wp-json\/wp\/v2\/product_tag?post=51407"},{"taxonomy":"compatibilite","embeddable":true,"href":"https:\/\/stage.shop-cellularswiss.ch\/de\/wp-json\/wp\/v2\/compatibilite?post=51407"},{"taxonomy":"compatibilite_smartphone","embeddable":true,"href":"https:\/\/stage.shop-cellularswiss.ch\/de\/wp-json\/wp\/v2\/compatibilite_smartphone?post=51407"}],"curies":[{"name":"wp","href":"https:\/\/api.w.org\/{rel}","templated":true}]}}