
{"id":51409,"date":"2021-03-20T10:57:48","date_gmt":"2021-03-20T12:50:18","guid":{"rendered":"https:\/\/stage.shop-cellularswiss.ch\/produit\/adaptive-fast-charger-kit-15w-usb-c-samsung\/"},"modified":"2021-03-20T13:50:20","modified_gmt":"2021-03-20T12:50:20","slug":"adaptive-fast-charger-kit-15w-usb-c-samsung","status":"publish","type":"product","link":"https:\/\/stage.shop-cellularswiss.ch\/de\/produit\/adaptive-fast-charger-kit-15w-usb-c-samsung\/","title":{"rendered":"Adaptive Fast Charger Kit 15W &#8211; USB-C &#8211; Samsung"},"content":{"rendered":"<p>ADAPTIVE FAST CHARGER KIT 15W ist das ideale Netzladeger\u00e4t zum schnellstm\u00f6glichen und sicheren Aufladen aller Samsung-Ger\u00e4te mit USB-C-Buchse, die mit der 5 W-, 10 W- und Adaptive Fast Charging-Technologie kompatibel sind. Das Kabel mit USB-C-Stecker und einer L\u00e4nge von 100 cm im Lieferumfang erm\u00f6glicht das Laden und die Daten\u00fcbertragung. Es gibt keinerlei Abmachung, Lizenz oder Verbindung zwischen Cellularline S.p.A. und den in den Texten und Bildern dieser Website angegebenen Markeninhabern und Namen. Alle Telefonmarken, -namen und -modelle sind Eigentum der jeweiligen Inhaber.<\/p>\n","protected":false},"excerpt":{"rendered":"<p>Schnelles Akkuladeger\u00e4t mit Typ-C-Kabel f\u00fcr Ger\u00e4te mit adaptiver Ladetechnik<\/p>\n","protected":false},"featured_media":47777,"comment_status":"closed","ping_status":"closed","template":"","meta":{"_et_pb_use_builder":"","_et_pb_old_content":"","_et_gb_content_width":""},"pwb-brand":[],"product_cat":[1781,1784],"product_tag":[],"compatibilite":[],"compatibilite_smartphone":[4415,4402,4396,4406,4405,4408,4394,4403,4407,4404,4401,4400,4431,4425,4424,4393,4412,4397,4416,4411,4426],"brands":[],"_links":{"self":[{"href":"https:\/\/stage.shop-cellularswiss.ch\/de\/wp-json\/wp\/v2\/product\/51409"}],"collection":[{"href":"https:\/\/stage.shop-cellularswiss.ch\/de\/wp-json\/wp\/v2\/product"}],"about":[{"href":"https:\/\/stage.shop-cellularswiss.ch\/de\/wp-json\/wp\/v2\/types\/product"}],"replies":[{"embeddable":true,"href":"https:\/\/stage.shop-cellularswiss.ch\/de\/wp-json\/wp\/v2\/comments?post=51409"}],"wp:featuredmedia":[{"embeddable":true,"href":"https:\/\/stage.shop-cellularswiss.ch\/de\/wp-json\/wp\/v2\/media\/47777"}],"wp:attachment":[{"href":"https:\/\/stage.shop-cellularswiss.ch\/de\/wp-json\/wp\/v2\/media?parent=51409"}],"wp:term":[{"taxonomy":"pwb-brand","embeddable":true,"href":"https:\/\/stage.shop-cellularswiss.ch\/de\/wp-json\/wp\/v2\/pwb-brand?post=51409"},{"taxonomy":"product_cat","embeddable":true,"href":"https:\/\/stage.shop-cellularswiss.ch\/de\/wp-json\/wp\/v2\/product_cat?post=51409"},{"taxonomy":"product_tag","embeddable":true,"href":"https:\/\/stage.shop-cellularswiss.ch\/de\/wp-json\/wp\/v2\/product_tag?post=51409"},{"taxonomy":"compatibilite","embeddable":true,"href":"https:\/\/stage.shop-cellularswiss.ch\/de\/wp-json\/wp\/v2\/compatibilite?post=51409"},{"taxonomy":"compatibilite_smartphone","embeddable":true,"href":"https:\/\/stage.shop-cellularswiss.ch\/de\/wp-json\/wp\/v2\/compatibilite_smartphone?post=51409"}],"curies":[{"name":"wp","href":"https:\/\/api.w.org\/{rel}","templated":true}]}}