
{"id":51410,"date":"2021-03-20T10:57:51","date_gmt":"2021-03-20T12:50:18","guid":{"rendered":"https:\/\/stage.shop-cellularswiss.ch\/produit\/animal-mini-speaker-universale\/"},"modified":"2021-03-20T13:50:26","modified_gmt":"2021-03-20T12:50:26","slug":"animal-mini-speaker-universale","status":"publish","type":"product","link":"https:\/\/stage.shop-cellularswiss.ch\/de\/produit\/animal-mini-speaker-universale\/","title":{"rendered":"ANIMAL MINI SPEAKER &#8211; UNIVERSALE"},"content":{"rendered":"<p>Die Animal Speaker sind die lustigen, superbunten Mini-Lautsprecher mit Kabel, die ideal f\u00fcr alle sind, die ihre Lieblingsmusik h\u00f6ren m\u00f6chten und einen Hauch mehr Pers\u00f6nlichkeit w\u00fcnschen. Die kleinen, portablen Animal Speaker sind einfach zu verwenden: Einfach einschalten, an das Smartphone anschlie\u00dfen und die Lieblingsplaylist starten. Dank des praktischen Schl\u00fcsselanh\u00e4ngerrings kannst du deinen Mini-Lautsprecher immer bei dir tragen, um deine Lieblingsmusik \u00fcberall wiedergeben und anh\u00f6ren zu k\u00f6nnen. W\u00e4hle das Tier, das dir am besten gef\u00e4llt, oder sammle sie alle: Du kannst bis zu 5 Mini-Lautsprecher miteinander verbinden, um die Lautst\u00e4rke deiner Musik zu erh\u00f6hen!<\/p>\n","protected":false},"excerpt":{"rendered":"<p>Kleine tragbarer Lautsprecher<\/p>\n","protected":false},"featured_media":54186,"comment_status":"closed","ping_status":"closed","template":"","meta":{"_et_pb_use_builder":"","_et_pb_old_content":"","_et_gb_content_width":""},"pwb-brand":[],"product_cat":[493,505],"product_tag":[],"compatibilite":[],"compatibilite_smartphone":[],"brands":[],"_links":{"self":[{"href":"https:\/\/stage.shop-cellularswiss.ch\/de\/wp-json\/wp\/v2\/product\/51410"}],"collection":[{"href":"https:\/\/stage.shop-cellularswiss.ch\/de\/wp-json\/wp\/v2\/product"}],"about":[{"href":"https:\/\/stage.shop-cellularswiss.ch\/de\/wp-json\/wp\/v2\/types\/product"}],"replies":[{"embeddable":true,"href":"https:\/\/stage.shop-cellularswiss.ch\/de\/wp-json\/wp\/v2\/comments?post=51410"}],"wp:featuredmedia":[{"embeddable":true,"href":"https:\/\/stage.shop-cellularswiss.ch\/de\/wp-json\/wp\/v2\/media\/54186"}],"wp:attachment":[{"href":"https:\/\/stage.shop-cellularswiss.ch\/de\/wp-json\/wp\/v2\/media?parent=51410"}],"wp:term":[{"taxonomy":"pwb-brand","embeddable":true,"href":"https:\/\/stage.shop-cellularswiss.ch\/de\/wp-json\/wp\/v2\/pwb-brand?post=51410"},{"taxonomy":"product_cat","embeddable":true,"href":"https:\/\/stage.shop-cellularswiss.ch\/de\/wp-json\/wp\/v2\/product_cat?post=51410"},{"taxonomy":"product_tag","embeddable":true,"href":"https:\/\/stage.shop-cellularswiss.ch\/de\/wp-json\/wp\/v2\/product_tag?post=51410"},{"taxonomy":"compatibilite","embeddable":true,"href":"https:\/\/stage.shop-cellularswiss.ch\/de\/wp-json\/wp\/v2\/compatibilite?post=51410"},{"taxonomy":"compatibilite_smartphone","embeddable":true,"href":"https:\/\/stage.shop-cellularswiss.ch\/de\/wp-json\/wp\/v2\/compatibilite_smartphone?post=51410"}],"curies":[{"name":"wp","href":"https:\/\/api.w.org\/{rel}","templated":true}]}}