
{"id":51429,"date":"2021-03-20T10:58:35","date_gmt":"2021-03-20T12:50:48","guid":{"rendered":"https:\/\/stage.shop-cellularswiss.ch\/produit\/antibacterial-case-samsung-galaxy-a41\/"},"modified":"2021-03-20T13:50:53","modified_gmt":"2021-03-20T12:50:53","slug":"antibacterial-case-samsung-galaxy-a41","status":"publish","type":"product","link":"https:\/\/stage.shop-cellularswiss.ch\/de\/produit\/antibacterial-case-samsung-galaxy-a41\/","title":{"rendered":"Antibacterial Case &#8211; Samsung Galaxy A41"},"content":{"rendered":"<p>Das mit integrierter antibakterieller Technologie Microban\u00ae hergestellte Antibacterial Case sch\u00fctzt das Smartphone nicht nur vor Kratzern und St\u00fcrzen, sondern auch vor Bakterien. Die antibakterielle Technologie behindert das Bakterienwachstum auf der Oberfl\u00e4che der H\u00fclle um bis zu 99,9 %. Sie wird beim Produktionsverfahren in die H\u00fclle eingelassen, l\u00e4sst sich nicht entfernen und wird nicht verbraucht: sie ist st\u00e4ndig aktiv und wirksam. Antibacterial Case verbindet eine harte R\u00fcckseite und einen Rahmen aus Gummi f\u00fcr h\u00f6heren Schutz von Smartphone und Display.<\/p>\n","protected":false},"excerpt":{"rendered":"<p>Schutzh\u00fclle mit integrierter antibakterieller Technologie<\/p>\n","protected":false},"featured_media":34451,"comment_status":"closed","ping_status":"closed","template":"","meta":{"_et_pb_use_builder":"","_et_pb_old_content":"","_et_gb_content_width":""},"pwb-brand":[],"product_cat":[542,559],"product_tag":[],"compatibilite":[],"compatibilite_smartphone":[4408],"brands":[],"_links":{"self":[{"href":"https:\/\/stage.shop-cellularswiss.ch\/de\/wp-json\/wp\/v2\/product\/51429"}],"collection":[{"href":"https:\/\/stage.shop-cellularswiss.ch\/de\/wp-json\/wp\/v2\/product"}],"about":[{"href":"https:\/\/stage.shop-cellularswiss.ch\/de\/wp-json\/wp\/v2\/types\/product"}],"replies":[{"embeddable":true,"href":"https:\/\/stage.shop-cellularswiss.ch\/de\/wp-json\/wp\/v2\/comments?post=51429"}],"wp:featuredmedia":[{"embeddable":true,"href":"https:\/\/stage.shop-cellularswiss.ch\/de\/wp-json\/wp\/v2\/media\/34451"}],"wp:attachment":[{"href":"https:\/\/stage.shop-cellularswiss.ch\/de\/wp-json\/wp\/v2\/media?parent=51429"}],"wp:term":[{"taxonomy":"pwb-brand","embeddable":true,"href":"https:\/\/stage.shop-cellularswiss.ch\/de\/wp-json\/wp\/v2\/pwb-brand?post=51429"},{"taxonomy":"product_cat","embeddable":true,"href":"https:\/\/stage.shop-cellularswiss.ch\/de\/wp-json\/wp\/v2\/product_cat?post=51429"},{"taxonomy":"product_tag","embeddable":true,"href":"https:\/\/stage.shop-cellularswiss.ch\/de\/wp-json\/wp\/v2\/product_tag?post=51429"},{"taxonomy":"compatibilite","embeddable":true,"href":"https:\/\/stage.shop-cellularswiss.ch\/de\/wp-json\/wp\/v2\/compatibilite?post=51429"},{"taxonomy":"compatibilite_smartphone","embeddable":true,"href":"https:\/\/stage.shop-cellularswiss.ch\/de\/wp-json\/wp\/v2\/compatibilite_smartphone?post=51429"}],"curies":[{"name":"wp","href":"https:\/\/api.w.org\/{rel}","templated":true}]}}