
{"id":51434,"date":"2021-03-20T13:50:59","date_gmt":"2021-03-20T12:50:59","guid":{"rendered":"https:\/\/stage.shop-cellularswiss.ch\/produit\/antibacterial-glass-galaxy-a51\/"},"modified":"2021-03-20T13:51:05","modified_gmt":"2021-03-20T12:51:05","slug":"antibacterial-glass-galaxy-a51","status":"publish","type":"product","link":"https:\/\/stage.shop-cellularswiss.ch\/de\/produit\/antibacterial-glass-galaxy-a51\/","title":{"rendered":"Antibacterial Glass &#8211; Galaxy A51"},"content":{"rendered":"<p>Das mit integrierter antibakterieller Technologie Microban\u00ae hergestellte Antibacterial Glass sch\u00fctzt das Display des Smartphones nicht nur vor Kratzern und St\u00fcrzen, sondern auch vor Bakterien. Die antibakterielle Technologie behindert das Bakterienwachstum auf der Oberfl\u00e4che des Glases um bis zu 99,9 %. Sie wird beim Produktionsverfahren in das Glas eingelassen, l\u00e4sst sich nicht entfernen und wird nicht verbraucht: sie ist st\u00e4ndig aktiv und wirksam. Antibacterial Glass bietet h\u00f6chsten Schutz unter Gew\u00e4hrleistung der gleichen Touch-Empfindlichkeit und Helligkeit des Original-Displays.<\/p>\n","protected":false},"excerpt":{"rendered":"<p>Geh\u00e4rtetes Glas mit integrierter antibakterieller Technologie.<\/p>\n","protected":false},"featured_media":39462,"comment_status":"closed","ping_status":"open","template":"","meta":{"_et_pb_use_builder":"","_et_pb_old_content":"","_et_gb_content_width":""},"pwb-brand":[],"product_cat":[542,549],"product_tag":[],"compatibilite":[],"compatibilite_smartphone":[4407],"brands":[],"_links":{"self":[{"href":"https:\/\/stage.shop-cellularswiss.ch\/de\/wp-json\/wp\/v2\/product\/51434"}],"collection":[{"href":"https:\/\/stage.shop-cellularswiss.ch\/de\/wp-json\/wp\/v2\/product"}],"about":[{"href":"https:\/\/stage.shop-cellularswiss.ch\/de\/wp-json\/wp\/v2\/types\/product"}],"replies":[{"embeddable":true,"href":"https:\/\/stage.shop-cellularswiss.ch\/de\/wp-json\/wp\/v2\/comments?post=51434"}],"wp:featuredmedia":[{"embeddable":true,"href":"https:\/\/stage.shop-cellularswiss.ch\/de\/wp-json\/wp\/v2\/media\/39462"}],"wp:attachment":[{"href":"https:\/\/stage.shop-cellularswiss.ch\/de\/wp-json\/wp\/v2\/media?parent=51434"}],"wp:term":[{"taxonomy":"pwb-brand","embeddable":true,"href":"https:\/\/stage.shop-cellularswiss.ch\/de\/wp-json\/wp\/v2\/pwb-brand?post=51434"},{"taxonomy":"product_cat","embeddable":true,"href":"https:\/\/stage.shop-cellularswiss.ch\/de\/wp-json\/wp\/v2\/product_cat?post=51434"},{"taxonomy":"product_tag","embeddable":true,"href":"https:\/\/stage.shop-cellularswiss.ch\/de\/wp-json\/wp\/v2\/product_tag?post=51434"},{"taxonomy":"compatibilite","embeddable":true,"href":"https:\/\/stage.shop-cellularswiss.ch\/de\/wp-json\/wp\/v2\/compatibilite?post=51434"},{"taxonomy":"compatibilite_smartphone","embeddable":true,"href":"https:\/\/stage.shop-cellularswiss.ch\/de\/wp-json\/wp\/v2\/compatibilite_smartphone?post=51434"}],"curies":[{"name":"wp","href":"https:\/\/api.w.org\/{rel}","templated":true}]}}