
{"id":51453,"date":"2021-03-20T10:59:23","date_gmt":"2021-03-20T12:51:22","guid":{"rendered":"https:\/\/stage.shop-cellularswiss.ch\/produit\/armband-fitness-per-smartphone-misure-max-telefono-157mm80mm\/"},"modified":"2022-04-07T09:07:28","modified_gmt":"2022-04-07T07:07:28","slug":"armband-fitness-per-smartphone-misure-max-telefono-157mm80mm","status":"publish","type":"product","link":"https:\/\/stage.shop-cellularswiss.ch\/de\/produit\/armband-fitness-per-smartphone-misure-max-telefono-157mm80mm\/","title":{"rendered":"Armband Fitness &#8211; Per Smartphone (Misure max telefono: 157mm*80mm)"},"content":{"rendered":"<p>Besonders weiches Armband aus Mikrofaser. Unglaublich komfortabel mit \u00d6ffnungen f\u00fcr den Durchgang des Headsets, die ideale Fitness-Begleitung. Man vergisst, dass man es tr\u00e4gt!<\/p>\n","protected":false},"excerpt":{"rendered":"<p>Der ideale Fitness-Begleiter<\/p>\n","protected":false},"featured_media":56502,"comment_status":"closed","ping_status":"closed","template":"","meta":{"_et_pb_use_builder":"","_et_pb_old_content":"","_et_gb_content_width":""},"pwb-brand":[],"product_cat":[493,1786],"product_tag":[4551],"compatibilite":[],"compatibilite_smartphone":[4359,4447,4448,4435,4434,4385,4388,4386,4421,4390,4402,4413,4406,4403,4407,4404,4410,4422,4409,4423,4401,4400,4397,4391],"brands":[],"_links":{"self":[{"href":"https:\/\/stage.shop-cellularswiss.ch\/de\/wp-json\/wp\/v2\/product\/51453"}],"collection":[{"href":"https:\/\/stage.shop-cellularswiss.ch\/de\/wp-json\/wp\/v2\/product"}],"about":[{"href":"https:\/\/stage.shop-cellularswiss.ch\/de\/wp-json\/wp\/v2\/types\/product"}],"replies":[{"embeddable":true,"href":"https:\/\/stage.shop-cellularswiss.ch\/de\/wp-json\/wp\/v2\/comments?post=51453"}],"wp:featuredmedia":[{"embeddable":true,"href":"https:\/\/stage.shop-cellularswiss.ch\/de\/wp-json\/wp\/v2\/media\/56502"}],"wp:attachment":[{"href":"https:\/\/stage.shop-cellularswiss.ch\/de\/wp-json\/wp\/v2\/media?parent=51453"}],"wp:term":[{"taxonomy":"pwb-brand","embeddable":true,"href":"https:\/\/stage.shop-cellularswiss.ch\/de\/wp-json\/wp\/v2\/pwb-brand?post=51453"},{"taxonomy":"product_cat","embeddable":true,"href":"https:\/\/stage.shop-cellularswiss.ch\/de\/wp-json\/wp\/v2\/product_cat?post=51453"},{"taxonomy":"product_tag","embeddable":true,"href":"https:\/\/stage.shop-cellularswiss.ch\/de\/wp-json\/wp\/v2\/product_tag?post=51453"},{"taxonomy":"compatibilite","embeddable":true,"href":"https:\/\/stage.shop-cellularswiss.ch\/de\/wp-json\/wp\/v2\/compatibilite?post=51453"},{"taxonomy":"compatibilite_smartphone","embeddable":true,"href":"https:\/\/stage.shop-cellularswiss.ch\/de\/wp-json\/wp\/v2\/compatibilite_smartphone?post=51453"}],"curies":[{"name":"wp","href":"https:\/\/api.w.org\/{rel}","templated":true}]}}