
{"id":51455,"date":"2021-03-20T13:51:26","date_gmt":"2021-03-20T12:51:26","guid":{"rendered":"https:\/\/stage.shop-cellularswiss.ch\/produit\/audio-splitter\/"},"modified":"2021-03-20T13:51:30","modified_gmt":"2021-03-20T12:51:30","slug":"audio-splitter","status":"publish","type":"product","link":"https:\/\/stage.shop-cellularswiss.ch\/de\/produit\/audio-splitter\/","title":{"rendered":"Audio Splitter"},"content":{"rendered":"<p>Audio Splitter ist das ideale Aux-Kabel mit doppeltem Steckverbinder, um die pers\u00f6nliche Lieblingsmusik anzuh\u00f6ren und sie mit den Freunden zu teilen. Bestehend aus einem ultrawiderstandsf\u00e4higem und rei\u00dffestem Material mit Textilverkleidung, eignet es sich ideal, um das Smartphone mit mehreren Ger\u00e4ten zu verbinden.<\/p>\n","protected":false},"excerpt":{"rendered":"<p>Aux-Kabel mit doppeltem Steckverbinder<\/p>\n","protected":false},"featured_media":57797,"comment_status":"closed","ping_status":"open","template":"","meta":{"_et_pb_use_builder":"","_et_pb_old_content":"","_et_gb_content_width":""},"pwb-brand":[],"product_cat":[473,472],"product_tag":[],"compatibilite":[],"compatibilite_smartphone":[4366,4384,4365,4385,4388,4386,4389,4387,4402,4413,4406,4414,4405,4408,4403,4407,4404,4410,4409,4401,4400,4393,4397,4416,4411,4392,4391],"brands":[],"_links":{"self":[{"href":"https:\/\/stage.shop-cellularswiss.ch\/de\/wp-json\/wp\/v2\/product\/51455"}],"collection":[{"href":"https:\/\/stage.shop-cellularswiss.ch\/de\/wp-json\/wp\/v2\/product"}],"about":[{"href":"https:\/\/stage.shop-cellularswiss.ch\/de\/wp-json\/wp\/v2\/types\/product"}],"replies":[{"embeddable":true,"href":"https:\/\/stage.shop-cellularswiss.ch\/de\/wp-json\/wp\/v2\/comments?post=51455"}],"wp:featuredmedia":[{"embeddable":true,"href":"https:\/\/stage.shop-cellularswiss.ch\/de\/wp-json\/wp\/v2\/media\/57797"}],"wp:attachment":[{"href":"https:\/\/stage.shop-cellularswiss.ch\/de\/wp-json\/wp\/v2\/media?parent=51455"}],"wp:term":[{"taxonomy":"pwb-brand","embeddable":true,"href":"https:\/\/stage.shop-cellularswiss.ch\/de\/wp-json\/wp\/v2\/pwb-brand?post=51455"},{"taxonomy":"product_cat","embeddable":true,"href":"https:\/\/stage.shop-cellularswiss.ch\/de\/wp-json\/wp\/v2\/product_cat?post=51455"},{"taxonomy":"product_tag","embeddable":true,"href":"https:\/\/stage.shop-cellularswiss.ch\/de\/wp-json\/wp\/v2\/product_tag?post=51455"},{"taxonomy":"compatibilite","embeddable":true,"href":"https:\/\/stage.shop-cellularswiss.ch\/de\/wp-json\/wp\/v2\/compatibilite?post=51455"},{"taxonomy":"compatibilite_smartphone","embeddable":true,"href":"https:\/\/stage.shop-cellularswiss.ch\/de\/wp-json\/wp\/v2\/compatibilite_smartphone?post=51455"}],"curies":[{"name":"wp","href":"https:\/\/api.w.org\/{rel}","templated":true}]}}