
{"id":51456,"date":"2021-03-20T13:51:29","date_gmt":"2021-03-20T12:51:29","guid":{"rendered":"https:\/\/stage.shop-cellularswiss.ch\/produit\/aux-adapter-audio\/"},"modified":"2021-03-20T13:51:30","modified_gmt":"2021-03-20T12:51:30","slug":"aux-adapter-audio","status":"publish","type":"product","link":"https:\/\/stage.shop-cellularswiss.ch\/de\/produit\/aux-adapter-audio\/","title":{"rendered":"Aux Adapter Audio"},"content":{"rendered":"<p>Aux Audio Adapter ist der mit ultraresistentem Material bezogene Adapter f\u00fcr bessere Rei\u00dffestigkeit und Haltbarkeit. Aux Audio Adapter ist perfekt f\u00fcr die Verwendung im Auto oder zu Hause, um \u00fcberall die Lieblings-Playlist anh\u00f6ren zu k\u00f6nnen!<\/p>\n","protected":false},"excerpt":{"rendered":"<p>Vom Jack-Stecker 3,5 mm zum Lightning-Anschluss<\/p>\n","protected":false},"featured_media":35442,"comment_status":"closed","ping_status":"open","template":"","meta":{"_et_pb_use_builder":"","_et_pb_old_content":"","_et_gb_content_width":""},"pwb-brand":[],"product_cat":[473,472],"product_tag":[],"compatibilite":[],"compatibilite_smartphone":[4366,4365,4375,4376,4443,4355,4357,4368,4373,4451,4381,4417,4419,4382,4418,4437,4439,4438,4446,4442,4445,4444,4359,4377,4364,4379,4353,4374,4372,4449,4447,4380,4362,4448,4440,4358,4435,4433,4434],"brands":[],"_links":{"self":[{"href":"https:\/\/stage.shop-cellularswiss.ch\/de\/wp-json\/wp\/v2\/product\/51456"}],"collection":[{"href":"https:\/\/stage.shop-cellularswiss.ch\/de\/wp-json\/wp\/v2\/product"}],"about":[{"href":"https:\/\/stage.shop-cellularswiss.ch\/de\/wp-json\/wp\/v2\/types\/product"}],"replies":[{"embeddable":true,"href":"https:\/\/stage.shop-cellularswiss.ch\/de\/wp-json\/wp\/v2\/comments?post=51456"}],"wp:featuredmedia":[{"embeddable":true,"href":"https:\/\/stage.shop-cellularswiss.ch\/de\/wp-json\/wp\/v2\/media\/35442"}],"wp:attachment":[{"href":"https:\/\/stage.shop-cellularswiss.ch\/de\/wp-json\/wp\/v2\/media?parent=51456"}],"wp:term":[{"taxonomy":"pwb-brand","embeddable":true,"href":"https:\/\/stage.shop-cellularswiss.ch\/de\/wp-json\/wp\/v2\/pwb-brand?post=51456"},{"taxonomy":"product_cat","embeddable":true,"href":"https:\/\/stage.shop-cellularswiss.ch\/de\/wp-json\/wp\/v2\/product_cat?post=51456"},{"taxonomy":"product_tag","embeddable":true,"href":"https:\/\/stage.shop-cellularswiss.ch\/de\/wp-json\/wp\/v2\/product_tag?post=51456"},{"taxonomy":"compatibilite","embeddable":true,"href":"https:\/\/stage.shop-cellularswiss.ch\/de\/wp-json\/wp\/v2\/compatibilite?post=51456"},{"taxonomy":"compatibilite_smartphone","embeddable":true,"href":"https:\/\/stage.shop-cellularswiss.ch\/de\/wp-json\/wp\/v2\/compatibilite_smartphone?post=51456"}],"curies":[{"name":"wp","href":"https:\/\/api.w.org\/{rel}","templated":true}]}}