
{"id":51461,"date":"2021-03-20T10:59:43","date_gmt":"2021-03-20T12:51:36","guid":{"rendered":"https:\/\/stage.shop-cellularswiss.ch\/produit\/aux-music-cable-type-c\/"},"modified":"2022-04-07T09:07:28","modified_gmt":"2022-04-07T07:07:28","slug":"aux-music-cable-type-c","status":"publish","type":"product","link":"https:\/\/stage.shop-cellularswiss.ch\/de\/produit\/aux-music-cable-type-c\/","title":{"rendered":"AUX MUSIC CABLE TYPE-C"},"content":{"rendered":"<p>Mit dem AUX MUSIC CABLE TYPE-C k\u00f6nnen Sie Musik und Audioinhalte von einem USB-C-Ger\u00e4t (Smartphone oder Tablet) \u00fcber eine Stereoanlage, ein Autoradio oder einen Kopfh\u00f6rer mit 3,5-mm-Eingang wiedergeben.<\/p>\n","protected":false},"excerpt":{"rendered":"<p>Audio-Kabel zu 3,5 mm mit USB-C-Anschluss<\/p>\n","protected":false},"featured_media":35458,"comment_status":"closed","ping_status":"closed","template":"","meta":{"_et_pb_use_builder":"","_et_pb_old_content":"","_et_gb_content_width":""},"pwb-brand":[],"product_cat":[493],"product_tag":[],"compatibilite":[],"compatibilite_smartphone":[4421,4402,4422,4427,4423,4425,4424],"brands":[],"_links":{"self":[{"href":"https:\/\/stage.shop-cellularswiss.ch\/de\/wp-json\/wp\/v2\/product\/51461"}],"collection":[{"href":"https:\/\/stage.shop-cellularswiss.ch\/de\/wp-json\/wp\/v2\/product"}],"about":[{"href":"https:\/\/stage.shop-cellularswiss.ch\/de\/wp-json\/wp\/v2\/types\/product"}],"replies":[{"embeddable":true,"href":"https:\/\/stage.shop-cellularswiss.ch\/de\/wp-json\/wp\/v2\/comments?post=51461"}],"wp:featuredmedia":[{"embeddable":true,"href":"https:\/\/stage.shop-cellularswiss.ch\/de\/wp-json\/wp\/v2\/media\/35458"}],"wp:attachment":[{"href":"https:\/\/stage.shop-cellularswiss.ch\/de\/wp-json\/wp\/v2\/media?parent=51461"}],"wp:term":[{"taxonomy":"pwb-brand","embeddable":true,"href":"https:\/\/stage.shop-cellularswiss.ch\/de\/wp-json\/wp\/v2\/pwb-brand?post=51461"},{"taxonomy":"product_cat","embeddable":true,"href":"https:\/\/stage.shop-cellularswiss.ch\/de\/wp-json\/wp\/v2\/product_cat?post=51461"},{"taxonomy":"product_tag","embeddable":true,"href":"https:\/\/stage.shop-cellularswiss.ch\/de\/wp-json\/wp\/v2\/product_tag?post=51461"},{"taxonomy":"compatibilite","embeddable":true,"href":"https:\/\/stage.shop-cellularswiss.ch\/de\/wp-json\/wp\/v2\/compatibilite?post=51461"},{"taxonomy":"compatibilite_smartphone","embeddable":true,"href":"https:\/\/stage.shop-cellularswiss.ch\/de\/wp-json\/wp\/v2\/compatibilite_smartphone?post=51461"}],"curies":[{"name":"wp","href":"https:\/\/api.w.org\/{rel}","templated":true}]}}