
{"id":51464,"date":"2021-03-20T13:51:42","date_gmt":"2021-03-20T12:51:42","guid":{"rendered":"https:\/\/stage.shop-cellularswiss.ch\/produit\/balance-kit-airpods-12\/"},"modified":"2021-03-20T13:51:44","modified_gmt":"2021-03-20T12:51:44","slug":"balance-kit-airpods-12","status":"publish","type":"product","link":"https:\/\/stage.shop-cellularswiss.ch\/de\/produit\/balance-kit-airpods-12\/","title":{"rendered":"Balance Kit &#8211; AirPods 1&#038;2"},"content":{"rendered":"<p>Balance Kit ist ein Zubeh\u00f6rkit f\u00fcr AirPods der ersten und zweiten Generation, das f\u00fcr Personen entwickelt wurde, die Probleme beim Tragen der Ohrh\u00f6rer haben. Das Kit umfasst: ein wei\u00dfer B\u00fcgel aus TPU, ideal f\u00fcr Sportler, um die Ohrh\u00f6rer w\u00e4hrend der Bewegung besser festzuhalten; zwei Paar wei\u00dfe Silikon-Ohrh\u00f6rerabdeckungen mit Anti-Rutsch-Funktion f\u00fcr eine sicherere und bequemere Passform; zwei Paar wei\u00dfe Silikon-Ohrh\u00f6rerabdeckungen zum Umwandeln der Ohrh\u00f6rer von Kapsel-Version in In-Ear-Version.<\/p>\n","protected":false},"excerpt":{"rendered":"<p>Zubeh\u00f6rkit f\u00fcr AirPods: B\u00fcgel und Ohrh\u00f6rerabdeckungen<\/p>\n","protected":false},"featured_media":35466,"comment_status":"closed","ping_status":"open","template":"","meta":{"_et_pb_use_builder":"","_et_pb_old_content":"","_et_gb_content_width":""},"pwb-brand":[],"product_cat":[544,542],"product_tag":[],"compatibilite":[],"compatibilite_smartphone":[4454],"brands":[],"_links":{"self":[{"href":"https:\/\/stage.shop-cellularswiss.ch\/de\/wp-json\/wp\/v2\/product\/51464"}],"collection":[{"href":"https:\/\/stage.shop-cellularswiss.ch\/de\/wp-json\/wp\/v2\/product"}],"about":[{"href":"https:\/\/stage.shop-cellularswiss.ch\/de\/wp-json\/wp\/v2\/types\/product"}],"replies":[{"embeddable":true,"href":"https:\/\/stage.shop-cellularswiss.ch\/de\/wp-json\/wp\/v2\/comments?post=51464"}],"wp:featuredmedia":[{"embeddable":true,"href":"https:\/\/stage.shop-cellularswiss.ch\/de\/wp-json\/wp\/v2\/media\/35466"}],"wp:attachment":[{"href":"https:\/\/stage.shop-cellularswiss.ch\/de\/wp-json\/wp\/v2\/media?parent=51464"}],"wp:term":[{"taxonomy":"pwb-brand","embeddable":true,"href":"https:\/\/stage.shop-cellularswiss.ch\/de\/wp-json\/wp\/v2\/pwb-brand?post=51464"},{"taxonomy":"product_cat","embeddable":true,"href":"https:\/\/stage.shop-cellularswiss.ch\/de\/wp-json\/wp\/v2\/product_cat?post=51464"},{"taxonomy":"product_tag","embeddable":true,"href":"https:\/\/stage.shop-cellularswiss.ch\/de\/wp-json\/wp\/v2\/product_tag?post=51464"},{"taxonomy":"compatibilite","embeddable":true,"href":"https:\/\/stage.shop-cellularswiss.ch\/de\/wp-json\/wp\/v2\/compatibilite?post=51464"},{"taxonomy":"compatibilite_smartphone","embeddable":true,"href":"https:\/\/stage.shop-cellularswiss.ch\/de\/wp-json\/wp\/v2\/compatibilite_smartphone?post=51464"}],"curies":[{"name":"wp","href":"https:\/\/api.w.org\/{rel}","templated":true}]}}