
{"id":51477,"date":"2021-03-20T13:52:01","date_gmt":"2021-03-20T12:52:01","guid":{"rendered":"https:\/\/stage.shop-cellularswiss.ch\/produit\/bike-holder-pro-universal\/"},"modified":"2021-03-20T13:52:05","modified_gmt":"2021-03-20T12:52:05","slug":"bike-holder-pro-universal","status":"publish","type":"product","link":"https:\/\/stage.shop-cellularswiss.ch\/de\/produit\/bike-holder-pro-universal\/","title":{"rendered":"Bike Holder Pro &#8211; Universal"},"content":{"rendered":"<p>Pro Bike Holder ist die robuste und widerstandsf\u00e4hige Lenkerhalterung von Cellularline, die mit Smartphones zwischen 4 und 6,5 Zoll kompatibel ist. Ausgestattet mit einer verstellbaren Klemme kann die Pro Bike Holder an Lenkern mit einem Durchmesser von 2 bis 3 cm installiert werden. Der Halterungssockel ist um 360\u00b0 drehbar, kann aus der Klemme ausgeh\u00e4ngt und vom Lenker entfernt werden, um ihn bei Nichtgebrauch getrennt aufzubewahren. F\u00fcr einen optimalen Schutz des Smartphones ist die Pro Bike Holder au\u00dferdem mit weichem Silikon gegen Kratzer beschichtet.<\/p>\n","protected":false},"excerpt":{"rendered":"<p>Telefonhalter f\u00fcr das Fahrrad<\/p>\n","protected":false},"featured_media":35537,"comment_status":"closed","ping_status":"open","template":"","meta":{"_et_pb_use_builder":"","_et_pb_old_content":"","_et_gb_content_width":""},"pwb-brand":[],"product_cat":[3853,1781],"product_tag":[],"compatibilite":[],"compatibilite_smartphone":[4455],"brands":[],"_links":{"self":[{"href":"https:\/\/stage.shop-cellularswiss.ch\/de\/wp-json\/wp\/v2\/product\/51477"}],"collection":[{"href":"https:\/\/stage.shop-cellularswiss.ch\/de\/wp-json\/wp\/v2\/product"}],"about":[{"href":"https:\/\/stage.shop-cellularswiss.ch\/de\/wp-json\/wp\/v2\/types\/product"}],"replies":[{"embeddable":true,"href":"https:\/\/stage.shop-cellularswiss.ch\/de\/wp-json\/wp\/v2\/comments?post=51477"}],"wp:featuredmedia":[{"embeddable":true,"href":"https:\/\/stage.shop-cellularswiss.ch\/de\/wp-json\/wp\/v2\/media\/35537"}],"wp:attachment":[{"href":"https:\/\/stage.shop-cellularswiss.ch\/de\/wp-json\/wp\/v2\/media?parent=51477"}],"wp:term":[{"taxonomy":"pwb-brand","embeddable":true,"href":"https:\/\/stage.shop-cellularswiss.ch\/de\/wp-json\/wp\/v2\/pwb-brand?post=51477"},{"taxonomy":"product_cat","embeddable":true,"href":"https:\/\/stage.shop-cellularswiss.ch\/de\/wp-json\/wp\/v2\/product_cat?post=51477"},{"taxonomy":"product_tag","embeddable":true,"href":"https:\/\/stage.shop-cellularswiss.ch\/de\/wp-json\/wp\/v2\/product_tag?post=51477"},{"taxonomy":"compatibilite","embeddable":true,"href":"https:\/\/stage.shop-cellularswiss.ch\/de\/wp-json\/wp\/v2\/compatibilite?post=51477"},{"taxonomy":"compatibilite_smartphone","embeddable":true,"href":"https:\/\/stage.shop-cellularswiss.ch\/de\/wp-json\/wp\/v2\/compatibilite_smartphone?post=51477"}],"curies":[{"name":"wp","href":"https:\/\/api.w.org\/{rel}","templated":true}]}}