
{"id":51482,"date":"2021-03-20T11:00:37","date_gmt":"2021-03-20T12:52:11","guid":{"rendered":"https:\/\/stage.shop-cellularswiss.ch\/produit\/black-onyx-iphone-12-mini\/"},"modified":"2021-03-20T13:52:13","modified_gmt":"2021-03-20T12:52:13","slug":"black-onyx-iphone-12-mini","status":"publish","type":"product","link":"https:\/\/stage.shop-cellularswiss.ch\/de\/produit\/black-onyx-iphone-12-mini\/","title":{"rendered":"Black Onyx &#8211; iPhone 12 mini"},"content":{"rendered":"<p>Black Onyx ist die ultrad\u00fcnne starre Schutzh\u00fclle mit Soft-Touch-Effekt, die perfekt am Telefon anliegt und dabei R\u00e4nder, Tasten und Buchsen sch\u00fctzt. Das schwarze Design und der rote Einschaltknopf geh\u00f6ren zu den unverwechselbaren Merkmalen dieser Schutzh\u00fclle und unterstreichen die Form des Smartphones.<\/p>\n","protected":false},"excerpt":{"rendered":"<p>Ultrad\u00fcnne starre Schutzh\u00fclle<\/p>\n","protected":false},"featured_media":61538,"comment_status":"closed","ping_status":"closed","template":"","meta":{"_et_pb_use_builder":"","_et_pb_old_content":"","_et_gb_content_width":""},"pwb-brand":[],"product_cat":[542,559],"product_tag":[],"compatibilite":[],"compatibilite_smartphone":[4442],"brands":[],"_links":{"self":[{"href":"https:\/\/stage.shop-cellularswiss.ch\/de\/wp-json\/wp\/v2\/product\/51482"}],"collection":[{"href":"https:\/\/stage.shop-cellularswiss.ch\/de\/wp-json\/wp\/v2\/product"}],"about":[{"href":"https:\/\/stage.shop-cellularswiss.ch\/de\/wp-json\/wp\/v2\/types\/product"}],"replies":[{"embeddable":true,"href":"https:\/\/stage.shop-cellularswiss.ch\/de\/wp-json\/wp\/v2\/comments?post=51482"}],"wp:featuredmedia":[{"embeddable":true,"href":"https:\/\/stage.shop-cellularswiss.ch\/de\/wp-json\/wp\/v2\/media\/61538"}],"wp:attachment":[{"href":"https:\/\/stage.shop-cellularswiss.ch\/de\/wp-json\/wp\/v2\/media?parent=51482"}],"wp:term":[{"taxonomy":"pwb-brand","embeddable":true,"href":"https:\/\/stage.shop-cellularswiss.ch\/de\/wp-json\/wp\/v2\/pwb-brand?post=51482"},{"taxonomy":"product_cat","embeddable":true,"href":"https:\/\/stage.shop-cellularswiss.ch\/de\/wp-json\/wp\/v2\/product_cat?post=51482"},{"taxonomy":"product_tag","embeddable":true,"href":"https:\/\/stage.shop-cellularswiss.ch\/de\/wp-json\/wp\/v2\/product_tag?post=51482"},{"taxonomy":"compatibilite","embeddable":true,"href":"https:\/\/stage.shop-cellularswiss.ch\/de\/wp-json\/wp\/v2\/compatibilite?post=51482"},{"taxonomy":"compatibilite_smartphone","embeddable":true,"href":"https:\/\/stage.shop-cellularswiss.ch\/de\/wp-json\/wp\/v2\/compatibilite_smartphone?post=51482"}],"curies":[{"name":"wp","href":"https:\/\/api.w.org\/{rel}","templated":true}]}}