
{"id":51484,"date":"2021-03-20T11:00:42","date_gmt":"2021-03-20T12:52:14","guid":{"rendered":"https:\/\/stage.shop-cellularswiss.ch\/produit\/bling-iphone-xs-x\/"},"modified":"2021-03-20T13:52:16","modified_gmt":"2021-03-20T12:52:16","slug":"bling-iphone-xs-x","status":"publish","type":"product","link":"https:\/\/stage.shop-cellularswiss.ch\/de\/produit\/bling-iphone-xs-x\/","title":{"rendered":"Bling &#8211; iPhone XS\/X"},"content":{"rendered":"<p>Bling ist eine Gummischutzh\u00fclle mit Glittereffekt in zwei im Lieferumfang enthaltenen Ausf\u00fchrungen, die sich perfekt f\u00fcr den Schutz und die Personalisierung deines Smartphones eignet. Wechsle deinen Stil nach Lust und Laune mit nur einem Handgriff!<\/p>\n","protected":false},"excerpt":{"rendered":"<p>Gummischutzh\u00fclle mit wechselbarem Glittereffekt<\/p>\n","protected":false},"featured_media":56458,"comment_status":"closed","ping_status":"closed","template":"","meta":{"_et_pb_use_builder":"","_et_pb_old_content":"","_et_gb_content_width":""},"pwb-brand":[],"product_cat":[542,559],"product_tag":[],"compatibilite":[],"compatibilite_smartphone":[4358,4433],"brands":[],"_links":{"self":[{"href":"https:\/\/stage.shop-cellularswiss.ch\/de\/wp-json\/wp\/v2\/product\/51484"}],"collection":[{"href":"https:\/\/stage.shop-cellularswiss.ch\/de\/wp-json\/wp\/v2\/product"}],"about":[{"href":"https:\/\/stage.shop-cellularswiss.ch\/de\/wp-json\/wp\/v2\/types\/product"}],"replies":[{"embeddable":true,"href":"https:\/\/stage.shop-cellularswiss.ch\/de\/wp-json\/wp\/v2\/comments?post=51484"}],"wp:featuredmedia":[{"embeddable":true,"href":"https:\/\/stage.shop-cellularswiss.ch\/de\/wp-json\/wp\/v2\/media\/56458"}],"wp:attachment":[{"href":"https:\/\/stage.shop-cellularswiss.ch\/de\/wp-json\/wp\/v2\/media?parent=51484"}],"wp:term":[{"taxonomy":"pwb-brand","embeddable":true,"href":"https:\/\/stage.shop-cellularswiss.ch\/de\/wp-json\/wp\/v2\/pwb-brand?post=51484"},{"taxonomy":"product_cat","embeddable":true,"href":"https:\/\/stage.shop-cellularswiss.ch\/de\/wp-json\/wp\/v2\/product_cat?post=51484"},{"taxonomy":"product_tag","embeddable":true,"href":"https:\/\/stage.shop-cellularswiss.ch\/de\/wp-json\/wp\/v2\/product_tag?post=51484"},{"taxonomy":"compatibilite","embeddable":true,"href":"https:\/\/stage.shop-cellularswiss.ch\/de\/wp-json\/wp\/v2\/compatibilite?post=51484"},{"taxonomy":"compatibilite_smartphone","embeddable":true,"href":"https:\/\/stage.shop-cellularswiss.ch\/de\/wp-json\/wp\/v2\/compatibilite_smartphone?post=51484"}],"curies":[{"name":"wp","href":"https:\/\/api.w.org\/{rel}","templated":true}]}}