
{"id":51485,"date":"2021-03-20T11:00:45","date_gmt":"2021-03-20T12:52:14","guid":{"rendered":"https:\/\/stage.shop-cellularswiss.ch\/produit\/blink\/"},"modified":"2021-03-20T13:52:18","modified_gmt":"2021-03-20T12:52:18","slug":"blink","status":"publish","type":"product","link":"https:\/\/stage.shop-cellularswiss.ch\/de\/produit\/blink\/","title":{"rendered":"BLINK"},"content":{"rendered":"<p>Blink, das sch\u00f6ne und bequeme In-Ear-Headset, das sich ideal f\u00fcr jede Gelegenheit eignet, um Anrufe anzunehmen oder Musik zu h\u00f6ren \u2013 in v\u00f6lliger Freiheit und ohne Kabel. Tragen Sie Ihr drahtloses Blink-Headset immer bei sich, das dank der Bluetooth-Technologie eine Gesamtspielzeit von 14 Stunden erm\u00f6glicht, wobei Sie Ihr Headset mit dem Cover mit schlichtem und modernem Design bis zu 3 Mal aufladen k\u00f6nnen.<\/p>\n","protected":false},"excerpt":{"rendered":"<p>In-Ear-Bluetooth\u00ae-Headset mit Ladecase mit bis zu 14 Stunden Gesamtspielzeit<\/p>\n","protected":false},"featured_media":35843,"comment_status":"closed","ping_status":"closed","template":"","meta":{"_et_pb_use_builder":"","_et_pb_old_content":"","_et_gb_content_width":""},"pwb-brand":[],"product_cat":[493,509,539],"product_tag":[],"compatibilite":[],"compatibilite_smartphone":[4366,4384,4365,4436,4443,4441,4417,4419,4420,4418,4437,4439,4438,4446,4442,4445,4444,4440,4358,4435,4433,4434,4385,4388,4386,4389,4387,4421,4402,4413,4406,4414,4405,4408,4403,4407,4404,4410,4422,4409,4427,4428,4423,4401,4400,4431,4425,4424,4393,4397,4416,4411,4426,4392,4391],"brands":[],"_links":{"self":[{"href":"https:\/\/stage.shop-cellularswiss.ch\/de\/wp-json\/wp\/v2\/product\/51485"}],"collection":[{"href":"https:\/\/stage.shop-cellularswiss.ch\/de\/wp-json\/wp\/v2\/product"}],"about":[{"href":"https:\/\/stage.shop-cellularswiss.ch\/de\/wp-json\/wp\/v2\/types\/product"}],"replies":[{"embeddable":true,"href":"https:\/\/stage.shop-cellularswiss.ch\/de\/wp-json\/wp\/v2\/comments?post=51485"}],"wp:featuredmedia":[{"embeddable":true,"href":"https:\/\/stage.shop-cellularswiss.ch\/de\/wp-json\/wp\/v2\/media\/35843"}],"wp:attachment":[{"href":"https:\/\/stage.shop-cellularswiss.ch\/de\/wp-json\/wp\/v2\/media?parent=51485"}],"wp:term":[{"taxonomy":"pwb-brand","embeddable":true,"href":"https:\/\/stage.shop-cellularswiss.ch\/de\/wp-json\/wp\/v2\/pwb-brand?post=51485"},{"taxonomy":"product_cat","embeddable":true,"href":"https:\/\/stage.shop-cellularswiss.ch\/de\/wp-json\/wp\/v2\/product_cat?post=51485"},{"taxonomy":"product_tag","embeddable":true,"href":"https:\/\/stage.shop-cellularswiss.ch\/de\/wp-json\/wp\/v2\/product_tag?post=51485"},{"taxonomy":"compatibilite","embeddable":true,"href":"https:\/\/stage.shop-cellularswiss.ch\/de\/wp-json\/wp\/v2\/compatibilite?post=51485"},{"taxonomy":"compatibilite_smartphone","embeddable":true,"href":"https:\/\/stage.shop-cellularswiss.ch\/de\/wp-json\/wp\/v2\/compatibilite_smartphone?post=51485"}],"curies":[{"name":"wp","href":"https:\/\/api.w.org\/{rel}","templated":true}]}}