
{"id":51486,"date":"2021-03-20T11:00:47","date_gmt":"2021-03-20T12:52:17","guid":{"rendered":"https:\/\/stage.shop-cellularswiss.ch\/produit\/bold\/"},"modified":"2021-03-20T13:52:19","modified_gmt":"2021-03-20T12:52:19","slug":"bold","status":"publish","type":"product","link":"https:\/\/stage.shop-cellularswiss.ch\/de\/produit\/bold\/","title":{"rendered":"BOLD"},"content":{"rendered":"<p>BOLD ist das Bluetooth\u00ae-Mono-Headset mit einer Batterielaufzeit von gut 23 Stunden. Mit dieser Eigenschaft und der ergonomischen und bequemen Form ist BOLD das ideale Zubeh\u00f6r f\u00fcr Berufst\u00e4tige, diest\u00e4ndig unterwegs sind und zwischen den vielen Pflichten im Alltag ihre Anrufe verwalten m\u00fcssen. Das besondere Design des Headsets stellt Stabilit\u00e4t und Komfort beim Gebrauch sicher und es kann so eingestellt und gedreht werden, dass es sich dem Ohr perfekt anpasst.<\/p>\n","protected":false},"excerpt":{"rendered":"<p>Bluetooth\u00ae-Mono-Headset mit Akku mit langer Laufzeit<\/p>\n","protected":false},"featured_media":62588,"comment_status":"closed","ping_status":"closed","template":"","meta":{"_et_pb_use_builder":"","_et_pb_old_content":"","_et_gb_content_width":""},"pwb-brand":[],"product_cat":[493,509],"product_tag":[],"compatibilite":[],"compatibilite_smartphone":[4366,4384,4365,4436,4443,4441,4417,4419,4420,4418,4437,4439,4438,4446,4442,4445,4444,4440,4358,4435,4433,4434,4385,4388,4386,4389,4387,4421,4402,4413,4406,4414,4405,4408,4403,4407,4404,4410,4422,4409,4427,4428,4423,4401,4400,4431,4425,4424,4393,4397,4416,4411,4426,4392,4391],"brands":[],"_links":{"self":[{"href":"https:\/\/stage.shop-cellularswiss.ch\/de\/wp-json\/wp\/v2\/product\/51486"}],"collection":[{"href":"https:\/\/stage.shop-cellularswiss.ch\/de\/wp-json\/wp\/v2\/product"}],"about":[{"href":"https:\/\/stage.shop-cellularswiss.ch\/de\/wp-json\/wp\/v2\/types\/product"}],"replies":[{"embeddable":true,"href":"https:\/\/stage.shop-cellularswiss.ch\/de\/wp-json\/wp\/v2\/comments?post=51486"}],"wp:featuredmedia":[{"embeddable":true,"href":"https:\/\/stage.shop-cellularswiss.ch\/de\/wp-json\/wp\/v2\/media\/62588"}],"wp:attachment":[{"href":"https:\/\/stage.shop-cellularswiss.ch\/de\/wp-json\/wp\/v2\/media?parent=51486"}],"wp:term":[{"taxonomy":"pwb-brand","embeddable":true,"href":"https:\/\/stage.shop-cellularswiss.ch\/de\/wp-json\/wp\/v2\/pwb-brand?post=51486"},{"taxonomy":"product_cat","embeddable":true,"href":"https:\/\/stage.shop-cellularswiss.ch\/de\/wp-json\/wp\/v2\/product_cat?post=51486"},{"taxonomy":"product_tag","embeddable":true,"href":"https:\/\/stage.shop-cellularswiss.ch\/de\/wp-json\/wp\/v2\/product_tag?post=51486"},{"taxonomy":"compatibilite","embeddable":true,"href":"https:\/\/stage.shop-cellularswiss.ch\/de\/wp-json\/wp\/v2\/compatibilite?post=51486"},{"taxonomy":"compatibilite_smartphone","embeddable":true,"href":"https:\/\/stage.shop-cellularswiss.ch\/de\/wp-json\/wp\/v2\/compatibilite_smartphone?post=51486"}],"curies":[{"name":"wp","href":"https:\/\/api.w.org\/{rel}","templated":true}]}}