
{"id":51489,"date":"2021-03-20T11:00:55","date_gmt":"2021-03-20T12:52:21","guid":{"rendered":"https:\/\/stage.shop-cellularswiss.ch\/produit\/book-galaxy-a21s\/"},"modified":"2021-03-20T13:52:25","modified_gmt":"2021-03-20T12:52:25","slug":"book-galaxy-a21s","status":"publish","type":"product","link":"https:\/\/stage.shop-cellularswiss.ch\/de\/produit\/book-galaxy-a21s\/","title":{"rendered":"Book &#8211; Galaxy A21s"},"content":{"rendered":"<p>Die Schutztaschen im Book-Style passen sich perfekt der Form des Telefons an und sch\u00fctzen dessen R\u00fcckseite, R\u00e4nder und Display, ohne den Zugriff auf Tasten und Steckverbindungen einzuschr\u00e4nken. Durch den seitlichen Magnetverschluss bleibt die Klappe gut verschlossen. Das Design des Kartenfachs ist so konzipiert, dass die Karte leicht herausgenommen werden kann (Easy Card Remove).<\/p>\n","protected":false},"excerpt":{"rendered":"<p>Der Basisschutz mit Magnet-Sicherheitsverschluss<\/p>\n","protected":false},"featured_media":61550,"comment_status":"closed","ping_status":"closed","template":"","meta":{"_et_pb_use_builder":"","_et_pb_old_content":"","_et_gb_content_width":""},"pwb-brand":[],"product_cat":[542,559],"product_tag":[],"compatibilite":[],"compatibilite_smartphone":[4413],"brands":[],"_links":{"self":[{"href":"https:\/\/stage.shop-cellularswiss.ch\/de\/wp-json\/wp\/v2\/product\/51489"}],"collection":[{"href":"https:\/\/stage.shop-cellularswiss.ch\/de\/wp-json\/wp\/v2\/product"}],"about":[{"href":"https:\/\/stage.shop-cellularswiss.ch\/de\/wp-json\/wp\/v2\/types\/product"}],"replies":[{"embeddable":true,"href":"https:\/\/stage.shop-cellularswiss.ch\/de\/wp-json\/wp\/v2\/comments?post=51489"}],"wp:featuredmedia":[{"embeddable":true,"href":"https:\/\/stage.shop-cellularswiss.ch\/de\/wp-json\/wp\/v2\/media\/61550"}],"wp:attachment":[{"href":"https:\/\/stage.shop-cellularswiss.ch\/de\/wp-json\/wp\/v2\/media?parent=51489"}],"wp:term":[{"taxonomy":"pwb-brand","embeddable":true,"href":"https:\/\/stage.shop-cellularswiss.ch\/de\/wp-json\/wp\/v2\/pwb-brand?post=51489"},{"taxonomy":"product_cat","embeddable":true,"href":"https:\/\/stage.shop-cellularswiss.ch\/de\/wp-json\/wp\/v2\/product_cat?post=51489"},{"taxonomy":"product_tag","embeddable":true,"href":"https:\/\/stage.shop-cellularswiss.ch\/de\/wp-json\/wp\/v2\/product_tag?post=51489"},{"taxonomy":"compatibilite","embeddable":true,"href":"https:\/\/stage.shop-cellularswiss.ch\/de\/wp-json\/wp\/v2\/compatibilite?post=51489"},{"taxonomy":"compatibilite_smartphone","embeddable":true,"href":"https:\/\/stage.shop-cellularswiss.ch\/de\/wp-json\/wp\/v2\/compatibilite_smartphone?post=51489"}],"curies":[{"name":"wp","href":"https:\/\/api.w.org\/{rel}","templated":true}]}}