
{"id":51511,"date":"2021-03-20T11:01:49","date_gmt":"2021-03-20T12:52:58","guid":{"rendered":"https:\/\/stage.shop-cellularswiss.ch\/produit\/book-agenda-iphone-12-mini\/"},"modified":"2021-08-23T17:04:19","modified_gmt":"2021-08-23T15:04:19","slug":"book-agenda-iphone-12-mini","status":"publish","type":"product","link":"https:\/\/stage.shop-cellularswiss.ch\/de\/produit\/book-agenda-iphone-12-mini\/","title":{"rendered":"Book Agenda &#8211; iPhone 12 mini"},"content":{"rendered":"<p>Book Agenda ist die elegante und praktische Schutztasche im Book-Style mit elegantem Finish in Leder-Optik und Magnetverschluss. Sie verf\u00fcgt \u00fcber praktische Kartenf\u00e4cher mit \u201eRFID &#038; NFC Block\u201c-Technologie, um das unbefugte Auslesen von kontaktlosen Karten zu verhindern. Durch die St\u00e4nderfunktion sind Videoanrufe und das Ansehen von Videos bequem m\u00f6glich.<\/p>\n","protected":false},"excerpt":{"rendered":"<p>Schutzh\u00fclle in Leder-Optik mit Taschen und St\u00e4nder<\/p>\n","protected":false},"featured_media":61594,"comment_status":"closed","ping_status":"closed","template":"","meta":{"_et_pb_use_builder":"","_et_pb_old_content":"","_et_gb_content_width":""},"pwb-brand":[],"product_cat":[542,559],"product_tag":[],"compatibilite":[],"compatibilite_smartphone":[4442],"brands":[],"_links":{"self":[{"href":"https:\/\/stage.shop-cellularswiss.ch\/de\/wp-json\/wp\/v2\/product\/51511"}],"collection":[{"href":"https:\/\/stage.shop-cellularswiss.ch\/de\/wp-json\/wp\/v2\/product"}],"about":[{"href":"https:\/\/stage.shop-cellularswiss.ch\/de\/wp-json\/wp\/v2\/types\/product"}],"replies":[{"embeddable":true,"href":"https:\/\/stage.shop-cellularswiss.ch\/de\/wp-json\/wp\/v2\/comments?post=51511"}],"wp:featuredmedia":[{"embeddable":true,"href":"https:\/\/stage.shop-cellularswiss.ch\/de\/wp-json\/wp\/v2\/media\/61594"}],"wp:attachment":[{"href":"https:\/\/stage.shop-cellularswiss.ch\/de\/wp-json\/wp\/v2\/media?parent=51511"}],"wp:term":[{"taxonomy":"pwb-brand","embeddable":true,"href":"https:\/\/stage.shop-cellularswiss.ch\/de\/wp-json\/wp\/v2\/pwb-brand?post=51511"},{"taxonomy":"product_cat","embeddable":true,"href":"https:\/\/stage.shop-cellularswiss.ch\/de\/wp-json\/wp\/v2\/product_cat?post=51511"},{"taxonomy":"product_tag","embeddable":true,"href":"https:\/\/stage.shop-cellularswiss.ch\/de\/wp-json\/wp\/v2\/product_tag?post=51511"},{"taxonomy":"compatibilite","embeddable":true,"href":"https:\/\/stage.shop-cellularswiss.ch\/de\/wp-json\/wp\/v2\/compatibilite?post=51511"},{"taxonomy":"compatibilite_smartphone","embeddable":true,"href":"https:\/\/stage.shop-cellularswiss.ch\/de\/wp-json\/wp\/v2\/compatibilite_smartphone?post=51511"}],"curies":[{"name":"wp","href":"https:\/\/api.w.org\/{rel}","templated":true}]}}