
{"id":51520,"date":"2021-03-20T11:02:11","date_gmt":"2021-03-20T12:53:16","guid":{"rendered":"https:\/\/stage.shop-cellularswiss.ch\/produit\/book-clutch-galaxy-s10\/"},"modified":"2021-03-20T13:53:17","modified_gmt":"2021-03-20T12:53:17","slug":"book-clutch-galaxy-s10","status":"publish","type":"product","link":"https:\/\/stage.shop-cellularswiss.ch\/de\/produit\/book-clutch-galaxy-s10\/","title":{"rendered":"Book Clutch &#8211; Galaxy S10+"},"content":{"rendered":"<p>Book Clutch ist die Schutztasche im Book-Style in angenehmer Leder-Optik f\u00fcr alle, die Display, R\u00fcckseite und R\u00e4nder des Smartphones elegant sch\u00fctzen wollen. Mit dem seitlichen Magnetverschluss bleibt die Klappe stets geschlossen und das innere Fach aus weichem Gummi sch\u00fctzt das Smartphone bei vollem Zugriff auf Tasten und Steckverbindungen.<\/p>\n","protected":false},"excerpt":{"rendered":"<p>Schutztasche im Book-Style mit Magnet-Sicherheitsverschluss<\/p>\n","protected":false},"featured_media":56382,"comment_status":"closed","ping_status":"closed","template":"","meta":{"_et_pb_use_builder":"","_et_pb_old_content":"","_et_gb_content_width":""},"pwb-brand":[],"product_cat":[542,559],"product_tag":[],"compatibilite":[],"compatibilite_smartphone":[4401],"brands":[],"_links":{"self":[{"href":"https:\/\/stage.shop-cellularswiss.ch\/de\/wp-json\/wp\/v2\/product\/51520"}],"collection":[{"href":"https:\/\/stage.shop-cellularswiss.ch\/de\/wp-json\/wp\/v2\/product"}],"about":[{"href":"https:\/\/stage.shop-cellularswiss.ch\/de\/wp-json\/wp\/v2\/types\/product"}],"replies":[{"embeddable":true,"href":"https:\/\/stage.shop-cellularswiss.ch\/de\/wp-json\/wp\/v2\/comments?post=51520"}],"wp:featuredmedia":[{"embeddable":true,"href":"https:\/\/stage.shop-cellularswiss.ch\/de\/wp-json\/wp\/v2\/media\/56382"}],"wp:attachment":[{"href":"https:\/\/stage.shop-cellularswiss.ch\/de\/wp-json\/wp\/v2\/media?parent=51520"}],"wp:term":[{"taxonomy":"pwb-brand","embeddable":true,"href":"https:\/\/stage.shop-cellularswiss.ch\/de\/wp-json\/wp\/v2\/pwb-brand?post=51520"},{"taxonomy":"product_cat","embeddable":true,"href":"https:\/\/stage.shop-cellularswiss.ch\/de\/wp-json\/wp\/v2\/product_cat?post=51520"},{"taxonomy":"product_tag","embeddable":true,"href":"https:\/\/stage.shop-cellularswiss.ch\/de\/wp-json\/wp\/v2\/product_tag?post=51520"},{"taxonomy":"compatibilite","embeddable":true,"href":"https:\/\/stage.shop-cellularswiss.ch\/de\/wp-json\/wp\/v2\/compatibilite?post=51520"},{"taxonomy":"compatibilite_smartphone","embeddable":true,"href":"https:\/\/stage.shop-cellularswiss.ch\/de\/wp-json\/wp\/v2\/compatibilite_smartphone?post=51520"}],"curies":[{"name":"wp","href":"https:\/\/api.w.org\/{rel}","templated":true}]}}