
{"id":51525,"date":"2021-03-20T11:02:25","date_gmt":"2021-03-20T12:53:23","guid":{"rendered":"https:\/\/stage.shop-cellularswiss.ch\/produit\/book-clutch-galaxy-s21\/"},"modified":"2021-07-31T11:15:39","modified_gmt":"2021-07-31T09:15:39","slug":"book-clutch-galaxy-s21","status":"publish","type":"product","link":"https:\/\/stage.shop-cellularswiss.ch\/de\/produit\/book-clutch-galaxy-s21\/","title":{"rendered":"Book Clutch &#8211; Galaxy S21"},"content":{"rendered":"<p>Book Clutch ist die Schutztasche im Book-Style in Leder-Optik f\u00fcr alle, die Display, R\u00fcckseite und R\u00e4nder des Smartphones elegant sch\u00fctzen wollen. Durch den seitlichen Magnetverschluss bleibt die Klappe gut verschlossen, w\u00e4hrend das Design des Kartenfachs so entworfen ist, dass die Karte leicht herausgenommen werden kann (Easy Card Remove).<\/p>\n","protected":false},"excerpt":{"rendered":"<p>Schutztasche im Book-Style mit Magnetverschluss<\/p>\n","protected":false},"featured_media":61622,"comment_status":"closed","ping_status":"closed","template":"","meta":{"_et_pb_use_builder":"","_et_pb_old_content":"","_et_gb_content_width":""},"pwb-brand":[],"product_cat":[542,559],"product_tag":[],"compatibilite":[],"compatibilite_smartphone":[4429],"brands":[],"_links":{"self":[{"href":"https:\/\/stage.shop-cellularswiss.ch\/de\/wp-json\/wp\/v2\/product\/51525"}],"collection":[{"href":"https:\/\/stage.shop-cellularswiss.ch\/de\/wp-json\/wp\/v2\/product"}],"about":[{"href":"https:\/\/stage.shop-cellularswiss.ch\/de\/wp-json\/wp\/v2\/types\/product"}],"replies":[{"embeddable":true,"href":"https:\/\/stage.shop-cellularswiss.ch\/de\/wp-json\/wp\/v2\/comments?post=51525"}],"wp:featuredmedia":[{"embeddable":true,"href":"https:\/\/stage.shop-cellularswiss.ch\/de\/wp-json\/wp\/v2\/media\/61622"}],"wp:attachment":[{"href":"https:\/\/stage.shop-cellularswiss.ch\/de\/wp-json\/wp\/v2\/media?parent=51525"}],"wp:term":[{"taxonomy":"pwb-brand","embeddable":true,"href":"https:\/\/stage.shop-cellularswiss.ch\/de\/wp-json\/wp\/v2\/pwb-brand?post=51525"},{"taxonomy":"product_cat","embeddable":true,"href":"https:\/\/stage.shop-cellularswiss.ch\/de\/wp-json\/wp\/v2\/product_cat?post=51525"},{"taxonomy":"product_tag","embeddable":true,"href":"https:\/\/stage.shop-cellularswiss.ch\/de\/wp-json\/wp\/v2\/product_tag?post=51525"},{"taxonomy":"compatibilite","embeddable":true,"href":"https:\/\/stage.shop-cellularswiss.ch\/de\/wp-json\/wp\/v2\/compatibilite?post=51525"},{"taxonomy":"compatibilite_smartphone","embeddable":true,"href":"https:\/\/stage.shop-cellularswiss.ch\/de\/wp-json\/wp\/v2\/compatibilite_smartphone?post=51525"}],"curies":[{"name":"wp","href":"https:\/\/api.w.org\/{rel}","templated":true}]}}