
{"id":51538,"date":"2021-03-20T11:02:59","date_gmt":"2021-03-20T12:53:47","guid":{"rendered":"https:\/\/stage.shop-cellularswiss.ch\/produit\/book-essential-iphone-xs-x\/"},"modified":"2021-03-20T13:53:52","modified_gmt":"2021-03-20T12:53:52","slug":"book-essential-iphone-xs-x","status":"publish","type":"product","link":"https:\/\/stage.shop-cellularswiss.ch\/de\/produit\/book-essential-iphone-xs-x\/","title":{"rendered":"Book Essential &#8211; iPhone XS\/X"},"content":{"rendered":"<p>Die Schutztaschen im Book-Style Book Essential passen sich perfekt der Form des Telefons an. Sie sch\u00fctzen die R\u00fcckseite, die Kanten und das Display des Mobiltelefons, ohne den Zugang zu den Tasten und Anschl\u00fcssen zu behindern. Aus einem weichen Material in Lederoptik gefertigt, das angenehm anzufassen ist und mit einem praktischen Fach f\u00fcr Kreditkarten ausgestattet ist. Die \u00d6ffnung an der Vorderseite erlaubt das F\u00fchren von Telefongespr\u00e4chen auch bei geschlossener Klappe<\/p>\n","protected":false},"excerpt":{"rendered":"<p>Schutztasche im Book-Style<\/p>\n","protected":false},"featured_media":54786,"comment_status":"closed","ping_status":"closed","template":"","meta":{"_et_pb_use_builder":"","_et_pb_old_content":"","_et_gb_content_width":""},"pwb-brand":[],"product_cat":[542,559],"product_tag":[],"compatibilite":[],"compatibilite_smartphone":[],"brands":[],"_links":{"self":[{"href":"https:\/\/stage.shop-cellularswiss.ch\/de\/wp-json\/wp\/v2\/product\/51538"}],"collection":[{"href":"https:\/\/stage.shop-cellularswiss.ch\/de\/wp-json\/wp\/v2\/product"}],"about":[{"href":"https:\/\/stage.shop-cellularswiss.ch\/de\/wp-json\/wp\/v2\/types\/product"}],"replies":[{"embeddable":true,"href":"https:\/\/stage.shop-cellularswiss.ch\/de\/wp-json\/wp\/v2\/comments?post=51538"}],"wp:featuredmedia":[{"embeddable":true,"href":"https:\/\/stage.shop-cellularswiss.ch\/de\/wp-json\/wp\/v2\/media\/54786"}],"wp:attachment":[{"href":"https:\/\/stage.shop-cellularswiss.ch\/de\/wp-json\/wp\/v2\/media?parent=51538"}],"wp:term":[{"taxonomy":"pwb-brand","embeddable":true,"href":"https:\/\/stage.shop-cellularswiss.ch\/de\/wp-json\/wp\/v2\/pwb-brand?post=51538"},{"taxonomy":"product_cat","embeddable":true,"href":"https:\/\/stage.shop-cellularswiss.ch\/de\/wp-json\/wp\/v2\/product_cat?post=51538"},{"taxonomy":"product_tag","embeddable":true,"href":"https:\/\/stage.shop-cellularswiss.ch\/de\/wp-json\/wp\/v2\/product_tag?post=51538"},{"taxonomy":"compatibilite","embeddable":true,"href":"https:\/\/stage.shop-cellularswiss.ch\/de\/wp-json\/wp\/v2\/compatibilite?post=51538"},{"taxonomy":"compatibilite_smartphone","embeddable":true,"href":"https:\/\/stage.shop-cellularswiss.ch\/de\/wp-json\/wp\/v2\/compatibilite_smartphone?post=51538"}],"curies":[{"name":"wp","href":"https:\/\/api.w.org\/{rel}","templated":true}]}}