
{"id":51552,"date":"2021-03-20T11:03:33","date_gmt":"2021-03-20T12:54:09","guid":{"rendered":"https:\/\/stage.shop-cellularswiss.ch\/produit\/bubble\/"},"modified":"2021-03-20T13:54:15","modified_gmt":"2021-03-20T12:54:15","slug":"bubble","status":"publish","type":"product","link":"https:\/\/stage.shop-cellularswiss.ch\/de\/produit\/bubble\/","title":{"rendered":"BUBBLE"},"content":{"rendered":"<p>BUBBLE ist das Bluetooth\u00ae-Headset mit Kapseldesign, ideal f\u00fcr alle, die in vollkommener Freiheit telefonieren und Musik h\u00f6ren m\u00f6chten. Durch die Magnethalterung geht das Headset nicht verloren und kann zwischen zwei Anrufen oder beim Transport bequem um den Hals getragen werden. BUBBLE ist ultraleicht und bequem, verf\u00fcgt \u00fcber ein Mikrofon mit Fernbedienung und kennzeichnet sich durch eine Batterielaufzeit von 6 Stunden.<\/p>\n","protected":false},"excerpt":{"rendered":"<p>Bluetooth\u00ae -Stereo-Headset mit Mikrofon und Fernbedienung<\/p>\n","protected":false},"featured_media":35887,"comment_status":"closed","ping_status":"closed","template":"","meta":{"_et_pb_use_builder":"","_et_pb_old_content":"","_et_gb_content_width":""},"pwb-brand":[],"product_cat":[493,509],"product_tag":[],"compatibilite":[],"compatibilite_smartphone":[4366,4384,4365,4436,4443,4441,4417,4419,4420,4418,4437,4439,4438,4446,4442,4445,4444,4440,4358,4435,4433,4434,4385,4388,4386,4389,4387,4421,4402,4413,4406,4414,4405,4408,4403,4407,4404,4410,4422,4409,4427,4428,4423,4401,4400,4431,4425,4424,4393,4397,4416,4411,4426,4392,4391],"brands":[],"_links":{"self":[{"href":"https:\/\/stage.shop-cellularswiss.ch\/de\/wp-json\/wp\/v2\/product\/51552"}],"collection":[{"href":"https:\/\/stage.shop-cellularswiss.ch\/de\/wp-json\/wp\/v2\/product"}],"about":[{"href":"https:\/\/stage.shop-cellularswiss.ch\/de\/wp-json\/wp\/v2\/types\/product"}],"replies":[{"embeddable":true,"href":"https:\/\/stage.shop-cellularswiss.ch\/de\/wp-json\/wp\/v2\/comments?post=51552"}],"wp:featuredmedia":[{"embeddable":true,"href":"https:\/\/stage.shop-cellularswiss.ch\/de\/wp-json\/wp\/v2\/media\/35887"}],"wp:attachment":[{"href":"https:\/\/stage.shop-cellularswiss.ch\/de\/wp-json\/wp\/v2\/media?parent=51552"}],"wp:term":[{"taxonomy":"pwb-brand","embeddable":true,"href":"https:\/\/stage.shop-cellularswiss.ch\/de\/wp-json\/wp\/v2\/pwb-brand?post=51552"},{"taxonomy":"product_cat","embeddable":true,"href":"https:\/\/stage.shop-cellularswiss.ch\/de\/wp-json\/wp\/v2\/product_cat?post=51552"},{"taxonomy":"product_tag","embeddable":true,"href":"https:\/\/stage.shop-cellularswiss.ch\/de\/wp-json\/wp\/v2\/product_tag?post=51552"},{"taxonomy":"compatibilite","embeddable":true,"href":"https:\/\/stage.shop-cellularswiss.ch\/de\/wp-json\/wp\/v2\/compatibilite?post=51552"},{"taxonomy":"compatibilite_smartphone","embeddable":true,"href":"https:\/\/stage.shop-cellularswiss.ch\/de\/wp-json\/wp\/v2\/compatibilite_smartphone?post=51552"}],"curies":[{"name":"wp","href":"https:\/\/api.w.org\/{rel}","templated":true}]}}