
{"id":51555,"date":"2021-03-20T11:03:44","date_gmt":"2021-03-20T12:54:13","guid":{"rendered":"https:\/\/stage.shop-cellularswiss.ch\/produit\/cable-manager-universal\/"},"modified":"2021-03-20T13:54:18","modified_gmt":"2021-03-20T12:54:18","slug":"cable-manager-universal","status":"publish","type":"product","link":"https:\/\/stage.shop-cellularswiss.ch\/de\/produit\/cable-manager-universal\/","title":{"rendered":"Cable Manager &#8211; Universal"},"content":{"rendered":"<p>Cable Manager ist das ideale Accessoire um alle Kabel einfach und praktisch in jeder Umgebung \u2013 zu Hause oder im B\u00fcro \u2013 zu ordnen und in Ordnung zu halten. Dank eines an der Basis angebrachten, abwaschbaren Klebesystems, das keine R\u00fcckst\u00e4nde hinterl\u00e4sst, kann man den Cable Manager an der Arbeitsfl\u00e4che so oft wie gew\u00fcnscht anbringen und wieder abl\u00f6sen.<\/p>\n","protected":false},"excerpt":{"rendered":"<p>Praktisch und perfekt um die Kabel in Ordnung zu halten<\/p>\n","protected":false},"featured_media":36731,"comment_status":"closed","ping_status":"closed","template":"","meta":{"_et_pb_use_builder":"","_et_pb_old_content":"","_et_gb_content_width":""},"pwb-brand":[],"product_cat":[3845,1781],"product_tag":[],"compatibilite":[],"compatibilite_smartphone":[4455],"brands":[],"_links":{"self":[{"href":"https:\/\/stage.shop-cellularswiss.ch\/de\/wp-json\/wp\/v2\/product\/51555"}],"collection":[{"href":"https:\/\/stage.shop-cellularswiss.ch\/de\/wp-json\/wp\/v2\/product"}],"about":[{"href":"https:\/\/stage.shop-cellularswiss.ch\/de\/wp-json\/wp\/v2\/types\/product"}],"replies":[{"embeddable":true,"href":"https:\/\/stage.shop-cellularswiss.ch\/de\/wp-json\/wp\/v2\/comments?post=51555"}],"wp:featuredmedia":[{"embeddable":true,"href":"https:\/\/stage.shop-cellularswiss.ch\/de\/wp-json\/wp\/v2\/media\/36731"}],"wp:attachment":[{"href":"https:\/\/stage.shop-cellularswiss.ch\/de\/wp-json\/wp\/v2\/media?parent=51555"}],"wp:term":[{"taxonomy":"pwb-brand","embeddable":true,"href":"https:\/\/stage.shop-cellularswiss.ch\/de\/wp-json\/wp\/v2\/pwb-brand?post=51555"},{"taxonomy":"product_cat","embeddable":true,"href":"https:\/\/stage.shop-cellularswiss.ch\/de\/wp-json\/wp\/v2\/product_cat?post=51555"},{"taxonomy":"product_tag","embeddable":true,"href":"https:\/\/stage.shop-cellularswiss.ch\/de\/wp-json\/wp\/v2\/product_tag?post=51555"},{"taxonomy":"compatibilite","embeddable":true,"href":"https:\/\/stage.shop-cellularswiss.ch\/de\/wp-json\/wp\/v2\/compatibilite?post=51555"},{"taxonomy":"compatibilite_smartphone","embeddable":true,"href":"https:\/\/stage.shop-cellularswiss.ch\/de\/wp-json\/wp\/v2\/compatibilite_smartphone?post=51555"}],"curies":[{"name":"wp","href":"https:\/\/api.w.org\/{rel}","templated":true}]}}