
{"id":51556,"date":"2021-03-20T11:03:47","date_gmt":"2021-03-20T12:54:17","guid":{"rendered":"https:\/\/stage.shop-cellularswiss.ch\/produit\/cable-manager-magnetic-universale\/"},"modified":"2021-03-20T13:54:19","modified_gmt":"2021-03-20T12:54:19","slug":"cable-manager-magnetic-universale","status":"publish","type":"product","link":"https:\/\/stage.shop-cellularswiss.ch\/de\/produit\/cable-manager-magnetic-universale\/","title":{"rendered":"Cable Manager Magnetic &#8211; Universale"},"content":{"rendered":"<p>Cable Manager Magnetic ist der ideale Magnethalter mit Klebesockel, um die Kabel stets in Ordnung und in Reichweite zu halten, perfekt f\u00fcr den Schreibtisch im B\u00fcro oder f\u00fcr die Befestigung am Armaturenbrett. Er ist ausgestattet mit zwei Magnetclips, einem f\u00fcr runde und einem f\u00fcr flache Kabel, mit denen bei Bedarf die Kabel sehr leicht erkannt werden. Der Klebesockel hinterl\u00e4sst keine R\u00fcckst\u00e4nde und kann mehrmals angebracht und entfernt werden, ohne die Haftung zu beeintr\u00e4chtigen.<\/p>\n","protected":false},"excerpt":{"rendered":"<p>Kabelhalter mit doppeltem Magnetclip<\/p>\n","protected":false},"featured_media":36731,"comment_status":"closed","ping_status":"closed","template":"","meta":{"_et_pb_use_builder":"","_et_pb_old_content":"","_et_gb_content_width":""},"pwb-brand":[],"product_cat":[3845,1781],"product_tag":[],"compatibilite":[],"compatibilite_smartphone":[4455],"brands":[],"_links":{"self":[{"href":"https:\/\/stage.shop-cellularswiss.ch\/de\/wp-json\/wp\/v2\/product\/51556"}],"collection":[{"href":"https:\/\/stage.shop-cellularswiss.ch\/de\/wp-json\/wp\/v2\/product"}],"about":[{"href":"https:\/\/stage.shop-cellularswiss.ch\/de\/wp-json\/wp\/v2\/types\/product"}],"replies":[{"embeddable":true,"href":"https:\/\/stage.shop-cellularswiss.ch\/de\/wp-json\/wp\/v2\/comments?post=51556"}],"wp:featuredmedia":[{"embeddable":true,"href":"https:\/\/stage.shop-cellularswiss.ch\/de\/wp-json\/wp\/v2\/media\/36731"}],"wp:attachment":[{"href":"https:\/\/stage.shop-cellularswiss.ch\/de\/wp-json\/wp\/v2\/media?parent=51556"}],"wp:term":[{"taxonomy":"pwb-brand","embeddable":true,"href":"https:\/\/stage.shop-cellularswiss.ch\/de\/wp-json\/wp\/v2\/pwb-brand?post=51556"},{"taxonomy":"product_cat","embeddable":true,"href":"https:\/\/stage.shop-cellularswiss.ch\/de\/wp-json\/wp\/v2\/product_cat?post=51556"},{"taxonomy":"product_tag","embeddable":true,"href":"https:\/\/stage.shop-cellularswiss.ch\/de\/wp-json\/wp\/v2\/product_tag?post=51556"},{"taxonomy":"compatibilite","embeddable":true,"href":"https:\/\/stage.shop-cellularswiss.ch\/de\/wp-json\/wp\/v2\/compatibilite?post=51556"},{"taxonomy":"compatibilite_smartphone","embeddable":true,"href":"https:\/\/stage.shop-cellularswiss.ch\/de\/wp-json\/wp\/v2\/compatibilite_smartphone?post=51556"}],"curies":[{"name":"wp","href":"https:\/\/api.w.org\/{rel}","templated":true}]}}