
{"id":51557,"date":"2021-03-20T11:03:49","date_gmt":"2021-03-20T12:54:17","guid":{"rendered":"https:\/\/stage.shop-cellularswiss.ch\/produit\/car-capsule\/"},"modified":"2021-03-20T13:54:22","modified_gmt":"2021-03-20T12:54:22","slug":"car-capsule","status":"publish","type":"product","link":"https:\/\/stage.shop-cellularswiss.ch\/de\/produit\/car-capsule\/","title":{"rendered":"CAR CAPSULE"},"content":{"rendered":"<p>Nutzen Sie Ihre Autofahrten, um mit CAR CAPSULE, dem Bluetooth\u00ae-Headset mit Zigarettenanz\u00fcnder-Ladesockel, vollkommen sicher Anrufe erledigen zu k\u00f6nnen. CAR CAPSULE erm\u00f6glicht es Ihnen, einen Anruf einfach durch Herausnehmen des Headsets aus dem Ladesockel oder \u00fcber die praktische Rufannahmetaste am Headset annehmen zu k\u00f6nnen. Der Ladesockel ist dar\u00fcber hinaus mit einem USB-Port ausgestattet, mit dem das Smartphone oder Ihre Powerbank aufgeladen werden k\u00f6nnen.<\/p>\n","protected":false},"excerpt":{"rendered":"<p>Bluetooth\u00ae-Headset mit Zigarettenanz\u00fcnder-Ladesockel f\u00fcr das Auto<\/p>\n","protected":false},"featured_media":62592,"comment_status":"closed","ping_status":"closed","template":"","meta":{"_et_pb_use_builder":"","_et_pb_old_content":"","_et_gb_content_width":""},"pwb-brand":[],"product_cat":[493,509],"product_tag":[],"compatibilite":[],"compatibilite_smartphone":[4366,4384,4365,4436,4443,4441,4417,4419,4420,4418,4437,4439,4438,4446,4442,4445,4444,4440,4358,4435,4433,4434,4385,4388,4386,4389,4387,4421,4402,4413,4406,4414,4405,4408,4403,4407,4404,4410,4422,4409,4427,4428,4423,4401,4400,4431,4425,4424,4393,4397,4416,4411,4426,4392,4391],"brands":[],"_links":{"self":[{"href":"https:\/\/stage.shop-cellularswiss.ch\/de\/wp-json\/wp\/v2\/product\/51557"}],"collection":[{"href":"https:\/\/stage.shop-cellularswiss.ch\/de\/wp-json\/wp\/v2\/product"}],"about":[{"href":"https:\/\/stage.shop-cellularswiss.ch\/de\/wp-json\/wp\/v2\/types\/product"}],"replies":[{"embeddable":true,"href":"https:\/\/stage.shop-cellularswiss.ch\/de\/wp-json\/wp\/v2\/comments?post=51557"}],"wp:featuredmedia":[{"embeddable":true,"href":"https:\/\/stage.shop-cellularswiss.ch\/de\/wp-json\/wp\/v2\/media\/62592"}],"wp:attachment":[{"href":"https:\/\/stage.shop-cellularswiss.ch\/de\/wp-json\/wp\/v2\/media?parent=51557"}],"wp:term":[{"taxonomy":"pwb-brand","embeddable":true,"href":"https:\/\/stage.shop-cellularswiss.ch\/de\/wp-json\/wp\/v2\/pwb-brand?post=51557"},{"taxonomy":"product_cat","embeddable":true,"href":"https:\/\/stage.shop-cellularswiss.ch\/de\/wp-json\/wp\/v2\/product_cat?post=51557"},{"taxonomy":"product_tag","embeddable":true,"href":"https:\/\/stage.shop-cellularswiss.ch\/de\/wp-json\/wp\/v2\/product_tag?post=51557"},{"taxonomy":"compatibilite","embeddable":true,"href":"https:\/\/stage.shop-cellularswiss.ch\/de\/wp-json\/wp\/v2\/compatibilite?post=51557"},{"taxonomy":"compatibilite_smartphone","embeddable":true,"href":"https:\/\/stage.shop-cellularswiss.ch\/de\/wp-json\/wp\/v2\/compatibilite_smartphone?post=51557"}],"curies":[{"name":"wp","href":"https:\/\/api.w.org\/{rel}","templated":true}]}}