
{"id":51558,"date":"2021-03-20T11:03:52","date_gmt":"2021-03-20T12:54:21","guid":{"rendered":"https:\/\/stage.shop-cellularswiss.ch\/produit\/car-charger-fast-charge-micro-usb-universal\/"},"modified":"2021-03-20T13:54:22","modified_gmt":"2021-03-20T12:54:22","slug":"car-charger-fast-charge-micro-usb-universal","status":"publish","type":"product","link":"https:\/\/stage.shop-cellularswiss.ch\/de\/produit\/car-charger-fast-charge-micro-usb-universal\/","title":{"rendered":"Car Charger &#8211; Fast Charge &#8211; Micro USB &#8211; Universal"},"content":{"rendered":"<p>Schnelles Akkuladeger\u00e4t f\u00fcr das Auto mit 2A f\u00fcr Ger\u00e4te mit Micro-USB-Anschluss.<\/p>\n","protected":false},"excerpt":{"rendered":"<p>Schnelles Autoladeger\u00e4t 10W mit aufwickelbarem Micro-USB-Kabel<\/p>\n","protected":false},"featured_media":62856,"comment_status":"closed","ping_status":"closed","template":"","meta":{"_et_pb_use_builder":"","_et_pb_old_content":"","_et_gb_content_width":""},"pwb-brand":[],"product_cat":[3848,1781],"product_tag":[4545],"compatibilite":[],"compatibilite_smartphone":[4395,4398],"brands":[],"_links":{"self":[{"href":"https:\/\/stage.shop-cellularswiss.ch\/de\/wp-json\/wp\/v2\/product\/51558"}],"collection":[{"href":"https:\/\/stage.shop-cellularswiss.ch\/de\/wp-json\/wp\/v2\/product"}],"about":[{"href":"https:\/\/stage.shop-cellularswiss.ch\/de\/wp-json\/wp\/v2\/types\/product"}],"replies":[{"embeddable":true,"href":"https:\/\/stage.shop-cellularswiss.ch\/de\/wp-json\/wp\/v2\/comments?post=51558"}],"wp:featuredmedia":[{"embeddable":true,"href":"https:\/\/stage.shop-cellularswiss.ch\/de\/wp-json\/wp\/v2\/media\/62856"}],"wp:attachment":[{"href":"https:\/\/stage.shop-cellularswiss.ch\/de\/wp-json\/wp\/v2\/media?parent=51558"}],"wp:term":[{"taxonomy":"pwb-brand","embeddable":true,"href":"https:\/\/stage.shop-cellularswiss.ch\/de\/wp-json\/wp\/v2\/pwb-brand?post=51558"},{"taxonomy":"product_cat","embeddable":true,"href":"https:\/\/stage.shop-cellularswiss.ch\/de\/wp-json\/wp\/v2\/product_cat?post=51558"},{"taxonomy":"product_tag","embeddable":true,"href":"https:\/\/stage.shop-cellularswiss.ch\/de\/wp-json\/wp\/v2\/product_tag?post=51558"},{"taxonomy":"compatibilite","embeddable":true,"href":"https:\/\/stage.shop-cellularswiss.ch\/de\/wp-json\/wp\/v2\/compatibilite?post=51558"},{"taxonomy":"compatibilite_smartphone","embeddable":true,"href":"https:\/\/stage.shop-cellularswiss.ch\/de\/wp-json\/wp\/v2\/compatibilite_smartphone?post=51558"}],"curies":[{"name":"wp","href":"https:\/\/api.w.org\/{rel}","templated":true}]}}