
{"id":51560,"date":"2021-03-20T11:03:56","date_gmt":"2021-03-20T12:54:24","guid":{"rendered":"https:\/\/stage.shop-cellularswiss.ch\/produit\/car-headset-mini-universale\/"},"modified":"2021-03-20T13:54:26","modified_gmt":"2021-03-20T12:54:26","slug":"car-headset-mini-universale","status":"publish","type":"product","link":"https:\/\/stage.shop-cellularswiss.ch\/de\/produit\/car-headset-mini-universale\/","title":{"rendered":"Car Headset Mini &#8211; Universale"},"content":{"rendered":"<p>Bluetooth\u00ae-Headset f\u00fcr die Anwendung im Auto. Multifunktions-Rufannahmetaste und bequeme Ladestation f\u00fcr den Anschluss an den Zigarettenanz\u00fcnder. Mit der eleganten schwarzen Glanzverarbeitung und dem flachen Design ideal, um sich beim Fahren nicht ablenken zu lassen. St\u00f6rungsfreie Gespr\u00e4chsqualit\u00e4t und Handsfree-Anrufe. Die 2 USB-Ports auf der R\u00fcckseite erm\u00f6glichen es, auch weitere Ger\u00e4te aufzuladen (z. B. das Smartphone und eine Powerbank)<\/p>\n","protected":false},"excerpt":{"rendered":"<p>Bluetooth\u00ae-Headset mit Ladestation<\/p>\n","protected":false},"featured_media":62596,"comment_status":"closed","ping_status":"closed","template":"","meta":{"_et_pb_use_builder":"","_et_pb_old_content":"","_et_gb_content_width":""},"pwb-brand":[],"product_cat":[493,509],"product_tag":[],"compatibilite":[],"compatibilite_smartphone":[4366,4384,4363,4370,4354,4365,4376,4436,4443,4383,4441,4373,4381,4417,4419,4382,4420,4361,4418,4450,4437,4439,4438,4446,4442,4445,4444,4378,4356,4359,4377,4364,4379,4353,4374,4372,4449,4447,4380,4362,4448,4440,4358,4435,4433,4434,4367,4385,4388,4386,4389,4387,4421,4390,4415,4402,4413,4396,4406,4414,4405,4408,4394,4403,4407,4404,4410,4395,4422,4409,4399,4427,4428,4423,4401,4400,4431,4425,4424,4429,4430,4393,4412,4397,4416,4411,4426,4392,4391],"brands":[],"_links":{"self":[{"href":"https:\/\/stage.shop-cellularswiss.ch\/de\/wp-json\/wp\/v2\/product\/51560"}],"collection":[{"href":"https:\/\/stage.shop-cellularswiss.ch\/de\/wp-json\/wp\/v2\/product"}],"about":[{"href":"https:\/\/stage.shop-cellularswiss.ch\/de\/wp-json\/wp\/v2\/types\/product"}],"replies":[{"embeddable":true,"href":"https:\/\/stage.shop-cellularswiss.ch\/de\/wp-json\/wp\/v2\/comments?post=51560"}],"wp:featuredmedia":[{"embeddable":true,"href":"https:\/\/stage.shop-cellularswiss.ch\/de\/wp-json\/wp\/v2\/media\/62596"}],"wp:attachment":[{"href":"https:\/\/stage.shop-cellularswiss.ch\/de\/wp-json\/wp\/v2\/media?parent=51560"}],"wp:term":[{"taxonomy":"pwb-brand","embeddable":true,"href":"https:\/\/stage.shop-cellularswiss.ch\/de\/wp-json\/wp\/v2\/pwb-brand?post=51560"},{"taxonomy":"product_cat","embeddable":true,"href":"https:\/\/stage.shop-cellularswiss.ch\/de\/wp-json\/wp\/v2\/product_cat?post=51560"},{"taxonomy":"product_tag","embeddable":true,"href":"https:\/\/stage.shop-cellularswiss.ch\/de\/wp-json\/wp\/v2\/product_tag?post=51560"},{"taxonomy":"compatibilite","embeddable":true,"href":"https:\/\/stage.shop-cellularswiss.ch\/de\/wp-json\/wp\/v2\/compatibilite?post=51560"},{"taxonomy":"compatibilite_smartphone","embeddable":true,"href":"https:\/\/stage.shop-cellularswiss.ch\/de\/wp-json\/wp\/v2\/compatibilite_smartphone?post=51560"}],"curies":[{"name":"wp","href":"https:\/\/api.w.org\/{rel}","templated":true}]}}