
{"id":51570,"date":"2021-03-20T11:04:21","date_gmt":"2021-03-20T12:54:40","guid":{"rendered":"https:\/\/stage.shop-cellularswiss.ch\/produit\/car-multipower-2-pro-iphone-samsung-huawei-and-other-smartphones-and-tablets\/"},"modified":"2021-03-20T13:54:42","modified_gmt":"2021-03-20T12:54:42","slug":"car-multipower-2-pro-iphone-samsung-huawei-and-other-smartphones-and-tablets","status":"publish","type":"product","link":"https:\/\/stage.shop-cellularswiss.ch\/de\/produit\/car-multipower-2-pro-iphone-samsung-huawei-and-other-smartphones-and-tablets\/","title":{"rendered":"Car Multipower 2 PRO &#8211; iPhone, Samsung, Huawei and other Smartphones and Tablets"},"content":{"rendered":"<p>CAR MULTIPOWER 2 PRO ist das Autoladeger\u00e4t, das f\u00fcr diejenigen entwickelt wurde, die mehrere Ger\u00e4te gleichzeitig laden m\u00fcssen. Es ist die ideale L\u00f6sung, um Ihre Ger\u00e4te und die anderer Fahrg\u00e4ste w\u00e4hrend der Autofahrt aufgeladen und einsatzbereit zu halten. Dank der 2 USB-Ports k\u00f6nnen bis zu 2 Ger\u00e4te gleichzeitig geladen werden.Mit der innovativen Smartphone Detect-Technologie ausgestattet, erkennt Car Multipower 2 PRO die angeschlossenen Ger\u00e4te und gibt die richtige Ladung in absoluter Sicherheit ab und garantiert dabei die fortschrittlichste Ladeleistung auch f\u00fcr Ger\u00e4te, die mit der 9V\/2A Fast Charging*-, Adaptive Fast Charge-, Qualcomm\u00ae Quick ChargeTM-Technologie kompatibel sind.Die beiden Ports sind f\u00fcr eine Leistung von jeweils 18W und eine Gesamtleistung von 36W ausgerichtet.*Keine Gew\u00e4hrleistung der Schnellladung f\u00fcr Huawei-Ger\u00e4te, die mit der \u201eSuperCharge\u201c-Technologie kompatibel sind. Es gibt keinerlei Abmachung, Lizenz oder Verbindung zwischen Cellularline S.p.A. und den in den Texten und Bildern dieser Website angegebenen Markeninhabern und Namen. Alle Telefonmarken, -namen und -modelle sind Eigentum der jeweiligen Inhaber. Qualcomm is a trademark of Qualcomm Incorporated, registered in the United States and other countries. Quick Charge is a trademark of Qualcomm Incorporated. Qualcomm Quick Charge is a product of Qualcomm Technologies, Inc. and\/or its subsidiaries.<\/p>\n","protected":false},"excerpt":{"rendered":"<p>Schnelles Autoladeger\u00e4t mit zwei Ports, 36W<\/p>\n","protected":false},"featured_media":46912,"comment_status":"closed","ping_status":"closed","template":"","meta":{"_et_pb_use_builder":"","_et_pb_old_content":"","_et_gb_content_width":""},"pwb-brand":[],"product_cat":[3848,1781],"product_tag":[],"compatibilite":[],"compatibilite_smartphone":[4366,4365,4436,4437,4435,4433,4434,4388,4386,4387,4390,4402,4406,4414,4405,4403,4407,4409,4427,4428,4423,4401,4400,4397,4416,4392,4391],"brands":[],"_links":{"self":[{"href":"https:\/\/stage.shop-cellularswiss.ch\/de\/wp-json\/wp\/v2\/product\/51570"}],"collection":[{"href":"https:\/\/stage.shop-cellularswiss.ch\/de\/wp-json\/wp\/v2\/product"}],"about":[{"href":"https:\/\/stage.shop-cellularswiss.ch\/de\/wp-json\/wp\/v2\/types\/product"}],"replies":[{"embeddable":true,"href":"https:\/\/stage.shop-cellularswiss.ch\/de\/wp-json\/wp\/v2\/comments?post=51570"}],"wp:featuredmedia":[{"embeddable":true,"href":"https:\/\/stage.shop-cellularswiss.ch\/de\/wp-json\/wp\/v2\/media\/46912"}],"wp:attachment":[{"href":"https:\/\/stage.shop-cellularswiss.ch\/de\/wp-json\/wp\/v2\/media?parent=51570"}],"wp:term":[{"taxonomy":"pwb-brand","embeddable":true,"href":"https:\/\/stage.shop-cellularswiss.ch\/de\/wp-json\/wp\/v2\/pwb-brand?post=51570"},{"taxonomy":"product_cat","embeddable":true,"href":"https:\/\/stage.shop-cellularswiss.ch\/de\/wp-json\/wp\/v2\/product_cat?post=51570"},{"taxonomy":"product_tag","embeddable":true,"href":"https:\/\/stage.shop-cellularswiss.ch\/de\/wp-json\/wp\/v2\/product_tag?post=51570"},{"taxonomy":"compatibilite","embeddable":true,"href":"https:\/\/stage.shop-cellularswiss.ch\/de\/wp-json\/wp\/v2\/compatibilite?post=51570"},{"taxonomy":"compatibilite_smartphone","embeddable":true,"href":"https:\/\/stage.shop-cellularswiss.ch\/de\/wp-json\/wp\/v2\/compatibilite_smartphone?post=51570"}],"curies":[{"name":"wp","href":"https:\/\/api.w.org\/{rel}","templated":true}]}}