
{"id":51577,"date":"2021-03-20T11:04:39","date_gmt":"2021-03-20T12:54:51","guid":{"rendered":"https:\/\/stage.shop-cellularswiss.ch\/produit\/chroma-galaxy-a21s\/"},"modified":"2021-03-20T13:54:58","modified_gmt":"2021-03-20T12:54:58","slug":"chroma-galaxy-a21s","status":"publish","type":"product","link":"https:\/\/stage.shop-cellularswiss.ch\/de\/produit\/chroma-galaxy-a21s\/","title":{"rendered":"Chroma &#8211; Galaxy A21s"},"content":{"rendered":"<p>Chroma ist die Schutzh\u00fclle aus weichem, farbigem Gummi, die das Telefon perfekt umschlie\u00dft und dabei die R\u00e4nder und Tasten sch\u00fctzt, ohne das Design zu beeintr\u00e4chtigen. Die Innenseite aus weicher Mikrofaser sch\u00fctzt das Telefon vor Kratzern und Staub.<\/p>\n","protected":false},"excerpt":{"rendered":"<p>Schutzh\u00fclle aus weichem, farbigem Gummi<\/p>\n","protected":false},"featured_media":61666,"comment_status":"closed","ping_status":"closed","template":"","meta":{"_et_pb_use_builder":"","_et_pb_old_content":"","_et_gb_content_width":""},"pwb-brand":[],"product_cat":[542,559],"product_tag":[],"compatibilite":[],"compatibilite_smartphone":[4413],"brands":[],"_links":{"self":[{"href":"https:\/\/stage.shop-cellularswiss.ch\/de\/wp-json\/wp\/v2\/product\/51577"}],"collection":[{"href":"https:\/\/stage.shop-cellularswiss.ch\/de\/wp-json\/wp\/v2\/product"}],"about":[{"href":"https:\/\/stage.shop-cellularswiss.ch\/de\/wp-json\/wp\/v2\/types\/product"}],"replies":[{"embeddable":true,"href":"https:\/\/stage.shop-cellularswiss.ch\/de\/wp-json\/wp\/v2\/comments?post=51577"}],"wp:featuredmedia":[{"embeddable":true,"href":"https:\/\/stage.shop-cellularswiss.ch\/de\/wp-json\/wp\/v2\/media\/61666"}],"wp:attachment":[{"href":"https:\/\/stage.shop-cellularswiss.ch\/de\/wp-json\/wp\/v2\/media?parent=51577"}],"wp:term":[{"taxonomy":"pwb-brand","embeddable":true,"href":"https:\/\/stage.shop-cellularswiss.ch\/de\/wp-json\/wp\/v2\/pwb-brand?post=51577"},{"taxonomy":"product_cat","embeddable":true,"href":"https:\/\/stage.shop-cellularswiss.ch\/de\/wp-json\/wp\/v2\/product_cat?post=51577"},{"taxonomy":"product_tag","embeddable":true,"href":"https:\/\/stage.shop-cellularswiss.ch\/de\/wp-json\/wp\/v2\/product_tag?post=51577"},{"taxonomy":"compatibilite","embeddable":true,"href":"https:\/\/stage.shop-cellularswiss.ch\/de\/wp-json\/wp\/v2\/compatibilite?post=51577"},{"taxonomy":"compatibilite_smartphone","embeddable":true,"href":"https:\/\/stage.shop-cellularswiss.ch\/de\/wp-json\/wp\/v2\/compatibilite_smartphone?post=51577"}],"curies":[{"name":"wp","href":"https:\/\/api.w.org\/{rel}","templated":true}]}}