
{"id":51583,"date":"2021-03-20T11:04:53","date_gmt":"2021-03-20T12:55:00","guid":{"rendered":"https:\/\/stage.shop-cellularswiss.ch\/produit\/circle-ring-universale\/"},"modified":"2021-03-20T13:55:04","modified_gmt":"2021-03-20T12:55:04","slug":"circle-ring-universale","status":"publish","type":"product","link":"https:\/\/stage.shop-cellularswiss.ch\/de\/produit\/circle-ring-universale\/","title":{"rendered":"Circle Ring &#8211; Universale"},"content":{"rendered":"<p>Circle Ring ist ein superflacher Ring f\u00fcr das Smartphone, der an der R\u00fcckseite des Telefons angebracht wird, um immer einen festen Griff beim Schie\u00dfen von Selfies zu haben. Dank der 360 \u00b0-Drehung eignet sich Circle Ring perfekt f\u00fcr jeden Griff und die Standfunktion erm\u00f6glicht das bequeme Ansehen von Videos auf dem Smartphone.<\/p>\n","protected":false},"excerpt":{"rendered":"<p>Ring f\u00fcr einen festen Griff und perfekte Selfies<\/p>\n","protected":false},"featured_media":62415,"comment_status":"closed","ping_status":"closed","template":"","meta":{"_et_pb_use_builder":"","_et_pb_old_content":"","_et_gb_content_width":""},"pwb-brand":[],"product_cat":[544,542],"product_tag":[],"compatibilite":[],"compatibilite_smartphone":[4455],"brands":[],"_links":{"self":[{"href":"https:\/\/stage.shop-cellularswiss.ch\/de\/wp-json\/wp\/v2\/product\/51583"}],"collection":[{"href":"https:\/\/stage.shop-cellularswiss.ch\/de\/wp-json\/wp\/v2\/product"}],"about":[{"href":"https:\/\/stage.shop-cellularswiss.ch\/de\/wp-json\/wp\/v2\/types\/product"}],"replies":[{"embeddable":true,"href":"https:\/\/stage.shop-cellularswiss.ch\/de\/wp-json\/wp\/v2\/comments?post=51583"}],"wp:featuredmedia":[{"embeddable":true,"href":"https:\/\/stage.shop-cellularswiss.ch\/de\/wp-json\/wp\/v2\/media\/62415"}],"wp:attachment":[{"href":"https:\/\/stage.shop-cellularswiss.ch\/de\/wp-json\/wp\/v2\/media?parent=51583"}],"wp:term":[{"taxonomy":"pwb-brand","embeddable":true,"href":"https:\/\/stage.shop-cellularswiss.ch\/de\/wp-json\/wp\/v2\/pwb-brand?post=51583"},{"taxonomy":"product_cat","embeddable":true,"href":"https:\/\/stage.shop-cellularswiss.ch\/de\/wp-json\/wp\/v2\/product_cat?post=51583"},{"taxonomy":"product_tag","embeddable":true,"href":"https:\/\/stage.shop-cellularswiss.ch\/de\/wp-json\/wp\/v2\/product_tag?post=51583"},{"taxonomy":"compatibilite","embeddable":true,"href":"https:\/\/stage.shop-cellularswiss.ch\/de\/wp-json\/wp\/v2\/compatibilite?post=51583"},{"taxonomy":"compatibilite_smartphone","embeddable":true,"href":"https:\/\/stage.shop-cellularswiss.ch\/de\/wp-json\/wp\/v2\/compatibilite_smartphone?post=51583"}],"curies":[{"name":"wp","href":"https:\/\/api.w.org\/{rel}","templated":true}]}}