
{"id":51585,"date":"2021-03-20T11:04:58","date_gmt":"2021-03-20T12:55:04","guid":{"rendered":"https:\/\/stage.shop-cellularswiss.ch\/produit\/clear-color-iphone-se2020-8-7\/"},"modified":"2021-03-20T13:55:08","modified_gmt":"2021-03-20T12:55:08","slug":"clear-color-iphone-se2020-8-7","status":"publish","type":"product","link":"https:\/\/stage.shop-cellularswiss.ch\/de\/produit\/clear-color-iphone-se2020-8-7\/","title":{"rendered":"Clear Color &#8211; iPhone SE(2020)\/8\/7"},"content":{"rendered":"<p>Die Schutzh\u00fclle vereint eine feste R\u00fcckseite mit einem Rahmen aus Gummi mit erhabener Kante, um St\u00f6\u00dfe abzud\u00e4mpfen und einen h\u00f6heren Displayschutz zu gew\u00e4hrleisten. Dank des durchsichtigen Finishs kann man alle Details des iPhones sehen und gleichzeitig wird dem Ger\u00e4t eine lebhafte und lustige Farbe verliehen.<\/p>\n","protected":false},"excerpt":{"rendered":"<p>Hoher Schutz, viel Farbe<\/p>\n","protected":false},"featured_media":56046,"comment_status":"closed","ping_status":"closed","template":"","meta":{"_et_pb_use_builder":"","_et_pb_old_content":"","_et_gb_content_width":""},"pwb-brand":[],"product_cat":[542,559],"product_tag":[],"compatibilite":[],"compatibilite_smartphone":[4449,4380,4440],"brands":[],"_links":{"self":[{"href":"https:\/\/stage.shop-cellularswiss.ch\/de\/wp-json\/wp\/v2\/product\/51585"}],"collection":[{"href":"https:\/\/stage.shop-cellularswiss.ch\/de\/wp-json\/wp\/v2\/product"}],"about":[{"href":"https:\/\/stage.shop-cellularswiss.ch\/de\/wp-json\/wp\/v2\/types\/product"}],"replies":[{"embeddable":true,"href":"https:\/\/stage.shop-cellularswiss.ch\/de\/wp-json\/wp\/v2\/comments?post=51585"}],"wp:featuredmedia":[{"embeddable":true,"href":"https:\/\/stage.shop-cellularswiss.ch\/de\/wp-json\/wp\/v2\/media\/56046"}],"wp:attachment":[{"href":"https:\/\/stage.shop-cellularswiss.ch\/de\/wp-json\/wp\/v2\/media?parent=51585"}],"wp:term":[{"taxonomy":"pwb-brand","embeddable":true,"href":"https:\/\/stage.shop-cellularswiss.ch\/de\/wp-json\/wp\/v2\/pwb-brand?post=51585"},{"taxonomy":"product_cat","embeddable":true,"href":"https:\/\/stage.shop-cellularswiss.ch\/de\/wp-json\/wp\/v2\/product_cat?post=51585"},{"taxonomy":"product_tag","embeddable":true,"href":"https:\/\/stage.shop-cellularswiss.ch\/de\/wp-json\/wp\/v2\/product_tag?post=51585"},{"taxonomy":"compatibilite","embeddable":true,"href":"https:\/\/stage.shop-cellularswiss.ch\/de\/wp-json\/wp\/v2\/compatibilite?post=51585"},{"taxonomy":"compatibilite_smartphone","embeddable":true,"href":"https:\/\/stage.shop-cellularswiss.ch\/de\/wp-json\/wp\/v2\/compatibilite_smartphone?post=51585"}],"curies":[{"name":"wp","href":"https:\/\/api.w.org\/{rel}","templated":true}]}}