
{"id":51602,"date":"2021-03-20T11:05:48","date_gmt":"2021-03-20T12:55:39","guid":{"rendered":"https:\/\/stage.shop-cellularswiss.ch\/produit\/clear-duo-iphone-xr\/"},"modified":"2021-03-20T13:55:41","modified_gmt":"2021-03-20T12:55:41","slug":"clear-duo-iphone-xr","status":"publish","type":"product","link":"https:\/\/stage.shop-cellularswiss.ch\/de\/produit\/clear-duo-iphone-xr\/","title":{"rendered":"Clear Duo &#8211; iPhone XR"},"content":{"rendered":"<p>Die komplett durchsichtige Schutzh\u00fclle vereint eine feste R\u00fcckseite mit einem Rahmen aus Gummi mit erhabener Kante, um St\u00f6\u00dfe abzud\u00e4mpfen und einen h\u00f6heren Displayschutz zu gew\u00e4hrleisten. Die Clear Duo hat eine lebenslange Garantie: weitere Informationen findest du im Bereich Guaranteed For Life von Cellularline<\/p>\n","protected":false},"excerpt":{"rendered":"<p>Starre Schutzh\u00fclle mit Rahmen aus Gummi<\/p>\n","protected":false},"featured_media":56026,"comment_status":"closed","ping_status":"closed","template":"","meta":{"_et_pb_use_builder":"","_et_pb_old_content":"","_et_gb_content_width":""},"pwb-brand":[],"product_cat":[542,559],"product_tag":[],"compatibilite":[],"compatibilite_smartphone":[4435],"brands":[],"_links":{"self":[{"href":"https:\/\/stage.shop-cellularswiss.ch\/de\/wp-json\/wp\/v2\/product\/51602"}],"collection":[{"href":"https:\/\/stage.shop-cellularswiss.ch\/de\/wp-json\/wp\/v2\/product"}],"about":[{"href":"https:\/\/stage.shop-cellularswiss.ch\/de\/wp-json\/wp\/v2\/types\/product"}],"replies":[{"embeddable":true,"href":"https:\/\/stage.shop-cellularswiss.ch\/de\/wp-json\/wp\/v2\/comments?post=51602"}],"wp:featuredmedia":[{"embeddable":true,"href":"https:\/\/stage.shop-cellularswiss.ch\/de\/wp-json\/wp\/v2\/media\/56026"}],"wp:attachment":[{"href":"https:\/\/stage.shop-cellularswiss.ch\/de\/wp-json\/wp\/v2\/media?parent=51602"}],"wp:term":[{"taxonomy":"pwb-brand","embeddable":true,"href":"https:\/\/stage.shop-cellularswiss.ch\/de\/wp-json\/wp\/v2\/pwb-brand?post=51602"},{"taxonomy":"product_cat","embeddable":true,"href":"https:\/\/stage.shop-cellularswiss.ch\/de\/wp-json\/wp\/v2\/product_cat?post=51602"},{"taxonomy":"product_tag","embeddable":true,"href":"https:\/\/stage.shop-cellularswiss.ch\/de\/wp-json\/wp\/v2\/product_tag?post=51602"},{"taxonomy":"compatibilite","embeddable":true,"href":"https:\/\/stage.shop-cellularswiss.ch\/de\/wp-json\/wp\/v2\/compatibilite?post=51602"},{"taxonomy":"compatibilite_smartphone","embeddable":true,"href":"https:\/\/stage.shop-cellularswiss.ch\/de\/wp-json\/wp\/v2\/compatibilite_smartphone?post=51602"}],"curies":[{"name":"wp","href":"https:\/\/api.w.org\/{rel}","templated":true}]}}