
{"id":51607,"date":"2021-03-20T11:06:01","date_gmt":"2021-03-20T12:55:46","guid":{"rendered":"https:\/\/stage.shop-cellularswiss.ch\/produit\/clear-strong-galaxy-s21-ultra\/"},"modified":"2022-02-01T15:41:10","modified_gmt":"2022-02-01T14:41:10","slug":"clear-strong-galaxy-s21-ultra","status":"publish","type":"product","link":"https:\/\/stage.shop-cellularswiss.ch\/de\/produit\/clear-strong-galaxy-s21-ultra\/","title":{"rendered":"Clear Strong &#8211; Galaxy S21 Ultra"},"content":{"rendered":"<p>Transparente starre Schutzh\u00fclle mit Gummir\u00e4ndern, die St\u00f6\u00dfe aufnimmt und einen besonders guten Schutz des Smartphones gew\u00e4hrleistet. Ultra-widerstandsf\u00e4hig, mit MilitaryTest Zertifizierung, sch\u00fctzt es das Smartphone vor St\u00f6\u00dfen und Kratzern, w\u00e4hrend das Design unver\u00e4ndert bleibt. Clear Strong hat eine lebenslange Garantie: Weitere Informationen finden Sie im Bereich Guaranteed For Life von Cellularline.<\/p>\n","protected":false},"excerpt":{"rendered":"<p>Starre Schutzh\u00fclle mit Gummir\u00e4ndern<\/p>\n","protected":false},"featured_media":61674,"comment_status":"closed","ping_status":"closed","template":"","meta":{"_et_pb_use_builder":"","_et_pb_old_content":"","_et_gb_content_width":""},"pwb-brand":[],"product_cat":[542,559],"product_tag":[],"compatibilite":[],"compatibilite_smartphone":[4430],"brands":[],"_links":{"self":[{"href":"https:\/\/stage.shop-cellularswiss.ch\/de\/wp-json\/wp\/v2\/product\/51607"}],"collection":[{"href":"https:\/\/stage.shop-cellularswiss.ch\/de\/wp-json\/wp\/v2\/product"}],"about":[{"href":"https:\/\/stage.shop-cellularswiss.ch\/de\/wp-json\/wp\/v2\/types\/product"}],"replies":[{"embeddable":true,"href":"https:\/\/stage.shop-cellularswiss.ch\/de\/wp-json\/wp\/v2\/comments?post=51607"}],"wp:featuredmedia":[{"embeddable":true,"href":"https:\/\/stage.shop-cellularswiss.ch\/de\/wp-json\/wp\/v2\/media\/61674"}],"wp:attachment":[{"href":"https:\/\/stage.shop-cellularswiss.ch\/de\/wp-json\/wp\/v2\/media?parent=51607"}],"wp:term":[{"taxonomy":"pwb-brand","embeddable":true,"href":"https:\/\/stage.shop-cellularswiss.ch\/de\/wp-json\/wp\/v2\/pwb-brand?post=51607"},{"taxonomy":"product_cat","embeddable":true,"href":"https:\/\/stage.shop-cellularswiss.ch\/de\/wp-json\/wp\/v2\/product_cat?post=51607"},{"taxonomy":"product_tag","embeddable":true,"href":"https:\/\/stage.shop-cellularswiss.ch\/de\/wp-json\/wp\/v2\/product_tag?post=51607"},{"taxonomy":"compatibilite","embeddable":true,"href":"https:\/\/stage.shop-cellularswiss.ch\/de\/wp-json\/wp\/v2\/compatibilite?post=51607"},{"taxonomy":"compatibilite_smartphone","embeddable":true,"href":"https:\/\/stage.shop-cellularswiss.ch\/de\/wp-json\/wp\/v2\/compatibilite_smartphone?post=51607"}],"curies":[{"name":"wp","href":"https:\/\/api.w.org\/{rel}","templated":true}]}}