
{"id":51612,"date":"2021-03-20T11:06:14","date_gmt":"2021-03-20T12:55:58","guid":{"rendered":"https:\/\/stage.shop-cellularswiss.ch\/produit\/clear-touch-iphone-6s-6\/"},"modified":"2021-03-20T13:56:00","modified_gmt":"2021-03-20T12:56:00","slug":"clear-touch-iphone-6s-6","status":"publish","type":"product","link":"https:\/\/stage.shop-cellularswiss.ch\/de\/produit\/clear-touch-iphone-6s-6\/","title":{"rendered":"Clear Touch &#8211; iPhone 6S\/6"},"content":{"rendered":"<p>Transparentes Cover, das das Telefon zu 360 \u00b0 sch\u00fctzt. Die superd\u00fcnne Vorderseite erm\u00f6glicht die Verwendung des Touchscreens mit all seinen Funktionen, w\u00e4hrend die R\u00fcckseite aus festem, hochwiderstandsf\u00e4higem und diskretem Material besteht. Ein unsichtbares Cover, das das Smartphone nicht verdeckt und es doch vor St\u00f6\u00dfen und Kratzern sch\u00fctzt.<\/p>\n","protected":false},"excerpt":{"rendered":"<p>Transparentes Cover, das das Telefon zu 360 \u00b0 sch\u00fctzt<\/p>\n","protected":false},"featured_media":56006,"comment_status":"closed","ping_status":"closed","template":"","meta":{"_et_pb_use_builder":"","_et_pb_old_content":"","_et_gb_content_width":""},"pwb-brand":[],"product_cat":[542,559],"product_tag":[],"compatibilite":[],"compatibilite_smartphone":[4379,4374],"brands":[],"_links":{"self":[{"href":"https:\/\/stage.shop-cellularswiss.ch\/de\/wp-json\/wp\/v2\/product\/51612"}],"collection":[{"href":"https:\/\/stage.shop-cellularswiss.ch\/de\/wp-json\/wp\/v2\/product"}],"about":[{"href":"https:\/\/stage.shop-cellularswiss.ch\/de\/wp-json\/wp\/v2\/types\/product"}],"replies":[{"embeddable":true,"href":"https:\/\/stage.shop-cellularswiss.ch\/de\/wp-json\/wp\/v2\/comments?post=51612"}],"wp:featuredmedia":[{"embeddable":true,"href":"https:\/\/stage.shop-cellularswiss.ch\/de\/wp-json\/wp\/v2\/media\/56006"}],"wp:attachment":[{"href":"https:\/\/stage.shop-cellularswiss.ch\/de\/wp-json\/wp\/v2\/media?parent=51612"}],"wp:term":[{"taxonomy":"pwb-brand","embeddable":true,"href":"https:\/\/stage.shop-cellularswiss.ch\/de\/wp-json\/wp\/v2\/pwb-brand?post=51612"},{"taxonomy":"product_cat","embeddable":true,"href":"https:\/\/stage.shop-cellularswiss.ch\/de\/wp-json\/wp\/v2\/product_cat?post=51612"},{"taxonomy":"product_tag","embeddable":true,"href":"https:\/\/stage.shop-cellularswiss.ch\/de\/wp-json\/wp\/v2\/product_tag?post=51612"},{"taxonomy":"compatibilite","embeddable":true,"href":"https:\/\/stage.shop-cellularswiss.ch\/de\/wp-json\/wp\/v2\/compatibilite?post=51612"},{"taxonomy":"compatibilite_smartphone","embeddable":true,"href":"https:\/\/stage.shop-cellularswiss.ch\/de\/wp-json\/wp\/v2\/compatibilite_smartphone?post=51612"}],"curies":[{"name":"wp","href":"https:\/\/api.w.org\/{rel}","templated":true}]}}