
{"id":51616,"date":"2021-03-20T11:06:24","date_gmt":"2021-03-20T12:56:05","guid":{"rendered":"https:\/\/stage.shop-cellularswiss.ch\/produit\/click-cable-usb-c-to-lightning\/"},"modified":"2021-03-20T13:56:06","modified_gmt":"2021-03-20T12:56:06","slug":"click-cable-usb-c-to-lightning","status":"publish","type":"product","link":"https:\/\/stage.shop-cellularswiss.ch\/de\/produit\/click-cable-usb-c-to-lightning\/","title":{"rendered":"Click Cable &#8211; USB-C to Lightning"},"content":{"rendered":"<p>CLICK CABLE ist ein praktisches, widerstandsf\u00e4higes und elegantes Kabel f\u00fcr den Nachttisch. Der Silikonklebeknopf kann auf jeder flachen Oberfl\u00e4che angebracht werden, w\u00e4hrend der magnetische Kabelclip einen stabilen und sicheren Halt am Knopf bietet. Durch die beiden Elemente bleibt das Kabel fest an der Oberfl\u00e4che verankert, wodurch das l\u00e4stige Problem von herunterfallenden Kabeln oder Kabeln unter dem Bett gel\u00f6st wird. Mit dem Click Cable finden Sie das Kabel genau dort, wo Sie es gelassen haben!<\/p>\n","protected":false},"excerpt":{"rendered":"<p>USB-Kabel f\u00fcr den Nachttisch<\/p>\n","protected":false},"featured_media":62479,"comment_status":"closed","ping_status":"closed","template":"","meta":{"_et_pb_use_builder":"","_et_pb_old_content":"","_et_gb_content_width":""},"pwb-brand":[],"product_cat":[3863,1781],"product_tag":[],"compatibilite":[],"compatibilite_smartphone":[4366,4354,4365,4376,4355,4383,4441,4357,4368,4373,4381,4382,4361,4450,4437,4439,4438,4359,4377,4364,4379,4353,4374,4372,4449,4447,4380,4362,4448,4440,4358,4433,4434,4367,4465,4468],"brands":[],"_links":{"self":[{"href":"https:\/\/stage.shop-cellularswiss.ch\/de\/wp-json\/wp\/v2\/product\/51616"}],"collection":[{"href":"https:\/\/stage.shop-cellularswiss.ch\/de\/wp-json\/wp\/v2\/product"}],"about":[{"href":"https:\/\/stage.shop-cellularswiss.ch\/de\/wp-json\/wp\/v2\/types\/product"}],"replies":[{"embeddable":true,"href":"https:\/\/stage.shop-cellularswiss.ch\/de\/wp-json\/wp\/v2\/comments?post=51616"}],"wp:featuredmedia":[{"embeddable":true,"href":"https:\/\/stage.shop-cellularswiss.ch\/de\/wp-json\/wp\/v2\/media\/62479"}],"wp:attachment":[{"href":"https:\/\/stage.shop-cellularswiss.ch\/de\/wp-json\/wp\/v2\/media?parent=51616"}],"wp:term":[{"taxonomy":"pwb-brand","embeddable":true,"href":"https:\/\/stage.shop-cellularswiss.ch\/de\/wp-json\/wp\/v2\/pwb-brand?post=51616"},{"taxonomy":"product_cat","embeddable":true,"href":"https:\/\/stage.shop-cellularswiss.ch\/de\/wp-json\/wp\/v2\/product_cat?post=51616"},{"taxonomy":"product_tag","embeddable":true,"href":"https:\/\/stage.shop-cellularswiss.ch\/de\/wp-json\/wp\/v2\/product_tag?post=51616"},{"taxonomy":"compatibilite","embeddable":true,"href":"https:\/\/stage.shop-cellularswiss.ch\/de\/wp-json\/wp\/v2\/compatibilite?post=51616"},{"taxonomy":"compatibilite_smartphone","embeddable":true,"href":"https:\/\/stage.shop-cellularswiss.ch\/de\/wp-json\/wp\/v2\/compatibilite_smartphone?post=51616"}],"curies":[{"name":"wp","href":"https:\/\/api.w.org\/{rel}","templated":true}]}}