
{"id":51618,"date":"2021-03-20T11:06:29","date_gmt":"2021-03-20T12:56:08","guid":{"rendered":"https:\/\/stage.shop-cellularswiss.ch\/produit\/click-case-tablet-fino-a-10-5\/"},"modified":"2021-03-20T13:56:10","modified_gmt":"2021-03-20T12:56:10","slug":"click-case-tablet-fino-a-10-5","status":"publish","type":"product","link":"https:\/\/stage.shop-cellularswiss.ch\/de\/produit\/click-case-tablet-fino-a-10-5\/","title":{"rendered":"Click Case &#8211; Tablet fino a 10.5&#8243;"},"content":{"rendered":"<p>Click Case ist die neue, ultrad\u00fcnne Universal-H\u00fclle f\u00fcr Tablets bis 10,5&#8243; mit biegsamer R\u00fcckseite, dank der man die Fotokamera bestm\u00f6glich verwenden kann, ohne das Ger\u00e4t aus der H\u00fclle nehmen zu m\u00fcssen. Die H\u00fclle passt sich komplett an das Design des Tablets an und man kann dank des doppelten und einstellbaren St\u00e4nders Videos ansehen oder die Tastatur auf einfache, praktische und bequeme Art und Weise verwenden.<\/p>\n","protected":false},"excerpt":{"rendered":"<p>Universal-Schutzh\u00fclle mit biegsamer R\u00fcckseite<\/p>\n","protected":false},"featured_media":55998,"comment_status":"closed","ping_status":"closed","template":"","meta":{"_et_pb_use_builder":"","_et_pb_old_content":"","_et_gb_content_width":""},"pwb-brand":[],"product_cat":[539,542],"product_tag":[],"compatibilite":[],"compatibilite_smartphone":[4455],"brands":[],"_links":{"self":[{"href":"https:\/\/stage.shop-cellularswiss.ch\/de\/wp-json\/wp\/v2\/product\/51618"}],"collection":[{"href":"https:\/\/stage.shop-cellularswiss.ch\/de\/wp-json\/wp\/v2\/product"}],"about":[{"href":"https:\/\/stage.shop-cellularswiss.ch\/de\/wp-json\/wp\/v2\/types\/product"}],"replies":[{"embeddable":true,"href":"https:\/\/stage.shop-cellularswiss.ch\/de\/wp-json\/wp\/v2\/comments?post=51618"}],"wp:featuredmedia":[{"embeddable":true,"href":"https:\/\/stage.shop-cellularswiss.ch\/de\/wp-json\/wp\/v2\/media\/55998"}],"wp:attachment":[{"href":"https:\/\/stage.shop-cellularswiss.ch\/de\/wp-json\/wp\/v2\/media?parent=51618"}],"wp:term":[{"taxonomy":"pwb-brand","embeddable":true,"href":"https:\/\/stage.shop-cellularswiss.ch\/de\/wp-json\/wp\/v2\/pwb-brand?post=51618"},{"taxonomy":"product_cat","embeddable":true,"href":"https:\/\/stage.shop-cellularswiss.ch\/de\/wp-json\/wp\/v2\/product_cat?post=51618"},{"taxonomy":"product_tag","embeddable":true,"href":"https:\/\/stage.shop-cellularswiss.ch\/de\/wp-json\/wp\/v2\/product_tag?post=51618"},{"taxonomy":"compatibilite","embeddable":true,"href":"https:\/\/stage.shop-cellularswiss.ch\/de\/wp-json\/wp\/v2\/compatibilite?post=51618"},{"taxonomy":"compatibilite_smartphone","embeddable":true,"href":"https:\/\/stage.shop-cellularswiss.ch\/de\/wp-json\/wp\/v2\/compatibilite_smartphone?post=51618"}],"curies":[{"name":"wp","href":"https:\/\/api.w.org\/{rel}","templated":true}]}}