
{"id":51619,"date":"2021-03-20T11:06:31","date_gmt":"2021-03-20T12:56:08","guid":{"rendered":"https:\/\/stage.shop-cellularswiss.ch\/produit\/collapsible-bottle-750ml\/"},"modified":"2021-03-20T13:56:17","modified_gmt":"2021-03-20T12:56:17","slug":"collapsible-bottle-750ml","status":"publish","type":"product","link":"https:\/\/stage.shop-cellularswiss.ch\/de\/produit\/collapsible-bottle-750ml\/","title":{"rendered":"Collapsible Bottle 750ml"},"content":{"rendered":"<p>Rebottle ist die faltbare und ultraleichte Flasche, perfekt f\u00fcr Reisen und Abenteuer unter freiem Himmel. Das faltbare Design erm\u00f6glicht es, nur das Notwendigste bei sich tragen zu m\u00fcssen, wobei das Fassungsverm\u00f6gen der Flasche von 750 ml bis 350 ml frei bestimmt werden kann. Zusammengefaltet ist Rebottle kompakt und leicht zu tragen und nimmt bis zu 60 % weniger Platz als in seiner urspr\u00fcnglichen Gr\u00f6\u00dfe ein. Hergestellt f\u00fcr den Einsatz im Lebensmittelbereich, aus 100 % sicherem, BPA-freiem, FDA-zugelassenem ultrabest\u00e4ndigem Silikonmaterial.<\/p>\n","protected":false},"excerpt":{"rendered":"<p>Faltflasche 750 ml<\/p>\n","protected":false},"featured_media":62419,"comment_status":"closed","ping_status":"closed","template":"","meta":{"_et_pb_use_builder":"","_et_pb_old_content":"","_et_gb_content_width":""},"pwb-brand":[],"product_cat":[544,542],"product_tag":[],"compatibilite":[],"compatibilite_smartphone":[],"brands":[],"_links":{"self":[{"href":"https:\/\/stage.shop-cellularswiss.ch\/de\/wp-json\/wp\/v2\/product\/51619"}],"collection":[{"href":"https:\/\/stage.shop-cellularswiss.ch\/de\/wp-json\/wp\/v2\/product"}],"about":[{"href":"https:\/\/stage.shop-cellularswiss.ch\/de\/wp-json\/wp\/v2\/types\/product"}],"replies":[{"embeddable":true,"href":"https:\/\/stage.shop-cellularswiss.ch\/de\/wp-json\/wp\/v2\/comments?post=51619"}],"wp:featuredmedia":[{"embeddable":true,"href":"https:\/\/stage.shop-cellularswiss.ch\/de\/wp-json\/wp\/v2\/media\/62419"}],"wp:attachment":[{"href":"https:\/\/stage.shop-cellularswiss.ch\/de\/wp-json\/wp\/v2\/media?parent=51619"}],"wp:term":[{"taxonomy":"pwb-brand","embeddable":true,"href":"https:\/\/stage.shop-cellularswiss.ch\/de\/wp-json\/wp\/v2\/pwb-brand?post=51619"},{"taxonomy":"product_cat","embeddable":true,"href":"https:\/\/stage.shop-cellularswiss.ch\/de\/wp-json\/wp\/v2\/product_cat?post=51619"},{"taxonomy":"product_tag","embeddable":true,"href":"https:\/\/stage.shop-cellularswiss.ch\/de\/wp-json\/wp\/v2\/product_tag?post=51619"},{"taxonomy":"compatibilite","embeddable":true,"href":"https:\/\/stage.shop-cellularswiss.ch\/de\/wp-json\/wp\/v2\/compatibilite?post=51619"},{"taxonomy":"compatibilite_smartphone","embeddable":true,"href":"https:\/\/stage.shop-cellularswiss.ch\/de\/wp-json\/wp\/v2\/compatibilite_smartphone?post=51619"}],"curies":[{"name":"wp","href":"https:\/\/api.w.org\/{rel}","templated":true}]}}