
{"id":51626,"date":"2021-03-20T11:06:50","date_gmt":"2021-03-20T12:56:21","guid":{"rendered":"https:\/\/stage.shop-cellularswiss.ch\/produit\/color-case-iphone-8-7\/"},"modified":"2021-03-20T13:56:23","modified_gmt":"2021-03-20T12:56:23","slug":"color-case-iphone-8-7","status":"publish","type":"product","link":"https:\/\/stage.shop-cellularswiss.ch\/de\/produit\/color-case-iphone-8-7\/","title":{"rendered":"Color Case &#8211; iPhone 8\/7"},"content":{"rendered":"<p>Viel Farbe f\u00fcr dein Smartphone: bei den Color Cases handelt es sich um ultrad\u00fcnne und durchsichtige Gummih\u00fcllen mit Glanzfinish, mit denen man das Telefon mit einem Hauch an Farbe personalisieren kann. Jeder Farbton wurde so ausgesucht und umgesetzt, dass er sich perfekt an die Farbe des Smartphones anpasst und das Design unterstreicht. Entdecke alle erh\u00e4ltlichen Color Cases und sammele sie, um sie auf deinen Kleidungsstil abzustimmen.<\/p>\n","protected":false},"excerpt":{"rendered":"<p>Bunte und ultrad\u00fcnne Schutzh\u00fcllen<\/p>\n","protected":false},"featured_media":54658,"comment_status":"closed","ping_status":"closed","template":"","meta":{"_et_pb_use_builder":"","_et_pb_old_content":"","_et_gb_content_width":""},"pwb-brand":[],"product_cat":[542,559],"product_tag":[4566],"compatibilite":[],"compatibilite_smartphone":[],"brands":[],"_links":{"self":[{"href":"https:\/\/stage.shop-cellularswiss.ch\/de\/wp-json\/wp\/v2\/product\/51626"}],"collection":[{"href":"https:\/\/stage.shop-cellularswiss.ch\/de\/wp-json\/wp\/v2\/product"}],"about":[{"href":"https:\/\/stage.shop-cellularswiss.ch\/de\/wp-json\/wp\/v2\/types\/product"}],"replies":[{"embeddable":true,"href":"https:\/\/stage.shop-cellularswiss.ch\/de\/wp-json\/wp\/v2\/comments?post=51626"}],"wp:featuredmedia":[{"embeddable":true,"href":"https:\/\/stage.shop-cellularswiss.ch\/de\/wp-json\/wp\/v2\/media\/54658"}],"wp:attachment":[{"href":"https:\/\/stage.shop-cellularswiss.ch\/de\/wp-json\/wp\/v2\/media?parent=51626"}],"wp:term":[{"taxonomy":"pwb-brand","embeddable":true,"href":"https:\/\/stage.shop-cellularswiss.ch\/de\/wp-json\/wp\/v2\/pwb-brand?post=51626"},{"taxonomy":"product_cat","embeddable":true,"href":"https:\/\/stage.shop-cellularswiss.ch\/de\/wp-json\/wp\/v2\/product_cat?post=51626"},{"taxonomy":"product_tag","embeddable":true,"href":"https:\/\/stage.shop-cellularswiss.ch\/de\/wp-json\/wp\/v2\/product_tag?post=51626"},{"taxonomy":"compatibilite","embeddable":true,"href":"https:\/\/stage.shop-cellularswiss.ch\/de\/wp-json\/wp\/v2\/compatibilite?post=51626"},{"taxonomy":"compatibilite_smartphone","embeddable":true,"href":"https:\/\/stage.shop-cellularswiss.ch\/de\/wp-json\/wp\/v2\/compatibilite_smartphone?post=51626"}],"curies":[{"name":"wp","href":"https:\/\/api.w.org\/{rel}","templated":true}]}}